{"id":9952,"date":"2023-11-15T10:48:04","date_gmt":"2023-11-15T09:48:04","guid":{"rendered":"https:\/\/manosinkietas.com\/?post_type=product&#038;p=9952"},"modified":"2023-11-15T10:58:20","modified_gmt":"2023-11-15T09:58:20","slug":"cuenta-atras-interactivo-dias-para-navidad","status":"publish","type":"product","link":"https:\/\/manosinkietas.com\/en\/product\/cuenta-atras-interactivo-dias-para-navidad\/","title":{"rendered":"Cuenta Atr\u00e1s Interactivo D\u00edas para Navidad"},"content":{"rendered":"<p>Hermoso y original cuenta atr\u00e1s interactivo para la Navidad. Puedes personalizar la pieza cuenta atr\u00e1s con un mensaje o el nombre de la persona o familia a quien vas a regalar. Perfecto para divertirte junto a los m\u00e1s peque\u00f1os y hacer la cuenta regresiva de los d\u00edas que faltan para Navidad. Incluye los n\u00fameros del 1 al 25 que vas a ir cambiando en la pieza, ya que es interactiva. <\/p>\n<p>Medidas:<\/p>\n<p>9 cm de di\u00e1metro<\/p>\n<p>*****************************************<\/p>\n<p>Por favor, preg\u00fantanos si tienes alguna duda acerca de nuestros productos. Estamos felices de atenderte.<\/p>\n<p>Recordatorio: esta es una peque\u00f1a tienda de emprendedores y el tiempo invertido en crear nuestras piezas \u00fanicas tambi\u00e9n tiene valor.<\/p>\n<p>\u00bfTe gustan nuestros productos? Echa un vistazo a la tienda:<\/p>","protected":false},"excerpt":{"rendered":"<p>Hermoso y original cuenta atr\u00e1s interactivo para la Navidad. <\/p>","protected":false},"featured_media":9955,"comment_status":"open","ping_status":"closed","template":"","meta":{"_acf_changed":false},"product_brand":[],"product_cat":[704],"product_tag":[450,637,974,49,789,972,973,69,976,975,155,451,156,270,772,961],"filtro_producto":[],"class_list":{"0":"post-9952","1":"product","2":"type-product","3":"status-publish","4":"has-post-thumbnail","6":"product_cat-adornos-de-navidad","7":"product_tag-ano-nuevo","8":"product_tag-bola-de-navidad","9":"product_tag-bola-de-navidad-interactiva","10":"product_tag-corte-laser","11":"product_tag-cuenta-atras","12":"product_tag-cuenta-regresiva","13":"product_tag-faltan-dias-para-navidad","14":"product_tag-grabado-laser","15":"product_tag-interactiva","16":"product_tag-interactivo","17":"product_tag-navidad","18":"product_tag-regalo","19":"product_tag-regalo-de-navidad","20":"product_tag-regalos","21":"product_tag-regalos-de-navidad","22":"product_tag-reyes","23":"product_shipping_class-cc","25":"first","26":"instock","27":"featured","28":"taxable","29":"shipping-taxable","30":"purchasable","31":"product-type-simple"},"acf":[],"aioseo_notices":[],"_links":{"self":[{"href":"https:\/\/manosinkietas.com\/en\/wp-json\/wp\/v2\/product\/9952","targetHints":{"allow":["GET"]}}],"collection":[{"href":"https:\/\/manosinkietas.com\/en\/wp-json\/wp\/v2\/product"}],"about":[{"href":"https:\/\/manosinkietas.com\/en\/wp-json\/wp\/v2\/types\/product"}],"replies":[{"embeddable":true,"href":"https:\/\/manosinkietas.com\/en\/wp-json\/wp\/v2\/comments?post=9952"}],"version-history":[{"count":2,"href":"https:\/\/manosinkietas.com\/en\/wp-json\/wp\/v2\/product\/9952\/revisions"}],"predecessor-version":[{"id":9958,"href":"https:\/\/manosinkietas.com\/en\/wp-json\/wp\/v2\/product\/9952\/revisions\/9958"}],"wp:featuredmedia":[{"embeddable":true,"href":"https:\/\/manosinkietas.com\/en\/wp-json\/wp\/v2\/media\/9955"}],"wp:attachment":[{"href":"https:\/\/manosinkietas.com\/en\/wp-json\/wp\/v2\/media?parent=9952"}],"wp:term":[{"taxonomy":"product_brand","embeddable":true,"href":"https:\/\/manosinkietas.com\/en\/wp-json\/wp\/v2\/product_brand?post=9952"},{"taxonomy":"product_cat","embeddable":true,"href":"https:\/\/manosinkietas.com\/en\/wp-json\/wp\/v2\/product_cat?post=9952"},{"taxonomy":"product_tag","embeddable":true,"href":"https:\/\/manosinkietas.com\/en\/wp-json\/wp\/v2\/product_tag?post=9952"},{"taxonomy":"filtro_producto","embeddable":true,"href":"https:\/\/manosinkietas.com\/en\/wp-json\/wp\/v2\/filtro_producto?post=9952"}],"curies":[{"name":"wp","href":"https:\/\/api.w.org\/{rel}","templated":true}]}}