{"id":9939,"date":"2023-11-15T10:28:54","date_gmt":"2023-11-15T09:28:54","guid":{"rendered":"https:\/\/manosinkietas.com\/?post_type=product&#038;p=9939"},"modified":"2026-03-07T08:15:52","modified_gmt":"2026-03-07T07:15:52","slug":"sobre-de-madera-carta-papa-noel-reyes-magos","status":"publish","type":"product","link":"https:\/\/manosinkietas.com\/en\/product\/sobre-de-madera-carta-papa-noel-reyes-magos\/","title":{"rendered":"Sobre de Madera para Cartas Pap\u00e1 Noel y Reyes Magos"},"content":{"rendered":"<p>Hermosos y originales sobres de madera para las cartas dirigidas a Pap\u00e1 Noel o los Reyes Magos. Perfecto para guardar la carta que escriba tu peque\u00f1o. Tienes 2 modelos a elegir, el de Pap\u00e1 Noel o el de los Reyes Magos y adem\u00e1s lo puedes personalizar con el nombre de tu peque. Tiene un sello de metacilato glitter rojo que lo hace a\u00fan m\u00e1s hermoso. <\/p>\n<p>Medidas:<\/p>\n<p>ALTO: 16 cm<br \/>\nANCHO: 14 cm<br \/>\nPROFUNDIDAD: 0.9 cm<\/p>\n<p>*****************************************<\/p>\n<p>Por favor, preg\u00fantanos si tienes alguna duda acerca de nuestros productos. Estamos felices de atenderte.<\/p>\n<p>Recordatorio: esta es una peque\u00f1a tienda de emprendedores y el tiempo invertido en crear nuestras piezas \u00fanicas tambi\u00e9n tiene valor.<\/p>\n<p>\u00bfTe gustan nuestros productos? Echa un vistazo a la tienda:<\/p>","protected":false},"excerpt":{"rendered":"<p>Hermosos y originales sobres de madera para las cartas dirigidas a Pap\u00e1 Noel o los Reyes Magos. <\/p>","protected":false},"featured_media":9948,"comment_status":"open","ping_status":"closed","template":"","meta":{"_acf_changed":false},"product_brand":[],"product_cat":[704],"product_tag":[450,968,967,49,962,69,786,451,156,270,772,961,449,969,971,970,964,965,966],"filtro_producto":[],"class_list":{"0":"post-9939","1":"product","2":"type-product","3":"status-publish","4":"has-post-thumbnail","6":"product_cat-adornos-de-navidad","7":"product_tag-ano-nuevo","8":"product_tag-carta-a-los-reyes-magos","9":"product_tag-carta-a-papa-noel","10":"product_tag-corte-laser","11":"product_tag-dia-de-reyes","12":"product_tag-grabado-laser","13":"product_tag-papa-noel","14":"product_tag-regalo","15":"product_tag-regalo-de-navidad","16":"product_tag-regalos","17":"product_tag-regalos-de-navidad","18":"product_tag-reyes","19":"product_tag-reyes-magos","20":"product_tag-samta","21":"product_tag-san-nicolas","22":"product_tag-santa-claus","23":"product_tag-sobre","24":"product_tag-sobre-de-madera","25":"product_tag-sobre-para-cartas","26":"product_shipping_class-cc","28":"first","29":"instock","30":"featured","31":"taxable","32":"shipping-taxable","33":"purchasable","34":"product-type-variable"},"acf":[],"aioseo_notices":[],"_links":{"self":[{"href":"https:\/\/manosinkietas.com\/en\/wp-json\/wp\/v2\/product\/9939","targetHints":{"allow":["GET"]}}],"collection":[{"href":"https:\/\/manosinkietas.com\/en\/wp-json\/wp\/v2\/product"}],"about":[{"href":"https:\/\/manosinkietas.com\/en\/wp-json\/wp\/v2\/types\/product"}],"replies":[{"embeddable":true,"href":"https:\/\/manosinkietas.com\/en\/wp-json\/wp\/v2\/comments?post=9939"}],"version-history":[{"count":1,"href":"https:\/\/manosinkietas.com\/en\/wp-json\/wp\/v2\/product\/9939\/revisions"}],"predecessor-version":[{"id":9951,"href":"https:\/\/manosinkietas.com\/en\/wp-json\/wp\/v2\/product\/9939\/revisions\/9951"}],"wp:featuredmedia":[{"embeddable":true,"href":"https:\/\/manosinkietas.com\/en\/wp-json\/wp\/v2\/media\/9948"}],"wp:attachment":[{"href":"https:\/\/manosinkietas.com\/en\/wp-json\/wp\/v2\/media?parent=9939"}],"wp:term":[{"taxonomy":"product_brand","embeddable":true,"href":"https:\/\/manosinkietas.com\/en\/wp-json\/wp\/v2\/product_brand?post=9939"},{"taxonomy":"product_cat","embeddable":true,"href":"https:\/\/manosinkietas.com\/en\/wp-json\/wp\/v2\/product_cat?post=9939"},{"taxonomy":"product_tag","embeddable":true,"href":"https:\/\/manosinkietas.com\/en\/wp-json\/wp\/v2\/product_tag?post=9939"},{"taxonomy":"filtro_producto","embeddable":true,"href":"https:\/\/manosinkietas.com\/en\/wp-json\/wp\/v2\/filtro_producto?post=9939"}],"curies":[{"name":"wp","href":"https:\/\/api.w.org\/{rel}","templated":true}]}}