{"id":9892,"date":"2023-11-06T23:11:09","date_gmt":"2023-11-06T22:11:09","guid":{"rendered":"https:\/\/manosinkietas.com\/?post_type=product&#038;p=9892"},"modified":"2026-03-31T19:50:20","modified_gmt":"2026-03-31T17:50:20","slug":"cajita-para-tarjetas-regalo","status":"publish","type":"product","link":"https:\/\/manosinkietas.com\/en\/product\/cajita-para-tarjetas-regalo\/","title":{"rendered":"Cajita Para Tarjetas Regalo"},"content":{"rendered":"<p>Hermosa y original cajita de madera para tarjetas regalo. Puedes personalizar la caja con un mensaje o el nombre de la persona a quien vas a regalar. Perfecto para guardar tarjetas regalo de cualquier tipo o billetes.<\/p>\n<p>Medidas:<\/p>\n<p>ALTO: 16,7cm<br \/>\nANCHO: 7,1cm<\/p>\n<p>La cajita es apta para las dimensiones de cualquier tarjeta regalo (Amazon, PS5&#8230;)<\/p>\n<p>*****************************************<\/p>\n<p>Por favor, preg\u00fantanos si tienes alguna duda acerca de nuestros productos. Estamos felices de atenderte.<\/p>\n<p>Recordatorio: esta es una peque\u00f1a tienda de emprendedores y el tiempo invertido en crear nuestras piezas \u00fanicas tambi\u00e9n tiene valor.<\/p>\n<p>\u00bfTe gustan nuestros productos? Echa un vistazo a la tienda:<\/p>","protected":false},"excerpt":{"rendered":"<p>Hermosa y original cajita de madera para tarjetas regalo.<\/p>","protected":false},"featured_media":9893,"comment_status":"open","ping_status":"closed","template":"","meta":{"_acf_changed":false},"product_brand":[],"product_cat":[793],"product_tag":[450,481,238,963,957,956,49,962,69,451,156,270,772,961,959,960,958],"filtro_producto":[],"class_list":{"0":"post-9892","1":"product","2":"type-product","3":"status-publish","4":"has-post-thumbnail","6":"product_cat-cajitas","7":"product_tag-ano-nuevo","8":"product_tag-caja","9":"product_tag-caja-de-madera","10":"product_tag-caja-para-billetes","11":"product_tag-caja-para-tarjetas-regalo","12":"product_tag-cajita","13":"product_tag-corte-laser","14":"product_tag-dia-de-reyes","15":"product_tag-grabado-laser","16":"product_tag-regalo","17":"product_tag-regalo-de-navidad","18":"product_tag-regalos","19":"product_tag-regalos-de-navidad","20":"product_tag-reyes","21":"product_tag-tarjeta-regalo","22":"product_tag-tarjeta-regalo-de-navidad","23":"product_tag-tarjetas-regalo","24":"product_shipping_class-cc","26":"first","27":"instock","28":"featured","29":"taxable","30":"shipping-taxable","31":"purchasable","32":"product-type-simple"},"acf":[],"aioseo_notices":[],"_links":{"self":[{"href":"https:\/\/manosinkietas.com\/en\/wp-json\/wp\/v2\/product\/9892","targetHints":{"allow":["GET"]}}],"collection":[{"href":"https:\/\/manosinkietas.com\/en\/wp-json\/wp\/v2\/product"}],"about":[{"href":"https:\/\/manosinkietas.com\/en\/wp-json\/wp\/v2\/types\/product"}],"replies":[{"embeddable":true,"href":"https:\/\/manosinkietas.com\/en\/wp-json\/wp\/v2\/comments?post=9892"}],"version-history":[{"count":3,"href":"https:\/\/manosinkietas.com\/en\/wp-json\/wp\/v2\/product\/9892\/revisions"}],"predecessor-version":[{"id":12656,"href":"https:\/\/manosinkietas.com\/en\/wp-json\/wp\/v2\/product\/9892\/revisions\/12656"}],"wp:featuredmedia":[{"embeddable":true,"href":"https:\/\/manosinkietas.com\/en\/wp-json\/wp\/v2\/media\/9893"}],"wp:attachment":[{"href":"https:\/\/manosinkietas.com\/en\/wp-json\/wp\/v2\/media?parent=9892"}],"wp:term":[{"taxonomy":"product_brand","embeddable":true,"href":"https:\/\/manosinkietas.com\/en\/wp-json\/wp\/v2\/product_brand?post=9892"},{"taxonomy":"product_cat","embeddable":true,"href":"https:\/\/manosinkietas.com\/en\/wp-json\/wp\/v2\/product_cat?post=9892"},{"taxonomy":"product_tag","embeddable":true,"href":"https:\/\/manosinkietas.com\/en\/wp-json\/wp\/v2\/product_tag?post=9892"},{"taxonomy":"filtro_producto","embeddable":true,"href":"https:\/\/manosinkietas.com\/en\/wp-json\/wp\/v2\/filtro_producto?post=9892"}],"curies":[{"name":"wp","href":"https:\/\/api.w.org\/{rel}","templated":true}]}}