{"id":9803,"date":"2023-10-17T09:10:27","date_gmt":"2023-10-17T07:10:27","guid":{"rendered":"https:\/\/manosinkietas.com\/?post_type=product&#038;p=9803"},"modified":"2023-10-17T09:27:59","modified_gmt":"2023-10-17T07:27:59","slug":"mapa-de-corcho-grabado","status":"publish","type":"product","link":"https:\/\/manosinkietas.com\/en\/product\/mapa-de-corcho-grabado\/","title":{"rendered":"Mapa de Corcho Grabado"},"content":{"rendered":"<p>Espectacular mapamundi de corcho grabado a l\u00e1ser.<\/p>\n<p>Este espectacular mapa est\u00e1 compuesto por 2 piezas de corcho grabado y es ideal para que coloques chinchetas en los lugares que has visitado y los sitios a los que has viajado.<\/p>\n<p>**NO INCLUYE CHINCHETAS**<\/p>\n<p>Medidas: <\/p>\n<p>2 l\u00e1minas de corcho de 3mm de grosor de 40cm x 30cm<\/p>\n<p>*****************************************<\/p>\n<p>Por favor, preg\u00fantanos si tienes alguna duda acerca de nuestros productos. Estamos felices de atenderte. Recordatorio: esta es una peque\u00f1a tienda de emprendedores y el tiempo invertido en crear nuestras piezas \u00fanicas tambi\u00e9n tiene valor. \u00bfTe gustan nuestros productos? Echa un vistazo a la tienda:<\/p>","protected":false},"excerpt":{"rendered":"<p>Espectacular mapamundi de corcho grabado a l\u00e1ser.<\/p>","protected":false},"featured_media":9804,"comment_status":"open","ping_status":"closed","template":"","meta":{"_acf_changed":false},"product_brand":[],"product_cat":[133],"product_tag":[945,948,942,524,49,946,69,940,941,949,947,944,950,951,943],"filtro_producto":[],"class_list":{"0":"post-9803","1":"product","2":"type-product","3":"status-publish","4":"has-post-thumbnail","6":"product_cat-decoracion","7":"product_tag-aventura","8":"product_tag-chinchetas","9":"product_tag-ciudades","10":"product_tag-corcho","11":"product_tag-corte-laser","12":"product_tag-globetrotter","13":"product_tag-grabado-laser","14":"product_tag-mapa","15":"product_tag-mapamundi","16":"product_tag-paises","17":"product_tag-trotamundos","18":"product_tag-turismo","19":"product_tag-viaje","20":"product_tag-viajeros","21":"product_tag-viajes","22":"product_shipping_class-cc","24":"first","25":"instock","26":"taxable","27":"shipping-taxable","28":"purchasable","29":"product-type-simple"},"acf":[],"aioseo_notices":[],"_links":{"self":[{"href":"https:\/\/manosinkietas.com\/en\/wp-json\/wp\/v2\/product\/9803","targetHints":{"allow":["GET"]}}],"collection":[{"href":"https:\/\/manosinkietas.com\/en\/wp-json\/wp\/v2\/product"}],"about":[{"href":"https:\/\/manosinkietas.com\/en\/wp-json\/wp\/v2\/types\/product"}],"replies":[{"embeddable":true,"href":"https:\/\/manosinkietas.com\/en\/wp-json\/wp\/v2\/comments?post=9803"}],"version-history":[{"count":2,"href":"https:\/\/manosinkietas.com\/en\/wp-json\/wp\/v2\/product\/9803\/revisions"}],"predecessor-version":[{"id":9808,"href":"https:\/\/manosinkietas.com\/en\/wp-json\/wp\/v2\/product\/9803\/revisions\/9808"}],"wp:featuredmedia":[{"embeddable":true,"href":"https:\/\/manosinkietas.com\/en\/wp-json\/wp\/v2\/media\/9804"}],"wp:attachment":[{"href":"https:\/\/manosinkietas.com\/en\/wp-json\/wp\/v2\/media?parent=9803"}],"wp:term":[{"taxonomy":"product_brand","embeddable":true,"href":"https:\/\/manosinkietas.com\/en\/wp-json\/wp\/v2\/product_brand?post=9803"},{"taxonomy":"product_cat","embeddable":true,"href":"https:\/\/manosinkietas.com\/en\/wp-json\/wp\/v2\/product_cat?post=9803"},{"taxonomy":"product_tag","embeddable":true,"href":"https:\/\/manosinkietas.com\/en\/wp-json\/wp\/v2\/product_tag?post=9803"},{"taxonomy":"filtro_producto","embeddable":true,"href":"https:\/\/manosinkietas.com\/en\/wp-json\/wp\/v2\/filtro_producto?post=9803"}],"curies":[{"name":"wp","href":"https:\/\/api.w.org\/{rel}","templated":true}]}}