{"id":9771,"date":"2023-10-16T22:06:04","date_gmt":"2023-10-16T20:06:04","guid":{"rendered":"https:\/\/manosinkietas.com\/?post_type=product&#038;p=9771"},"modified":"2023-10-29T23:12:40","modified_gmt":"2023-10-29T22:12:40","slug":"pendientes-de-metacrilato-transparente-halloween","status":"publish","type":"product","link":"https:\/\/manosinkietas.com\/en\/product\/pendientes-de-metacrilato-transparente-halloween\/","title":{"rendered":"Pendientes de Metacrilato Transparente Halloween"},"content":{"rendered":"<p>Hermosos y originales pendientes de metacrilato transparente con motivos de Halloween.<\/p>\n<p>Nuestra colecci\u00f3n de pendientes se inspira en la popular fiesta que ha traspasado fronteras. <\/p>\n<p>Tienes diferentes modelos a elegir entre gatos, murci\u00e9lagos, calabazas, fantasmas y botellas de pociones. <\/p>\n<p>Cada pieza ha sido elaborada a corte y grabado l\u00e1ser, metacrilato transparente y colgantes de acero quir\u00fargico.<\/p>\n<p>MEDIDAS aproximadas: 3cm de largo<\/p>\n<p>*****************************************<\/p>\n<p>Por favor, preg\u00fantanos si tienes alguna duda acerca de nuestros productos. Estamos felices de atenderte.<\/p>\n<p>Recordatorio: esta es una peque\u00f1a tienda de emprendedores y el tiempo invertido en crear nuestras piezas \u00fanicas tambi\u00e9n tiene valor.<\/p>\n<p>\u00bfTe gustan nuestros productos? Echa un vistazo a la tienda:<\/p>","protected":false},"excerpt":{"rendered":"<p>Hermosos y originales pendientes de metacrilato transparente con motivos de Halloween.<\/p>","protected":false},"featured_media":9791,"comment_status":"open","ping_status":"closed","template":"","meta":{"_acf_changed":false},"product_brand":[],"product_cat":[116],"product_tag":[131,937,49,463,936,935,69,195,132,938,197,117,119,934,939,928],"filtro_producto":[],"class_list":{"0":"post-9771","1":"product","2":"type-product","3":"status-publish","4":"has-post-thumbnail","6":"product_cat-bisuteria","7":"product_tag-bisuteria","8":"product_tag-calabaza","9":"product_tag-corte-laser","10":"product_tag-dia-de-los-muertos","11":"product_tag-fantasma","12":"product_tag-gato-negro","13":"product_tag-grabado-laser","14":"product_tag-halloween","15":"product_tag-joyeria","16":"product_tag-murcielago","17":"product_tag-noche-de-brujas","18":"product_tag-pendientes","19":"product_tag-pendientes-de-corte-laser","20":"product_tag-pendientes-de-metacrilato","21":"product_tag-pocion-magica","22":"product_tag-samain","23":"product_shipping_class-cc","25":"first","26":"instock","27":"featured","28":"taxable","29":"shipping-taxable","30":"purchasable","31":"product-type-variable"},"acf":[],"aioseo_notices":[],"_links":{"self":[{"href":"https:\/\/manosinkietas.com\/en\/wp-json\/wp\/v2\/product\/9771","targetHints":{"allow":["GET"]}}],"collection":[{"href":"https:\/\/manosinkietas.com\/en\/wp-json\/wp\/v2\/product"}],"about":[{"href":"https:\/\/manosinkietas.com\/en\/wp-json\/wp\/v2\/types\/product"}],"replies":[{"embeddable":true,"href":"https:\/\/manosinkietas.com\/en\/wp-json\/wp\/v2\/comments?post=9771"}],"version-history":[{"count":4,"href":"https:\/\/manosinkietas.com\/en\/wp-json\/wp\/v2\/product\/9771\/revisions"}],"predecessor-version":[{"id":9800,"href":"https:\/\/manosinkietas.com\/en\/wp-json\/wp\/v2\/product\/9771\/revisions\/9800"}],"wp:featuredmedia":[{"embeddable":true,"href":"https:\/\/manosinkietas.com\/en\/wp-json\/wp\/v2\/media\/9791"}],"wp:attachment":[{"href":"https:\/\/manosinkietas.com\/en\/wp-json\/wp\/v2\/media?parent=9771"}],"wp:term":[{"taxonomy":"product_brand","embeddable":true,"href":"https:\/\/manosinkietas.com\/en\/wp-json\/wp\/v2\/product_brand?post=9771"},{"taxonomy":"product_cat","embeddable":true,"href":"https:\/\/manosinkietas.com\/en\/wp-json\/wp\/v2\/product_cat?post=9771"},{"taxonomy":"product_tag","embeddable":true,"href":"https:\/\/manosinkietas.com\/en\/wp-json\/wp\/v2\/product_tag?post=9771"},{"taxonomy":"filtro_producto","embeddable":true,"href":"https:\/\/manosinkietas.com\/en\/wp-json\/wp\/v2\/filtro_producto?post=9771"}],"curies":[{"name":"wp","href":"https:\/\/api.w.org\/{rel}","templated":true}]}}