{"id":9760,"date":"2023-10-16T21:50:54","date_gmt":"2023-10-16T19:50:54","guid":{"rendered":"https:\/\/manosinkietas.com\/?post_type=product&#038;p=9760"},"modified":"2024-10-28T02:50:04","modified_gmt":"2024-10-28T01:50:04","slug":"cajas-madera-calabazas-halloween","status":"publish","type":"product","link":"https:\/\/manosinkietas.com\/en\/product\/cajas-madera-calabazas-halloween\/","title":{"rendered":"Cajas de Madera en Forma de Calabazas Halloween"},"content":{"rendered":"<p>Originales cajas de madera con rostros de calabazas de Halloween.<\/p>\n<p>Perfectas para llenarlas de dulces, golosinas y chuches en Halloween. La cara de calabazas est\u00e1 abierta, as\u00ed que puedes colocar una vela LED dentro de ella y sirve como Jack&#8217;O Lantern. <\/p>\n<p>Decora de Halloween con estas hermosas cajitas. <\/p>\n<p>MEDIDAS<\/p>\n<p>10cm x 10cm<\/p>\n<p>*****************************************<\/p>\n<p>Por favor, preg\u00fantanos si tienes alguna duda acerca de nuestros productos. Estamos felices de atenderte.<\/p>\n<p>Recordatorio: esta es una peque\u00f1a tienda de emprendedores y el tiempo invertido en crear nuestras piezas \u00fanicas tambi\u00e9n tiene valor.<\/p>\n<p>\u00bfTe gustan nuestros productos? Echa un vistazo a la tienda:<\/p>","protected":false},"excerpt":{"rendered":"<p>Originales cajas de madera con rostros de calabazas de Halloween.<\/p>","protected":false},"featured_media":9768,"comment_status":"open","ping_status":"closed","template":"","meta":{"_acf_changed":false},"product_brand":[],"product_cat":[702],"product_tag":[930,691,931,932,929,49,463,69,195,933,196,197,928],"filtro_producto":[],"class_list":{"0":"post-9760","1":"product","2":"type-product","3":"status-publish","4":"has-post-thumbnail","6":"product_cat-tematico","7":"product_tag-cajas-de-halloween","8":"product_tag-cajas-para-chuches","9":"product_tag-cajas-para-dulces","10":"product_tag-cajas-para-golosinas","11":"product_tag-calabazas","12":"product_tag-corte-laser","13":"product_tag-dia-de-los-muertos","14":"product_tag-grabado-laser","15":"product_tag-halloween","16":"product_tag-jack-o-lantern","17":"product_tag-madera","18":"product_tag-noche-de-brujas","19":"product_tag-samain","20":"product_shipping_class-cc","22":"first","23":"instock","24":"taxable","25":"shipping-taxable","26":"purchasable","27":"product-type-variable"},"acf":[],"aioseo_notices":[],"_links":{"self":[{"href":"https:\/\/manosinkietas.com\/en\/wp-json\/wp\/v2\/product\/9760","targetHints":{"allow":["GET"]}}],"collection":[{"href":"https:\/\/manosinkietas.com\/en\/wp-json\/wp\/v2\/product"}],"about":[{"href":"https:\/\/manosinkietas.com\/en\/wp-json\/wp\/v2\/types\/product"}],"replies":[{"embeddable":true,"href":"https:\/\/manosinkietas.com\/en\/wp-json\/wp\/v2\/comments?post=9760"}],"version-history":[{"count":1,"href":"https:\/\/manosinkietas.com\/en\/wp-json\/wp\/v2\/product\/9760\/revisions"}],"predecessor-version":[{"id":9770,"href":"https:\/\/manosinkietas.com\/en\/wp-json\/wp\/v2\/product\/9760\/revisions\/9770"}],"wp:featuredmedia":[{"embeddable":true,"href":"https:\/\/manosinkietas.com\/en\/wp-json\/wp\/v2\/media\/9768"}],"wp:attachment":[{"href":"https:\/\/manosinkietas.com\/en\/wp-json\/wp\/v2\/media?parent=9760"}],"wp:term":[{"taxonomy":"product_brand","embeddable":true,"href":"https:\/\/manosinkietas.com\/en\/wp-json\/wp\/v2\/product_brand?post=9760"},{"taxonomy":"product_cat","embeddable":true,"href":"https:\/\/manosinkietas.com\/en\/wp-json\/wp\/v2\/product_cat?post=9760"},{"taxonomy":"product_tag","embeddable":true,"href":"https:\/\/manosinkietas.com\/en\/wp-json\/wp\/v2\/product_tag?post=9760"},{"taxonomy":"filtro_producto","embeddable":true,"href":"https:\/\/manosinkietas.com\/en\/wp-json\/wp\/v2\/filtro_producto?post=9760"}],"curies":[{"name":"wp","href":"https:\/\/api.w.org\/{rel}","templated":true}]}}