{"id":9748,"date":"2023-10-13T22:48:53","date_gmt":"2023-10-13T20:48:53","guid":{"rendered":"https:\/\/manosinkietas.com\/?post_type=product&#038;p=9748"},"modified":"2026-03-31T18:45:40","modified_gmt":"2026-03-31T16:45:40","slug":"lamparas-de-metacrilato-con-base-madera-para-personalizar","status":"publish","type":"product","link":"https:\/\/manosinkietas.com\/en\/product\/lamparas-de-metacrilato-con-base-madera-para-personalizar\/","title":{"rendered":"L\u00e1mparas de Metacrilato con Base de Madera Para Personalizar"},"content":{"rendered":"<p>Preciosas l\u00e1mparas de metacrilato transparente con base de madera para personalizar.<\/p>\n<p>Estas bonitas l\u00e1mparas son elaboradas en metacrilato transparente de 3mm. El dise\u00f1o una pieza de metacrilato transparente con grabado l\u00e1ser que podemos personalizar a tu gusto (con frases o un nombre). Adem\u00e1s, tambi\u00e9n podemos grabar la base de madera (que tiene luz LED) e incluir un texto, una fecha o lo que desees. Ideales como detalle para muchas ocasiones especiales. Las l\u00e1mparas personalizadas incluyen enchufe.<\/p>\n<p>Medidas de la placa de metacrilato transparente:<\/p>\n<p>Alto: 150mm<br \/>\nAncho: 110mm<\/p>\n<p>Medidas de la base de madera:<\/p>\n<p>Alto: 15mm<br \/>\nAncho: 110mm<\/p>\n<p>*****************************************<\/p>\n<p>Por favor, preg\u00fantanos si tienes alguna duda acerca de nuestros productos. Estamos felices de atenderte. Recordatorio: esta es una peque\u00f1a tienda de emprendedores y el tiempo invertido en crear nuestras piezas \u00fanicas tambi\u00e9n tiene valor. \u00bfTe gustan nuestros productos? Echa un vistazo a la tienda:<\/p>","protected":false},"excerpt":{"rendered":"<p>Preciosas l\u00e1mparas de metacrilato transparente con base de madera para personalizar.<\/p>","protected":false},"featured_media":12276,"comment_status":"open","ping_status":"closed","template":"","meta":{"_acf_changed":false},"product_brand":[],"product_cat":[250],"product_tag":[258,927,770,49,668,754,538,536,69,922,926,925,924,923,196,48,548,259,817,815,239],"filtro_producto":[],"class_list":{"0":"post-9748","1":"product","2":"type-product","3":"status-publish","4":"has-post-thumbnail","6":"product_cat-bebes","7":"product_tag-baby-shower","8":"product_tag-bautizo","9":"product_tag-bebes","10":"product_tag-corte-laser","11":"product_tag-detalles","12":"product_tag-detalles-personalizados","13":"product_tag-eventos","14":"product_tag-fiestas","15":"product_tag-grabado-laser","16":"product_tag-lampara","17":"product_tag-lampara-para-bebes","18":"product_tag-lampara-para-ninos","19":"product_tag-lampara-quitamiedos","20":"product_tag-lamparas","21":"product_tag-madera","22":"product_tag-metacrilato","23":"product_tag-recuerdos-para-eventos","24":"product_tag-regalo-para-baby-shower","25":"product_tag-regalos-para-bautizos","26":"product_tag-regalos-para-eventos","27":"product_tag-regalos-personalizados","28":"product_shipping_class-cc","30":"first","31":"instock","32":"taxable","33":"shipping-taxable","34":"purchasable","35":"product-type-variable"},"acf":[],"aioseo_notices":[],"_links":{"self":[{"href":"https:\/\/manosinkietas.com\/en\/wp-json\/wp\/v2\/product\/9748","targetHints":{"allow":["GET"]}}],"collection":[{"href":"https:\/\/manosinkietas.com\/en\/wp-json\/wp\/v2\/product"}],"about":[{"href":"https:\/\/manosinkietas.com\/en\/wp-json\/wp\/v2\/types\/product"}],"replies":[{"embeddable":true,"href":"https:\/\/manosinkietas.com\/en\/wp-json\/wp\/v2\/comments?post=9748"}],"version-history":[{"count":2,"href":"https:\/\/manosinkietas.com\/en\/wp-json\/wp\/v2\/product\/9748\/revisions"}],"predecessor-version":[{"id":12285,"href":"https:\/\/manosinkietas.com\/en\/wp-json\/wp\/v2\/product\/9748\/revisions\/12285"}],"wp:featuredmedia":[{"embeddable":true,"href":"https:\/\/manosinkietas.com\/en\/wp-json\/wp\/v2\/media\/12276"}],"wp:attachment":[{"href":"https:\/\/manosinkietas.com\/en\/wp-json\/wp\/v2\/media?parent=9748"}],"wp:term":[{"taxonomy":"product_brand","embeddable":true,"href":"https:\/\/manosinkietas.com\/en\/wp-json\/wp\/v2\/product_brand?post=9748"},{"taxonomy":"product_cat","embeddable":true,"href":"https:\/\/manosinkietas.com\/en\/wp-json\/wp\/v2\/product_cat?post=9748"},{"taxonomy":"product_tag","embeddable":true,"href":"https:\/\/manosinkietas.com\/en\/wp-json\/wp\/v2\/product_tag?post=9748"},{"taxonomy":"filtro_producto","embeddable":true,"href":"https:\/\/manosinkietas.com\/en\/wp-json\/wp\/v2\/filtro_producto?post=9748"}],"curies":[{"name":"wp","href":"https:\/\/api.w.org\/{rel}","templated":true}]}}