{"id":9738,"date":"2023-10-11T21:53:49","date_gmt":"2023-10-11T19:53:49","guid":{"rendered":"https:\/\/manosinkietas.com\/?post_type=product&#038;p=9738"},"modified":"2025-04-04T11:11:13","modified_gmt":"2025-04-04T09:11:13","slug":"placas-de-madera-con-pinza-foto-sois-los-siguientes","status":"publish","type":"product","link":"https:\/\/manosinkietas.com\/en\/product\/placas-de-madera-con-pinza-foto-sois-los-siguientes\/","title":{"rendered":"Placas de Madera con Pinza para Fotos Bodas"},"content":{"rendered":"<p>Preciosas plaquitas de madera rectangular con pinza.<\/p>\n<p>Estas bonitas placas son elaboradas en madera contrachapado de 3mm. El dise\u00f1o es grabado a l\u00e1ser y lo podemos personalizar a tu gusto. Ideal para amenizar una boda como detalle para futuras parejas que se van a casar o como detalle de parte de los novios. Cuenta con una base para exhibir la pieza.<\/p>\n<p>Puedes pedirlas con cinta de terciopelo.<\/p>\n<p>Medidas:<\/p>\n<p>Alto: 16cm<br \/>\nAncho: 21cm<\/p>\n<p>*****************************************<\/p>\n<p>Por favor, preg\u00fantanos si tienes alguna duda acerca de nuestros productos. Estamos felices de atenderte. Recordatorio: esta es una peque\u00f1a tienda de emprendedores y el tiempo invertido en crear nuestras piezas \u00fanicas tambi\u00e9n tiene valor. \u00bfTe gustan nuestros productos? Echa un vistazo a la tienda:<\/p>","protected":false},"excerpt":{"rendered":"<p>Preciosas plaquitas de madera rectangular con pinza &#8220;Sois los siguientes&#8221;.<\/p>","protected":false},"featured_media":9741,"comment_status":"open","ping_status":"closed","template":"","meta":{"_acf_changed":false},"product_brand":[],"product_cat":[36,701],"product_tag":[874,550,49,878,877,538,921,457,69,196,48,875,876,222,881,884,882,885,548,816,815,883],"filtro_producto":[],"class_list":{"0":"post-9738","1":"product","2":"type-product","3":"status-publish","4":"has-post-thumbnail","6":"product_cat-celebracion","7":"product_cat-placas-personalizadas","8":"product_tag-boda","9":"product_tag-bodas","10":"product_tag-corte-laser","11":"product_tag-detalles-para-bodas","12":"product_tag-detalles-para-novios","13":"product_tag-eventos","14":"product_tag-foto","15":"product_tag-fotografia","16":"product_tag-grabado-laser","17":"product_tag-madera","18":"product_tag-metacrilato","19":"product_tag-novia","20":"product_tag-novio","21":"product_tag-novios","22":"product_tag-placas","23":"product_tag-placas-de-boda","24":"product_tag-placas-de-madera","25":"product_tag-placas-personalizadas","26":"product_tag-recuerdos-para-eventos","27":"product_tag-regalos-para-bodas","28":"product_tag-regalos-para-eventos","29":"product_tag-sois-los-siguientes","30":"product_shipping_class-cc","32":"first","33":"instock","34":"taxable","35":"shipping-taxable","36":"purchasable","37":"product-type-simple"},"acf":[],"aioseo_notices":[],"_links":{"self":[{"href":"https:\/\/manosinkietas.com\/en\/wp-json\/wp\/v2\/product\/9738","targetHints":{"allow":["GET"]}}],"collection":[{"href":"https:\/\/manosinkietas.com\/en\/wp-json\/wp\/v2\/product"}],"about":[{"href":"https:\/\/manosinkietas.com\/en\/wp-json\/wp\/v2\/types\/product"}],"replies":[{"embeddable":true,"href":"https:\/\/manosinkietas.com\/en\/wp-json\/wp\/v2\/comments?post=9738"}],"version-history":[{"count":5,"href":"https:\/\/manosinkietas.com\/en\/wp-json\/wp\/v2\/product\/9738\/revisions"}],"predecessor-version":[{"id":11383,"href":"https:\/\/manosinkietas.com\/en\/wp-json\/wp\/v2\/product\/9738\/revisions\/11383"}],"wp:featuredmedia":[{"embeddable":true,"href":"https:\/\/manosinkietas.com\/en\/wp-json\/wp\/v2\/media\/9741"}],"wp:attachment":[{"href":"https:\/\/manosinkietas.com\/en\/wp-json\/wp\/v2\/media?parent=9738"}],"wp:term":[{"taxonomy":"product_brand","embeddable":true,"href":"https:\/\/manosinkietas.com\/en\/wp-json\/wp\/v2\/product_brand?post=9738"},{"taxonomy":"product_cat","embeddable":true,"href":"https:\/\/manosinkietas.com\/en\/wp-json\/wp\/v2\/product_cat?post=9738"},{"taxonomy":"product_tag","embeddable":true,"href":"https:\/\/manosinkietas.com\/en\/wp-json\/wp\/v2\/product_tag?post=9738"},{"taxonomy":"filtro_producto","embeddable":true,"href":"https:\/\/manosinkietas.com\/en\/wp-json\/wp\/v2\/filtro_producto?post=9738"}],"curies":[{"name":"wp","href":"https:\/\/api.w.org\/{rel}","templated":true}]}}