{"id":9633,"date":"2023-09-06T18:11:22","date_gmt":"2023-09-06T16:11:22","guid":{"rendered":"https:\/\/manosinkietas.com\/?post_type=product&#038;p=9633"},"modified":"2024-05-27T09:11:08","modified_gmt":"2024-05-27T07:11:08","slug":"mesero-bobina-cine-claqueta","status":"publish","type":"product","link":"https:\/\/manosinkietas.com\/en\/product\/mesero-bobina-cine-claqueta\/","title":{"rendered":"Meseros Para Eventos Bobina de Cine con Claqueta"},"content":{"rendered":"<p>Espectaculares meseros inspirados en la tem\u00e1tica cine para decorar e identificar las mesas de tus eventos. <\/p>\n<p>Cada pieza la pintamos a mano y las claquetas van identificadas con el n\u00famero de mesa, la pel\u00edcula y los datos del evento. <\/p>\n<p>Ideal para bodas con la tem\u00e1tica CINE, \u00a1tus mesas quedar\u00e1n espectaculares! <\/p>\n<p>Medidas:<\/p>\n<p>30 cm x 20 cm aproximadamente.<\/p>\n<p>Plazo de entrega de estas piezas: A CONSULTAR. Normalmente, de 8 a 10 d\u00edas laborables y dentro de un tiempo razonable y suficiente para su elaboraci\u00f3n. <\/p>\n<p>*****************************************<\/p>\n<p>Por favor, preg\u00fantanos si tienes alguna duda acerca de nuestros productos. Estamos felices de atenderte.<\/p>\n<p>Recordatorio: esta es una peque\u00f1a tienda de emprendedores y el tiempo invertido en crear nuestras piezas \u00fanicas tambi\u00e9n tiene valor.<\/p>\n<p>\u00bfTe gustan nuestros productos? Echa un vistazo a la tienda:<\/p>","protected":false},"excerpt":{"rendered":"<p>Espectaculares meseros inspirados en la tem\u00e1tica cine para decorar e identificar las mesas de tus eventos. <\/p>","protected":false},"featured_media":9634,"comment_status":"open","ping_status":"closed","template":"","meta":{"_acf_changed":false},"product_brand":[],"product_cat":[36,702],"product_tag":[917,914,550,916,918,49,538,69,196,912,913,220,919,920,472,72,270,490,239,915],"filtro_producto":[],"class_list":{"0":"post-9633","1":"product","2":"type-product","3":"status-publish","4":"has-post-thumbnail","6":"product_cat-celebracion","7":"product_cat-tematico","8":"product_tag-bobina-de-cine","9":"product_tag-boda-de-cine","10":"product_tag-bodas","11":"product_tag-cine","12":"product_tag-claqueta-de-cine","13":"product_tag-corte-laser","14":"product_tag-eventos","15":"product_tag-grabado-laser","16":"product_tag-madera","17":"product_tag-meseros","18":"product_tag-numeros-de-mesa","19":"product_tag-parejas","20":"product_tag-piezas-para-eventos","21":"product_tag-piezas-personalizadas","22":"product_tag-regalo-para-parejas","23":"product_tag-regalo-personalizado","24":"product_tag-regalos","25":"product_tag-regalos-originales","26":"product_tag-regalos-personalizados","27":"product_tag-tematica-cine","28":"product_shipping_class-pp","30":"first","31":"instock","32":"taxable","33":"shipping-taxable","34":"purchasable","35":"product-type-simple"},"acf":[],"aioseo_notices":[],"_links":{"self":[{"href":"https:\/\/manosinkietas.com\/en\/wp-json\/wp\/v2\/product\/9633","targetHints":{"allow":["GET"]}}],"collection":[{"href":"https:\/\/manosinkietas.com\/en\/wp-json\/wp\/v2\/product"}],"about":[{"href":"https:\/\/manosinkietas.com\/en\/wp-json\/wp\/v2\/types\/product"}],"replies":[{"embeddable":true,"href":"https:\/\/manosinkietas.com\/en\/wp-json\/wp\/v2\/comments?post=9633"}],"version-history":[{"count":1,"href":"https:\/\/manosinkietas.com\/en\/wp-json\/wp\/v2\/product\/9633\/revisions"}],"predecessor-version":[{"id":9638,"href":"https:\/\/manosinkietas.com\/en\/wp-json\/wp\/v2\/product\/9633\/revisions\/9638"}],"wp:featuredmedia":[{"embeddable":true,"href":"https:\/\/manosinkietas.com\/en\/wp-json\/wp\/v2\/media\/9634"}],"wp:attachment":[{"href":"https:\/\/manosinkietas.com\/en\/wp-json\/wp\/v2\/media?parent=9633"}],"wp:term":[{"taxonomy":"product_brand","embeddable":true,"href":"https:\/\/manosinkietas.com\/en\/wp-json\/wp\/v2\/product_brand?post=9633"},{"taxonomy":"product_cat","embeddable":true,"href":"https:\/\/manosinkietas.com\/en\/wp-json\/wp\/v2\/product_cat?post=9633"},{"taxonomy":"product_tag","embeddable":true,"href":"https:\/\/manosinkietas.com\/en\/wp-json\/wp\/v2\/product_tag?post=9633"},{"taxonomy":"filtro_producto","embeddable":true,"href":"https:\/\/manosinkietas.com\/en\/wp-json\/wp\/v2\/filtro_producto?post=9633"}],"curies":[{"name":"wp","href":"https:\/\/api.w.org\/{rel}","templated":true}]}}