{"id":9495,"date":"2023-08-01T21:21:36","date_gmt":"2023-08-01T19:21:36","guid":{"rendered":"https:\/\/manosinkietas.com\/?post_type=product&#038;p=9495"},"modified":"2024-07-26T17:25:33","modified_gmt":"2024-07-26T15:25:33","slug":"placas-de-madera-anuncio-embarazo-familia","status":"publish","type":"product","link":"https:\/\/manosinkietas.com\/en\/product\/placas-de-madera-anuncio-embarazo-familia\/","title":{"rendered":"Placas de Madera Anuncio Embarazo Familia"},"content":{"rendered":"<p>Preciosas plaquitas de madera grabadas con mensajes para anunciar tu embarazo a diferentes miembros de la familia.<\/p>\n<p>Estas bonitas placas son elaboradas en madera contrachapado de 3mm. El texto es grabado a l\u00e1ser y lo podemos personalizar a tu gusto. Ideal para sorprender a familiares con el anuncio de la llegada de un beb\u00e9 a la familia.<\/p>\n<p>Medidas: <\/p>\n<p>13 cm de di\u00e1metro<\/p>\n<p>*****************************************<\/p>\n<p>Por favor, preg\u00fantanos si tienes alguna duda acerca de nuestros productos. Estamos felices de atenderte. Recordatorio: esta es una peque\u00f1a tienda de emprendedores y el tiempo invertido en crear nuestras piezas \u00fanicas tambi\u00e9n tiene valor. \u00bfTe gustan nuestros productos? Echa un vistazo a la tienda:<\/p>","protected":false},"excerpt":{"rendered":"<p>Preciosas plaquitas de madera grabadas con mensajes para anunciar tu embarazo a diferentes miembros de la familia.<\/p>","protected":false},"featured_media":10992,"comment_status":"open","ping_status":"closed","template":"","meta":{"_acf_changed":false},"product_brand":[],"product_cat":[36,701],"product_tag":[907,906,897,49,668,754,896,911,69,909,908,196,881,882,910,885,72,270,905,904,899,898,901,900,902,903],"filtro_producto":[],"class_list":{"0":"post-9495","1":"product","2":"type-product","3":"status-publish","4":"has-post-thumbnail","6":"product_cat-celebracion","7":"product_cat-placas-personalizadas","8":"product_tag-abuela","9":"product_tag-abuelo","10":"product_tag-anuncio-de-embarazo","11":"product_tag-corte-laser","12":"product_tag-detalles","13":"product_tag-detalles-personalizados","14":"product_tag-embarazo","15":"product_tag-familia","16":"product_tag-grabado-laser","17":"product_tag-hermanita","18":"product_tag-hermanito","19":"product_tag-madera","20":"product_tag-placas","21":"product_tag-placas-de-madera","22":"product_tag-placas-de-regalo","23":"product_tag-placas-personalizadas","24":"product_tag-regalo-personalizado","25":"product_tag-regalos","26":"product_tag-tia","27":"product_tag-tio","28":"product_tag-vas-a-ser-abuela","29":"product_tag-vas-a-ser-abuelo","30":"product_tag-vas-a-ser-tia","31":"product_tag-vas-a-ser-tio","32":"product_tag-voy-a-tener-un-hermanito","33":"product_tag-voy-a-tener-una-hermanita","34":"product_shipping_class-cc","36":"first","37":"instock","38":"taxable","39":"shipping-taxable","40":"purchasable","41":"product-type-variable"},"acf":[],"aioseo_notices":[],"_links":{"self":[{"href":"https:\/\/manosinkietas.com\/en\/wp-json\/wp\/v2\/product\/9495","targetHints":{"allow":["GET"]}}],"collection":[{"href":"https:\/\/manosinkietas.com\/en\/wp-json\/wp\/v2\/product"}],"about":[{"href":"https:\/\/manosinkietas.com\/en\/wp-json\/wp\/v2\/types\/product"}],"replies":[{"embeddable":true,"href":"https:\/\/manosinkietas.com\/en\/wp-json\/wp\/v2\/comments?post=9495"}],"version-history":[{"count":2,"href":"https:\/\/manosinkietas.com\/en\/wp-json\/wp\/v2\/product\/9495\/revisions"}],"predecessor-version":[{"id":9520,"href":"https:\/\/manosinkietas.com\/en\/wp-json\/wp\/v2\/product\/9495\/revisions\/9520"}],"wp:featuredmedia":[{"embeddable":true,"href":"https:\/\/manosinkietas.com\/en\/wp-json\/wp\/v2\/media\/10992"}],"wp:attachment":[{"href":"https:\/\/manosinkietas.com\/en\/wp-json\/wp\/v2\/media?parent=9495"}],"wp:term":[{"taxonomy":"product_brand","embeddable":true,"href":"https:\/\/manosinkietas.com\/en\/wp-json\/wp\/v2\/product_brand?post=9495"},{"taxonomy":"product_cat","embeddable":true,"href":"https:\/\/manosinkietas.com\/en\/wp-json\/wp\/v2\/product_cat?post=9495"},{"taxonomy":"product_tag","embeddable":true,"href":"https:\/\/manosinkietas.com\/en\/wp-json\/wp\/v2\/product_tag?post=9495"},{"taxonomy":"filtro_producto","embeddable":true,"href":"https:\/\/manosinkietas.com\/en\/wp-json\/wp\/v2\/filtro_producto?post=9495"}],"curies":[{"name":"wp","href":"https:\/\/api.w.org\/{rel}","templated":true}]}}