{"id":9334,"date":"2023-07-17T09:09:26","date_gmt":"2023-07-17T07:09:26","guid":{"rendered":"https:\/\/manosinkietas.com\/?post_type=product&#038;p=9334"},"modified":"2025-07-31T10:24:57","modified_gmt":"2025-07-31T08:24:57","slug":"huchas-madera-metacrilato-para-personalizar","status":"publish","type":"product","link":"https:\/\/manosinkietas.com\/en\/product\/huchas-madera-metacrilato-para-personalizar\/","title":{"rendered":"Huchas de Madera y Metacrilato Para Personalizar"},"content":{"rendered":"<p>Preciosas huchas de madera en forma de maleta de viaje con asas y correas.<\/p>\n<p>Estas bonitas huchas son elaboradas en madera contrachapado de 3mm y metacrilato transparente de 3mm. El dise\u00f1o incluye piezas con grabado l\u00e1ser y las podemos personalizar a tu gusto (con frases o un nombre). Adem\u00e1s, cuenta con una abertura para sacar las monedas o billetes que se aglomeran dentro de la pieza. Ideales como detalle para muchas ocasiones especiales.<\/p>\n<p>Medidas:<\/p>\n<p>Alto: 110mm<br \/>\nAncho: 180mm<\/p>\n<p>Tiempo de preparaci\u00f3n: ENTRE 8 Y 10 D\u00cdAS LABORABLES. EN TEMPORADA DE EVENTOS (ABRIL-SEPTIEMBRE) ES POSIBLE QUE TARDEMOS UN POCO M\u00c1S, por favor tomar en cuenta, gracias por tu comprensi\u00f3n.<\/p>\n<p>*****************************************<\/p>\n<p>Por favor, preg\u00fantanos si tienes alguna duda acerca de nuestros productos. Estamos felices de atenderte. Recordatorio: esta es una peque\u00f1a tienda de emprendedores y el tiempo invertido en crear nuestras piezas \u00fanicas tambi\u00e9n tiene valor. \u00bfTe gustan nuestros productos? Echa un vistazo a la tienda:<\/p>","protected":false},"excerpt":{"rendered":"<p>Preciosas huchas de madera en forma de maleta de viaje con asas y correas.<\/p>","protected":false},"featured_media":9339,"comment_status":"open","ping_status":"closed","template":"","meta":{"_acf_changed":false},"product_brand":[],"product_cat":[36,703],"product_tag":[891,890,49,668,754,538,536,69,889,893,894,892,196,48,895,548,815,239],"filtro_producto":[],"class_list":{"0":"post-9334","1":"product","2":"type-product","3":"status-publish","4":"has-post-thumbnail","6":"product_cat-celebracion","7":"product_cat-menaje","8":"product_tag-ahorros","9":"product_tag-alcancia","10":"product_tag-corte-laser","11":"product_tag-detalles","12":"product_tag-detalles-personalizados","13":"product_tag-eventos","14":"product_tag-fiestas","15":"product_tag-grabado-laser","16":"product_tag-hucha","17":"product_tag-hucha-de-madera","18":"product_tag-hucha-personalizada","19":"product_tag-huchas","20":"product_tag-madera","21":"product_tag-metacrilato","22":"product_tag-piggy-bank","23":"product_tag-recuerdos-para-eventos","24":"product_tag-regalos-para-eventos","25":"product_tag-regalos-personalizados","26":"product_shipping_class-cc","28":"first","29":"instock","30":"taxable","31":"shipping-taxable","32":"purchasable","33":"product-type-variable"},"acf":[],"aioseo_notices":[],"_links":{"self":[{"href":"https:\/\/manosinkietas.com\/en\/wp-json\/wp\/v2\/product\/9334","targetHints":{"allow":["GET"]}}],"collection":[{"href":"https:\/\/manosinkietas.com\/en\/wp-json\/wp\/v2\/product"}],"about":[{"href":"https:\/\/manosinkietas.com\/en\/wp-json\/wp\/v2\/types\/product"}],"replies":[{"embeddable":true,"href":"https:\/\/manosinkietas.com\/en\/wp-json\/wp\/v2\/comments?post=9334"}],"version-history":[{"count":6,"href":"https:\/\/manosinkietas.com\/en\/wp-json\/wp\/v2\/product\/9334\/revisions"}],"predecessor-version":[{"id":12056,"href":"https:\/\/manosinkietas.com\/en\/wp-json\/wp\/v2\/product\/9334\/revisions\/12056"}],"wp:featuredmedia":[{"embeddable":true,"href":"https:\/\/manosinkietas.com\/en\/wp-json\/wp\/v2\/media\/9339"}],"wp:attachment":[{"href":"https:\/\/manosinkietas.com\/en\/wp-json\/wp\/v2\/media?parent=9334"}],"wp:term":[{"taxonomy":"product_brand","embeddable":true,"href":"https:\/\/manosinkietas.com\/en\/wp-json\/wp\/v2\/product_brand?post=9334"},{"taxonomy":"product_cat","embeddable":true,"href":"https:\/\/manosinkietas.com\/en\/wp-json\/wp\/v2\/product_cat?post=9334"},{"taxonomy":"product_tag","embeddable":true,"href":"https:\/\/manosinkietas.com\/en\/wp-json\/wp\/v2\/product_tag?post=9334"},{"taxonomy":"filtro_producto","embeddable":true,"href":"https:\/\/manosinkietas.com\/en\/wp-json\/wp\/v2\/filtro_producto?post=9334"}],"curies":[{"name":"wp","href":"https:\/\/api.w.org\/{rel}","templated":true}]}}