{"id":9227,"date":"2023-07-06T21:53:17","date_gmt":"2023-07-06T19:53:17","guid":{"rendered":"https:\/\/manosinkietas.com\/?post_type=product&#038;p=9227"},"modified":"2023-07-06T22:39:10","modified_gmt":"2023-07-06T20:39:10","slug":"placas-madera-sois-los-siguientes","status":"publish","type":"product","link":"https:\/\/manosinkietas.com\/en\/product\/placas-madera-sois-los-siguientes\/","title":{"rendered":"Placas de Madera Sois Los Siguientes"},"content":{"rendered":"<p>Preciosas plaquitas de madera en forma de anillo &#8220;Sois los siguientes&#8221;.<\/p>\n<p>Estas bonitas placas son elaboradas en madera contrachapado de 3mm. El dise\u00f1o es grabado a l\u00e1ser y lo podemos personalizar a tu gusto. Ideal para amenizar una boda como detalle para futuras parejas que se van a casar. <\/p>\n<p>Puedes pedirlas con cinta de terciopelo.<\/p>\n<p>Medidas: <\/p>\n<p>Alto: 13,20\u20ac<br \/>\nAncho: 8,73cm<\/p>\n<p>*****************************************<\/p>\n<p>Por favor, preg\u00fantanos si tienes alguna duda acerca de nuestros productos. Estamos felices de atenderte. Recordatorio: esta es una peque\u00f1a tienda de emprendedores y el tiempo invertido en crear nuestras piezas \u00fanicas tambi\u00e9n tiene valor. \u00bfTe gustan nuestros productos? Echa un vistazo a la tienda:<\/p>","protected":false},"excerpt":{"rendered":"<p>Preciosas plaquitas de madera en forma de anillo &#8220;Sois los siguientes&#8221;.<\/p>","protected":false},"featured_media":9232,"comment_status":"open","ping_status":"closed","template":"","meta":{"_acf_changed":false},"product_brand":[],"product_cat":[36,701],"product_tag":[888,886,887,874,550,49,878,877,538,69,196,48,875,876,222,881,884,882,885,548,816,815,883],"filtro_producto":[],"class_list":{"0":"post-9227","1":"product","2":"type-product","3":"status-publish","4":"has-post-thumbnail","6":"product_cat-celebracion","7":"product_cat-placas-personalizadas","8":"product_tag-alianzas","9":"product_tag-anillo","10":"product_tag-anillo-de-bodas","11":"product_tag-boda","12":"product_tag-bodas","13":"product_tag-corte-laser","14":"product_tag-detalles-para-bodas","15":"product_tag-detalles-para-novios","16":"product_tag-eventos","17":"product_tag-grabado-laser","18":"product_tag-madera","19":"product_tag-metacrilato","20":"product_tag-novia","21":"product_tag-novio","22":"product_tag-novios","23":"product_tag-placas","24":"product_tag-placas-de-boda","25":"product_tag-placas-de-madera","26":"product_tag-placas-personalizadas","27":"product_tag-recuerdos-para-eventos","28":"product_tag-regalos-para-bodas","29":"product_tag-regalos-para-eventos","30":"product_tag-sois-los-siguientes","31":"product_shipping_class-cc","33":"first","34":"instock","35":"taxable","36":"shipping-taxable","37":"purchasable","38":"product-type-variable"},"acf":[],"aioseo_notices":[],"_links":{"self":[{"href":"https:\/\/manosinkietas.com\/en\/wp-json\/wp\/v2\/product\/9227","targetHints":{"allow":["GET"]}}],"collection":[{"href":"https:\/\/manosinkietas.com\/en\/wp-json\/wp\/v2\/product"}],"about":[{"href":"https:\/\/manosinkietas.com\/en\/wp-json\/wp\/v2\/types\/product"}],"replies":[{"embeddable":true,"href":"https:\/\/manosinkietas.com\/en\/wp-json\/wp\/v2\/comments?post=9227"}],"version-history":[{"count":4,"href":"https:\/\/manosinkietas.com\/en\/wp-json\/wp\/v2\/product\/9227\/revisions"}],"predecessor-version":[{"id":9236,"href":"https:\/\/manosinkietas.com\/en\/wp-json\/wp\/v2\/product\/9227\/revisions\/9236"}],"wp:featuredmedia":[{"embeddable":true,"href":"https:\/\/manosinkietas.com\/en\/wp-json\/wp\/v2\/media\/9232"}],"wp:attachment":[{"href":"https:\/\/manosinkietas.com\/en\/wp-json\/wp\/v2\/media?parent=9227"}],"wp:term":[{"taxonomy":"product_brand","embeddable":true,"href":"https:\/\/manosinkietas.com\/en\/wp-json\/wp\/v2\/product_brand?post=9227"},{"taxonomy":"product_cat","embeddable":true,"href":"https:\/\/manosinkietas.com\/en\/wp-json\/wp\/v2\/product_cat?post=9227"},{"taxonomy":"product_tag","embeddable":true,"href":"https:\/\/manosinkietas.com\/en\/wp-json\/wp\/v2\/product_tag?post=9227"},{"taxonomy":"filtro_producto","embeddable":true,"href":"https:\/\/manosinkietas.com\/en\/wp-json\/wp\/v2\/filtro_producto?post=9227"}],"curies":[{"name":"wp","href":"https:\/\/api.w.org\/{rel}","templated":true}]}}