{"id":9212,"date":"2023-07-06T10:54:20","date_gmt":"2023-07-06T08:54:20","guid":{"rendered":"https:\/\/manosinkietas.com\/?post_type=product&#038;p=9212"},"modified":"2026-02-20T11:47:03","modified_gmt":"2026-02-20T10:47:03","slug":"libro-de-firmas-arbol-de-la-vida","status":"publish","type":"product","link":"https:\/\/manosinkietas.com\/en\/product\/libro-de-firmas-arbol-de-la-vida\/","title":{"rendered":"Libro de Firmas \u00c1rbol de La Vida"},"content":{"rendered":"<p>Precioso libro de firmas para tus momentos m\u00e1s especiales. Este espectacular libro de firmas es perfecto como complemento para tu boda, comuni\u00f3n, bautizo o lo que desees celebrar.<\/p>\n<p>El libro de firmas \u00e1rbol de la vida ha sido elaborado en madera contrachapado de 3mm pintada a mano con tinte color nogal y metacrilato transparente de 3mm de grosor. Podemos grabar el tronco del \u00e1rbol con el texto que quieras y puedes escoger entre un libro de firmas de 40cm de di\u00e1metro o uno de 30cm de di\u00e1metro.<\/p>\n<p>El libro de firmas \u00c1rbol de la Vida incluye hojitas de 3cm que vienen en un saquito de algod\u00f3n y una base para que puedas exhibirlo.<\/p>\n<p>Modelo 40 cm de di\u00e1metro: capacidad de 100 hojitas<br \/>\nModelo 30 cm de di\u00e1metro: capacidad de 80 hojitas<\/p>\n<p>Medidas: 40cm de di\u00e1metro o 30 cm de di\u00e1metro<br \/>\nHojitas: 3cm<\/p>\n<p>TIEMPO DE ELABORACI\u00d3N: 8 a 10 d\u00edas laborables, dependiendo de la \u00e9poca (en temporada de eventos puede tardar m\u00e1s)<\/p>\n<p>*****************************************<\/p>\n<p>Por favor, preg\u00fantanos si tienes alguna duda acerca de nuestros productos. Estamos felices de atenderte. Recordatorio: esta es una peque\u00f1a tienda de emprendedores y el tiempo invertido en crear nuestras piezas \u00fanicas tambi\u00e9n tiene valor. \u00bfTe gustan nuestros productos? Echa un vistazo a la tienda:<\/p>","protected":false},"excerpt":{"rendered":"<p>Precioso libro de firmas para tus momentos m\u00e1s especiales. Este espectacular libro de firmas es perfecto como complemento para tu boda, comuni\u00f3n, bautizo o lo que desees celebrar.<\/p>","protected":false},"featured_media":9218,"comment_status":"open","ping_status":"closed","template":"","meta":{"_acf_changed":false},"product_brand":[],"product_cat":[36,695],"product_tag":[880,874,550,49,878,877,538,69,873,196,48,875,876,222,548,816,815],"filtro_producto":[149],"class_list":{"0":"post-9212","1":"product","2":"type-product","3":"status-publish","4":"has-post-thumbnail","6":"product_cat-celebracion","7":"product_cat-libros-de-firmas","8":"product_tag-arbol-de-la-vida","9":"product_tag-boda","10":"product_tag-bodas","11":"product_tag-corte-laser","12":"product_tag-detalles-para-bodas","13":"product_tag-detalles-para-novios","14":"product_tag-eventos","15":"product_tag-grabado-laser","16":"product_tag-libro-de-firmas","17":"product_tag-madera","18":"product_tag-metacrilato","19":"product_tag-novia","20":"product_tag-novio","21":"product_tag-novios","22":"product_tag-recuerdos-para-eventos","23":"product_tag-regalos-para-bodas","24":"product_tag-regalos-para-eventos","25":"product_shipping_class-pp","26":"filtro_producto-mas-vendido","28":"first","29":"instock","30":"taxable","31":"shipping-taxable","32":"purchasable","33":"product-type-variable"},"acf":[],"aioseo_notices":[],"_links":{"self":[{"href":"https:\/\/manosinkietas.com\/en\/wp-json\/wp\/v2\/product\/9212","targetHints":{"allow":["GET"]}}],"collection":[{"href":"https:\/\/manosinkietas.com\/en\/wp-json\/wp\/v2\/product"}],"about":[{"href":"https:\/\/manosinkietas.com\/en\/wp-json\/wp\/v2\/types\/product"}],"replies":[{"embeddable":true,"href":"https:\/\/manosinkietas.com\/en\/wp-json\/wp\/v2\/comments?post=9212"}],"version-history":[{"count":6,"href":"https:\/\/manosinkietas.com\/en\/wp-json\/wp\/v2\/product\/9212\/revisions"}],"predecessor-version":[{"id":11331,"href":"https:\/\/manosinkietas.com\/en\/wp-json\/wp\/v2\/product\/9212\/revisions\/11331"}],"wp:featuredmedia":[{"embeddable":true,"href":"https:\/\/manosinkietas.com\/en\/wp-json\/wp\/v2\/media\/9218"}],"wp:attachment":[{"href":"https:\/\/manosinkietas.com\/en\/wp-json\/wp\/v2\/media?parent=9212"}],"wp:term":[{"taxonomy":"product_brand","embeddable":true,"href":"https:\/\/manosinkietas.com\/en\/wp-json\/wp\/v2\/product_brand?post=9212"},{"taxonomy":"product_cat","embeddable":true,"href":"https:\/\/manosinkietas.com\/en\/wp-json\/wp\/v2\/product_cat?post=9212"},{"taxonomy":"product_tag","embeddable":true,"href":"https:\/\/manosinkietas.com\/en\/wp-json\/wp\/v2\/product_tag?post=9212"},{"taxonomy":"filtro_producto","embeddable":true,"href":"https:\/\/manosinkietas.com\/en\/wp-json\/wp\/v2\/filtro_producto?post=9212"}],"curies":[{"name":"wp","href":"https:\/\/api.w.org\/{rel}","templated":true}]}}