{"id":9089,"date":"2023-06-19T17:10:34","date_gmt":"2023-06-19T15:10:34","guid":{"rendered":"https:\/\/manosinkietas.com\/?post_type=product&#038;p=9089"},"modified":"2025-08-08T07:47:35","modified_gmt":"2025-08-08T05:47:35","slug":"libro-de-firmas-personalizado-primera-comunion","status":"publish","type":"product","link":"https:\/\/manosinkietas.com\/en\/product\/libro-de-firmas-personalizado-primera-comunion\/","title":{"rendered":"Libro de Firmas Personalizado Para Primera Comuni\u00f3n"},"content":{"rendered":"<p>Hermoso y original libro de firmas personalizado para Primera Comuni\u00f3n, especial para conservar tus recuerdos m\u00e1s bonitos de ese d\u00eda tan especial.<\/p>\n<p>Este precioso libro de firmas ha sido creado con portada y contraportada en madera contrachapado 3mm. El dise\u00f1o es grabado a l\u00e1ser y cada pieza tiene 30 hojas (60 p\u00e1ginas) en papel reciclado de 135g y encuadernaci\u00f3n de anillas.<\/p>\n<p>El nombre para personalizar este precioso libro de firmas es de metacrilato en colores pasteles.<\/p>\n<p>Medidas: 27cm x 20cm<\/p>\n<p>TIEMPO DE ELABORACI\u00d3N: 8 a 10 d\u00edas laborables. Depende de la \u00e9poca (en temporada de eventos puede tardar m\u00e1s). Por favor, consultar.<\/p>\n<p>NOTA: No se acepten devoluciones de piezas de madera con vetas, especialmente si se trata de productos personalizados o en los cuales se aprovechan las caracter\u00edsticas naturales de la madera. Esto se debe a que las variaciones en el color y las vetas son inherentes a la madera natural y no se consideran defectos.<\/p>\n<p>*****************************************<\/p>\n<p>Por favor, preg\u00fantanos si tienes alguna duda acerca de nuestros productos. Estamos felices de atenderte. Recordatorio: esta es una peque\u00f1a tienda de emprendedores y el tiempo invertido en crear nuestras piezas \u00fanicas tambi\u00e9n tiene valor. \u00bfTe gustan nuestros productos? Echa un vistazo a la tienda:<\/p>","protected":false},"excerpt":{"rendered":"<p>Hermoso y original libro de firmas personalizado para Primera Comuni\u00f3n, especial para conservar tus recuerdos m\u00e1s bonitos de ese d\u00eda tan especial.<\/p>","protected":false},"featured_media":9090,"comment_status":"open","ping_status":"closed","template":"","meta":{"_acf_changed":false},"product_brand":[],"product_cat":[36,695],"product_tag":[57,260,49,538,69,873,196,48,539,548,818,815],"filtro_producto":[149],"class_list":{"0":"post-9089","1":"product","2":"type-product","3":"status-publish","4":"has-post-thumbnail","6":"product_cat-celebracion","7":"product_cat-libros-de-firmas","8":"product_tag-album","9":"product_tag-album-de-fotos","10":"product_tag-corte-laser","11":"product_tag-eventos","12":"product_tag-grabado-laser","13":"product_tag-libro-de-firmas","14":"product_tag-madera","15":"product_tag-metacrilato","16":"product_tag-primera-comunion","17":"product_tag-recuerdos-para-eventos","18":"product_tag-regalos-para-comuniones","19":"product_tag-regalos-para-eventos","20":"product_shipping_class-pp","21":"filtro_producto-mas-vendido","23":"first","24":"instock","25":"taxable","26":"shipping-taxable","27":"purchasable","28":"product-type-simple"},"acf":[],"aioseo_notices":[],"_links":{"self":[{"href":"https:\/\/manosinkietas.com\/en\/wp-json\/wp\/v2\/product\/9089","targetHints":{"allow":["GET"]}}],"collection":[{"href":"https:\/\/manosinkietas.com\/en\/wp-json\/wp\/v2\/product"}],"about":[{"href":"https:\/\/manosinkietas.com\/en\/wp-json\/wp\/v2\/types\/product"}],"replies":[{"embeddable":true,"href":"https:\/\/manosinkietas.com\/en\/wp-json\/wp\/v2\/comments?post=9089"}],"version-history":[{"count":3,"href":"https:\/\/manosinkietas.com\/en\/wp-json\/wp\/v2\/product\/9089\/revisions"}],"predecessor-version":[{"id":12071,"href":"https:\/\/manosinkietas.com\/en\/wp-json\/wp\/v2\/product\/9089\/revisions\/12071"}],"wp:featuredmedia":[{"embeddable":true,"href":"https:\/\/manosinkietas.com\/en\/wp-json\/wp\/v2\/media\/9090"}],"wp:attachment":[{"href":"https:\/\/manosinkietas.com\/en\/wp-json\/wp\/v2\/media?parent=9089"}],"wp:term":[{"taxonomy":"product_brand","embeddable":true,"href":"https:\/\/manosinkietas.com\/en\/wp-json\/wp\/v2\/product_brand?post=9089"},{"taxonomy":"product_cat","embeddable":true,"href":"https:\/\/manosinkietas.com\/en\/wp-json\/wp\/v2\/product_cat?post=9089"},{"taxonomy":"product_tag","embeddable":true,"href":"https:\/\/manosinkietas.com\/en\/wp-json\/wp\/v2\/product_tag?post=9089"},{"taxonomy":"filtro_producto","embeddable":true,"href":"https:\/\/manosinkietas.com\/en\/wp-json\/wp\/v2\/filtro_producto?post=9089"}],"curies":[{"name":"wp","href":"https:\/\/api.w.org\/{rel}","templated":true}]}}