{"id":8905,"date":"2023-06-07T19:05:09","date_gmt":"2023-06-07T17:05:09","guid":{"rendered":"https:\/\/manosinkietas.com\/?post_type=product&#038;p=8905"},"modified":"2024-06-15T21:20:32","modified_gmt":"2024-06-15T19:20:32","slug":"portalapices-personalizado-madera-profes","status":"publish","type":"product","link":"https:\/\/manosinkietas.com\/en\/product\/portalapices-personalizado-madera-profes\/","title":{"rendered":"Portal\u00e1pices Personalizado de Corcho para Profes"},"content":{"rendered":"<p>Hermosos y originales portal\u00e1pices para profesores y profesoras. Puedes personalizar este regalo para regalar a profesores, profesoras, maestros, maestras.<\/p>\n<p>Este portal\u00e1pices personalizado es una excelente opci\u00f3n como regalo de fin de curso. <\/p>\n<p>Medidas:<\/p>\n<p>ALTO 9cm<br \/>\nANCHO 8cm<\/p>\n<p>*****************************************<\/p>\n<p>Por favor, preg\u00fantanos si tienes alguna duda acerca de nuestros productos. Estamos felices de atenderte.<\/p>\n<p>Recordatorio: esta es una peque\u00f1a tienda de emprendedores y el tiempo invertido en crear nuestras piezas \u00fanicas tambi\u00e9n tiene valor.<\/p>\n<p>\u00bfTe gustan nuestros productos? Echa un vistazo a la tienda:<\/p>","protected":false},"excerpt":{"rendered":"<p>Hermosos y originales portal\u00e1pices para profesores y profesoras. Puedes personalizar este regalo para regalar a profesores, profesoras, maestros, maestras.<\/p>","protected":false},"featured_media":10846,"comment_status":"open","ping_status":"closed","template":"","meta":{"_acf_changed":false},"product_brand":[],"product_cat":[36,701],"product_tag":[49,668,812,813,754,661,69,196,90,91,670,659,809,810,660,270,811,658],"filtro_producto":[],"class_list":{"0":"post-8905","1":"product","2":"type-product","3":"status-publish","4":"has-post-thumbnail","6":"product_cat-celebracion","7":"product_cat-placas-personalizadas","8":"product_tag-corte-laser","9":"product_tag-detalles","10":"product_tag-detalles-para-profes","11":"product_tag-detalles-para-profesores","12":"product_tag-detalles-personalizados","13":"product_tag-fin-de-curso","14":"product_tag-grabado-laser","15":"product_tag-madera","16":"product_tag-placa-de-madera","17":"product_tag-placa-personalizada","18":"product_tag-profe","19":"product_tag-profes","20":"product_tag-profesora","21":"product_tag-profesoras","22":"product_tag-profesores","23":"product_tag-regalos","24":"product_tag-regalos-de-fin-de-curso","25":"product_tag-regalos-para-profes","26":"product_shipping_class-cc","28":"first","29":"instock","30":"featured","31":"taxable","32":"shipping-taxable","33":"purchasable","34":"product-type-simple"},"acf":[],"aioseo_notices":[],"_links":{"self":[{"href":"https:\/\/manosinkietas.com\/en\/wp-json\/wp\/v2\/product\/8905","targetHints":{"allow":["GET"]}}],"collection":[{"href":"https:\/\/manosinkietas.com\/en\/wp-json\/wp\/v2\/product"}],"about":[{"href":"https:\/\/manosinkietas.com\/en\/wp-json\/wp\/v2\/types\/product"}],"replies":[{"embeddable":true,"href":"https:\/\/manosinkietas.com\/en\/wp-json\/wp\/v2\/comments?post=8905"}],"version-history":[{"count":4,"href":"https:\/\/manosinkietas.com\/en\/wp-json\/wp\/v2\/product\/8905\/revisions"}],"predecessor-version":[{"id":10875,"href":"https:\/\/manosinkietas.com\/en\/wp-json\/wp\/v2\/product\/8905\/revisions\/10875"}],"wp:featuredmedia":[{"embeddable":true,"href":"https:\/\/manosinkietas.com\/en\/wp-json\/wp\/v2\/media\/10846"}],"wp:attachment":[{"href":"https:\/\/manosinkietas.com\/en\/wp-json\/wp\/v2\/media?parent=8905"}],"wp:term":[{"taxonomy":"product_brand","embeddable":true,"href":"https:\/\/manosinkietas.com\/en\/wp-json\/wp\/v2\/product_brand?post=8905"},{"taxonomy":"product_cat","embeddable":true,"href":"https:\/\/manosinkietas.com\/en\/wp-json\/wp\/v2\/product_cat?post=8905"},{"taxonomy":"product_tag","embeddable":true,"href":"https:\/\/manosinkietas.com\/en\/wp-json\/wp\/v2\/product_tag?post=8905"},{"taxonomy":"filtro_producto","embeddable":true,"href":"https:\/\/manosinkietas.com\/en\/wp-json\/wp\/v2\/filtro_producto?post=8905"}],"curies":[{"name":"wp","href":"https:\/\/api.w.org\/{rel}","templated":true}]}}