{"id":8610,"date":"2023-04-19T22:46:35","date_gmt":"2023-04-19T20:46:35","guid":{"rendered":"https:\/\/manosinkietas.com\/?post_type=product&#038;p=8610"},"modified":"2024-04-24T09:53:01","modified_gmt":"2024-04-24T07:53:01","slug":"llavero-flor-dia-de-las-madres","status":"publish","type":"product","link":"https:\/\/manosinkietas.com\/en\/product\/llavero-flor-dia-de-las-madres\/","title":{"rendered":"Llavero Flor D\u00eda de las Madres"},"content":{"rendered":"<p>Original y \u00fanico set de llaveros en forma de flor para el D\u00eda de las Madres que puedes personalizar con el nombre o los nombres de tus hijos. <\/p>\n<p>Son perfectos como regalo para el D\u00eda de las Madres, recuerdos de nacimientos u otras ocasiones especiales.<\/p>\n<p>Medidas aproximadas del bigote:<\/p>\n<p>5,7 x 5 cm<\/p>\n<p>Medidas aproximadas de las hojitas:<\/p>\n<p>1,2 x 2,7 cm<\/p>\n<p>*****************************************<\/p>\n<p>Por favor, preg\u00fantanos si tienes alguna duda acerca de nuestros productos. Estamos felices de atenderte.<\/p>\n<p>Recordatorio: esta es una peque\u00f1a tienda de emprendedores y el tiempo invertido en crear nuestras piezas \u00fanicas tambi\u00e9n tiene valor.<\/p>\n<p>\u00bfTe gustan nuestros productos? Echa un vistazo a la tienda:<\/p>","protected":false},"excerpt":{"rendered":"<p>Original y \u00fanico set de llaveros en forma de flor para el D\u00eda de las Madres que puedes personalizar con el nombre o los nombres de tus hijos. <\/p>","protected":false},"featured_media":8613,"comment_status":"open","ping_status":"closed","template":"","meta":{"_acf_changed":false},"product_brand":[],"product_cat":[36,700],"product_tag":[49,868,83,84,867,69,854,232,853,869,233,302,805,807,855,451,284,239],"filtro_producto":[],"class_list":{"0":"post-8610","1":"product","2":"type-product","3":"status-publish","4":"has-post-thumbnail","6":"product_cat-celebracion","7":"product_cat-llaveros","8":"product_tag-corte-laser","9":"product_tag-detalles-para-mama","10":"product_tag-dia-de-la-madre","11":"product_tag-dia-de-las-madres","12":"product_tag-flor","13":"product_tag-grabado-laser","14":"product_tag-hijos","15":"product_tag-llavero","16":"product_tag-llavero-de-metacrilato","17":"product_tag-llavero-mama","18":"product_tag-llavero-personalizado","19":"product_tag-llaveros","20":"product_tag-madre","21":"product_tag-mama","22":"product_tag-peques","23":"product_tag-regalo","24":"product_tag-regalos-para-mama","25":"product_tag-regalos-personalizados","26":"product_shipping_class-cc","28":"first","29":"instock","30":"featured","31":"taxable","32":"shipping-taxable","33":"purchasable","34":"product-type-simple"},"acf":[],"aioseo_notices":[],"_links":{"self":[{"href":"https:\/\/manosinkietas.com\/en\/wp-json\/wp\/v2\/product\/8610","targetHints":{"allow":["GET"]}}],"collection":[{"href":"https:\/\/manosinkietas.com\/en\/wp-json\/wp\/v2\/product"}],"about":[{"href":"https:\/\/manosinkietas.com\/en\/wp-json\/wp\/v2\/types\/product"}],"replies":[{"embeddable":true,"href":"https:\/\/manosinkietas.com\/en\/wp-json\/wp\/v2\/comments?post=8610"}],"version-history":[{"count":1,"href":"https:\/\/manosinkietas.com\/en\/wp-json\/wp\/v2\/product\/8610\/revisions"}],"predecessor-version":[{"id":8612,"href":"https:\/\/manosinkietas.com\/en\/wp-json\/wp\/v2\/product\/8610\/revisions\/8612"}],"wp:featuredmedia":[{"embeddable":true,"href":"https:\/\/manosinkietas.com\/en\/wp-json\/wp\/v2\/media\/8613"}],"wp:attachment":[{"href":"https:\/\/manosinkietas.com\/en\/wp-json\/wp\/v2\/media?parent=8610"}],"wp:term":[{"taxonomy":"product_brand","embeddable":true,"href":"https:\/\/manosinkietas.com\/en\/wp-json\/wp\/v2\/product_brand?post=8610"},{"taxonomy":"product_cat","embeddable":true,"href":"https:\/\/manosinkietas.com\/en\/wp-json\/wp\/v2\/product_cat?post=8610"},{"taxonomy":"product_tag","embeddable":true,"href":"https:\/\/manosinkietas.com\/en\/wp-json\/wp\/v2\/product_tag?post=8610"},{"taxonomy":"filtro_producto","embeddable":true,"href":"https:\/\/manosinkietas.com\/en\/wp-json\/wp\/v2\/filtro_producto?post=8610"}],"curies":[{"name":"wp","href":"https:\/\/api.w.org\/{rel}","templated":true}]}}