{"id":8421,"date":"2023-03-13T21:11:15","date_gmt":"2023-03-13T20:11:15","guid":{"rendered":"https:\/\/manosinkietas.com\/?post_type=product&#038;p=8421"},"modified":"2026-03-31T19:18:56","modified_gmt":"2026-03-31T17:18:56","slug":"nombres-en-mdf","status":"publish","type":"product","link":"https:\/\/manosinkietas.com\/en\/product\/nombres-en-mdf\/","title":{"rendered":"Nombres En MDF"},"content":{"rendered":"<p>Hermosos nombres personalizados para complementar tus detalles (canastillas, cajas de regalo), para decorar la habitaci\u00f3n de los m\u00e1s peque\u00f1os o para tus fiestas. Hechos en diferentes tipograf\u00edas a tu gusto en madera MDF de 3mm.<\/p>\n<p>Dimensiones:<\/p>\n<p>20cm de ancho aproximadamente.<\/p>\n<p>*****************************************<\/p>\n<p>Por favor, preg\u00fantanos si tienes alguna duda acerca de nuestros productos. Estamos felices de atenderte.<\/p>\n<p>Recordatorio: esta es una peque\u00f1a tienda de emprendedores y el tiempo invertido en crear nuestras piezas \u00fanicas tambi\u00e9n tiene valor.<\/p>\n<p>\u00bfTe gustan nuestros productos? Echa un vistazo a la tienda:<\/p>","protected":false},"excerpt":{"rendered":"<p>Hermosos nombres personalizados para complementar tus detalles.<\/p>","protected":false},"featured_media":7084,"comment_status":"open","ping_status":"closed","template":"","meta":{"_acf_changed":false},"product_brand":[],"product_cat":[133],"product_tag":[49,754,196,290,864,860,861,662,814,862,72,239],"filtro_producto":[],"class_list":{"0":"post-8421","1":"product","2":"type-product","3":"status-publish","4":"has-post-thumbnail","6":"product_cat-decoracion","7":"product_tag-corte-laser","8":"product_tag-detalles-personalizados","9":"product_tag-madera","10":"product_tag-mdf","11":"product_tag-nombre","12":"product_tag-nombres","13":"product_tag-nombres-en-madera","14":"product_tag-pedido-personalizado","15":"product_tag-pedidos-personalizados","16":"product_tag-nombres-en-mdf","17":"product_tag-regalo-personalizado","18":"product_tag-regalos-personalizados","19":"product_shipping_class-cc","21":"first","22":"instock","23":"featured","24":"taxable","25":"shipping-taxable","26":"purchasable","27":"product-type-simple"},"acf":[],"aioseo_notices":[],"_links":{"self":[{"href":"https:\/\/manosinkietas.com\/en\/wp-json\/wp\/v2\/product\/8421","targetHints":{"allow":["GET"]}}],"collection":[{"href":"https:\/\/manosinkietas.com\/en\/wp-json\/wp\/v2\/product"}],"about":[{"href":"https:\/\/manosinkietas.com\/en\/wp-json\/wp\/v2\/types\/product"}],"replies":[{"embeddable":true,"href":"https:\/\/manosinkietas.com\/en\/wp-json\/wp\/v2\/comments?post=8421"}],"version-history":[{"count":2,"href":"https:\/\/manosinkietas.com\/en\/wp-json\/wp\/v2\/product\/8421\/revisions"}],"predecessor-version":[{"id":11645,"href":"https:\/\/manosinkietas.com\/en\/wp-json\/wp\/v2\/product\/8421\/revisions\/11645"}],"wp:featuredmedia":[{"embeddable":true,"href":"https:\/\/manosinkietas.com\/en\/wp-json\/wp\/v2\/media\/7084"}],"wp:attachment":[{"href":"https:\/\/manosinkietas.com\/en\/wp-json\/wp\/v2\/media?parent=8421"}],"wp:term":[{"taxonomy":"product_brand","embeddable":true,"href":"https:\/\/manosinkietas.com\/en\/wp-json\/wp\/v2\/product_brand?post=8421"},{"taxonomy":"product_cat","embeddable":true,"href":"https:\/\/manosinkietas.com\/en\/wp-json\/wp\/v2\/product_cat?post=8421"},{"taxonomy":"product_tag","embeddable":true,"href":"https:\/\/manosinkietas.com\/en\/wp-json\/wp\/v2\/product_tag?post=8421"},{"taxonomy":"filtro_producto","embeddable":true,"href":"https:\/\/manosinkietas.com\/en\/wp-json\/wp\/v2\/filtro_producto?post=8421"}],"curies":[{"name":"wp","href":"https:\/\/api.w.org\/{rel}","templated":true}]}}