{"id":7746,"date":"2022-11-21T19:35:33","date_gmt":"2022-11-21T18:35:33","guid":{"rendered":"https:\/\/manosinkietas.com\/?post_type=product&#038;p=7746"},"modified":"2025-11-22T08:15:04","modified_gmt":"2025-11-22T07:15:04","slug":"bolas-de-navidad-personalizadas","status":"publish","type":"product","link":"https:\/\/manosinkietas.com\/en\/product\/bolas-de-navidad-personalizadas\/","title":{"rendered":"Bolas de Navidad Personalizadas"},"content":{"rendered":"<p>Hermosas y originales bolas de Navidad de diferentes dise\u00f1os que puedes personalizar con los nombres de tus seres queridos.<\/p>\n<p>Puedes elegir entre varios dise\u00f1os muy originales y cada pieza es perfecta como regalo de navidad personalizado.<\/p>\n<p>Puedes personalizar cada bola de navidad con los nombres de alg\u00fan miembro de tu familia o amistad, incluso tus mascotas!<\/p>\n<p>Ideales como regalo de navidad para tus amigos, familiares o para decorar regalos o tu arbolito de navidad.<\/p>\n<p>Las bolas son de madera a corte l\u00e1ser, algunas de ellas decoradas con MDF blanco, MDF, madera contrachapado, metacrilato espejo, flores preservadas&#8230; \u00a1elije la que m\u00e1s te guste y la preparamos para ti!<\/p>\n<p>&nbsp;<\/p>\n<p>MODELOS:<\/p>\n<p>&nbsp;<\/p>\n<p><strong>Madera con Estrella de Metacrilato Espejo<\/strong><\/p>\n<p>Di\u00e1metro 9cm<\/p>\n<p><strong>Pl\u00e1stico con Flores Preservadas, Estrella de Metacrilato Espejo y Vinilo Blanco<\/strong><\/p>\n<p>Di\u00e1metro 6cm<\/p>\n<p><strong>Madera con Cartel Polo Norte (hasta 5 familiares para incluir)<\/strong><\/p>\n<p>Di\u00e1metro 8,95cm<\/p>\n<p><strong>Madera con MDF blanco en 3 dise\u00f1os<\/strong><\/p>\n<p>Di\u00e1metro 9cm<\/p>\n<p><strong>Madera y MDF Rodolfo El Reno<\/strong><\/p>\n<p>13,5cm alto x 7,2cm ancho<\/p>\n<p><strong>Madera y MDF Adornos colgando<\/strong><\/p>\n<p>Di\u00e1metro 9cm<\/p>\n<p>Dise\u00f1o 2024 Bola de nieve con copos<\/p>\n<p>Di\u00e1metro 10cm aprox<\/p>\n<p>Rodolfo el Reno con luz LED<\/p>\n<p>13cm de alto x 11cm de ancho<br \/>\n2,4cm x 2,2cm (cascabel)<\/p>\n<p>Dise\u00f1o 2025 Arbolito de Navidad<\/p>\n<p>15cm de alto x 9cm de ancho<\/p>\n<p>*****************************************<\/p>\n<p>Por favor, preg\u00fantanos si tienes alguna duda acerca de nuestros productos. Estamos felices de atenderte.<\/p>\n<p>Recordatorio: esta es una peque\u00f1a tienda de emprendedores y el tiempo invertido en crear nuestras piezas \u00fanicas tambi\u00e9n tiene valor.<\/p>\n<p>\u00bfTe gustan nuestros productos? Echa un vistazo a la tienda:<\/p>","protected":false},"excerpt":{"rendered":"<p>Hermosas y originales bolas de Navidad de diferentes dise\u00f1os que puedes personalizar con los nombres de tus seres queridos.<\/p>\n<p>Puedes elegir entre varios dise\u00f1os muy originales y cada pieza es perfecta como regalo de navidad personalizado.<\/p>","protected":false},"featured_media":12123,"comment_status":"open","ping_status":"closed","template":"","meta":{"_acf_changed":false},"product_brand":[],"product_cat":[704,56],"product_tag":[166,834,450,158,157,977,836,777,1151,49,144,952,954,955,69,196,290,642,48,835,155,837,156,772,833,832,953],"filtro_producto":[],"class_list":{"0":"post-7746","1":"product","2":"type-product","3":"status-publish","4":"has-post-thumbnail","6":"product_cat-adornos-de-navidad","7":"product_cat-navidad-y-ano-nuevo","8":"product_tag-adorno-de-navidad","9":"product_tag-adornos","10":"product_tag-ano-nuevo","11":"product_tag-arbol-de-navidad","12":"product_tag-arbolito-de-navidad","13":"product_tag-bizcocho-de-navidad","14":"product_tag-bola-familiar","15":"product_tag-copo-de-nieve","16":"product_tag-copos-de-nieve","17":"product_tag-corte-laser","18":"product_tag-flores-preservadas","19":"product_tag-galletas-de-jengibre","20":"product_tag-galletas-de-navidad","21":"product_tag-gingerbread","22":"product_tag-grabado-laser","23":"product_tag-madera","24":"product_tag-mdf","25":"product_tag-mdf-blanco","26":"product_tag-metacrilato","27":"product_tag-metacrilato-espejo","28":"product_tag-navidad","29":"product_tag-polo-norte","30":"product_tag-regalo-de-navidad","31":"product_tag-regalos-de-navidad","32":"product_tag-rodolfo","33":"product_tag-rudolph","34":"product_tag-tarro-de-galletas","35":"product_shipping_class-cc","37":"first","38":"instock","39":"taxable","40":"shipping-taxable","41":"purchasable","42":"product-type-variable"},"acf":[],"aioseo_notices":[],"_links":{"self":[{"href":"https:\/\/manosinkietas.com\/en\/wp-json\/wp\/v2\/product\/7746","targetHints":{"allow":["GET"]}}],"collection":[{"href":"https:\/\/manosinkietas.com\/en\/wp-json\/wp\/v2\/product"}],"about":[{"href":"https:\/\/manosinkietas.com\/en\/wp-json\/wp\/v2\/types\/product"}],"replies":[{"embeddable":true,"href":"https:\/\/manosinkietas.com\/en\/wp-json\/wp\/v2\/comments?post=7746"}],"version-history":[{"count":8,"href":"https:\/\/manosinkietas.com\/en\/wp-json\/wp\/v2\/product\/7746\/revisions"}],"predecessor-version":[{"id":12128,"href":"https:\/\/manosinkietas.com\/en\/wp-json\/wp\/v2\/product\/7746\/revisions\/12128"}],"wp:featuredmedia":[{"embeddable":true,"href":"https:\/\/manosinkietas.com\/en\/wp-json\/wp\/v2\/media\/12123"}],"wp:attachment":[{"href":"https:\/\/manosinkietas.com\/en\/wp-json\/wp\/v2\/media?parent=7746"}],"wp:term":[{"taxonomy":"product_brand","embeddable":true,"href":"https:\/\/manosinkietas.com\/en\/wp-json\/wp\/v2\/product_brand?post=7746"},{"taxonomy":"product_cat","embeddable":true,"href":"https:\/\/manosinkietas.com\/en\/wp-json\/wp\/v2\/product_cat?post=7746"},{"taxonomy":"product_tag","embeddable":true,"href":"https:\/\/manosinkietas.com\/en\/wp-json\/wp\/v2\/product_tag?post=7746"},{"taxonomy":"filtro_producto","embeddable":true,"href":"https:\/\/manosinkietas.com\/en\/wp-json\/wp\/v2\/filtro_producto?post=7746"}],"curies":[{"name":"wp","href":"https:\/\/api.w.org\/{rel}","templated":true}]}}