{"id":7712,"date":"2022-11-18T17:03:45","date_gmt":"2022-11-18T16:03:45","guid":{"rendered":"https:\/\/manosinkietas.com\/?post_type=product&#038;p=7712"},"modified":"2026-03-31T19:48:36","modified_gmt":"2026-03-31T17:48:36","slug":"nacimientos-madera-rodaja-cupula-cristal","status":"publish","type":"product","link":"https:\/\/manosinkietas.com\/en\/product\/nacimientos-madera-rodaja-cupula-cristal\/","title":{"rendered":"Nacimientos en Rodajas de Madera y C\u00fapula de Cristal"},"content":{"rendered":"<p>Hermosos nacimientos de madera a corte l\u00e1ser. Tienes 2 modelos a elegir, uno de los cuales es EDICI\u00d3N LIMITADA: En rodaja de madera y en mini c\u00fapula de cristal con base de corcho (s\u00f3lo 8 disponibles).<\/p>\n<p>Cada bel\u00e9n ha sido armado a mano.<\/p>\n<p>Estos belenes son ideales como decoraci\u00f3n navide\u00f1a para tu casa u oficina. Tambi\u00e9n son el regalo ideal para coleccionistas.<\/p>\n<p>Medidas aproximadas:<\/p>\n<p>Bel\u00e9n en rodaja de madera:<\/p>\n<p>Ancho: 6,3cm<\/p>\n<p>Alto: 7cm<\/p>\n<p>Bel\u00e9n en mini c\u00fapula de cristal y base de corcho:<\/p>\n<p>Ancho: 3cm<\/p>\n<p>Alto: 7,3cm<\/p>\n<p>*****************************************<\/p>\n<p>Por favor, preg\u00fantanos si tienes alguna duda acerca de nuestros productos. Estamos felices de atenderte.<\/p>\n<p>Recordatorio: esta es una peque\u00f1a tienda de emprendedores y el tiempo invertido en crear nuestras piezas \u00fanicas tambi\u00e9n tiene valor.<\/p>\n<p>\u00bfTe gustan nuestros productos? Echa un vistazo a la tienda:<\/p>","protected":false},"excerpt":{"rendered":"<p>Hermosos nacimientos de madera a corte l\u00e1ser y pintados a mano.<\/p>","protected":false},"featured_media":7727,"comment_status":"open","ping_status":"closed","template":"","meta":{"_acf_changed":false},"product_brand":[],"product_cat":[705,56],"product_tag":[166,161,165,783,49,830,829,163,162,160,164,155,270,772,773,831],"filtro_producto":[],"class_list":{"0":"post-7712","1":"product","2":"type-product","3":"status-publish","4":"has-post-thumbnail","6":"product_cat-nacimientos-y-belenes","7":"product_cat-navidad-y-ano-nuevo","8":"product_tag-adorno-de-navidad","9":"product_tag-belen","10":"product_tag-belen-de-madera","11":"product_tag-color-pastel","12":"product_tag-corte-laser","13":"product_tag-cupula-de-cristal","14":"product_tag-mini-cupula","15":"product_tag-misterio","16":"product_tag-misterio-de-navidad","17":"product_tag-nacimiento","18":"product_tag-nacimiento-de-madera","19":"product_tag-navidad","20":"product_tag-regalos","21":"product_tag-regalos-de-navidad","22":"product_tag-regalos-de-reyes","23":"product_tag-rodaja-de-madera","24":"product_shipping_class-cc","26":"first","27":"instock","28":"taxable","29":"shipping-taxable","30":"purchasable","31":"product-type-variable"},"acf":[],"aioseo_notices":[],"_links":{"self":[{"href":"https:\/\/manosinkietas.com\/en\/wp-json\/wp\/v2\/product\/7712","targetHints":{"allow":["GET"]}}],"collection":[{"href":"https:\/\/manosinkietas.com\/en\/wp-json\/wp\/v2\/product"}],"about":[{"href":"https:\/\/manosinkietas.com\/en\/wp-json\/wp\/v2\/types\/product"}],"replies":[{"embeddable":true,"href":"https:\/\/manosinkietas.com\/en\/wp-json\/wp\/v2\/comments?post=7712"}],"version-history":[{"count":1,"href":"https:\/\/manosinkietas.com\/en\/wp-json\/wp\/v2\/product\/7712\/revisions"}],"predecessor-version":[{"id":7726,"href":"https:\/\/manosinkietas.com\/en\/wp-json\/wp\/v2\/product\/7712\/revisions\/7726"}],"wp:featuredmedia":[{"embeddable":true,"href":"https:\/\/manosinkietas.com\/en\/wp-json\/wp\/v2\/media\/7727"}],"wp:attachment":[{"href":"https:\/\/manosinkietas.com\/en\/wp-json\/wp\/v2\/media?parent=7712"}],"wp:term":[{"taxonomy":"product_brand","embeddable":true,"href":"https:\/\/manosinkietas.com\/en\/wp-json\/wp\/v2\/product_brand?post=7712"},{"taxonomy":"product_cat","embeddable":true,"href":"https:\/\/manosinkietas.com\/en\/wp-json\/wp\/v2\/product_cat?post=7712"},{"taxonomy":"product_tag","embeddable":true,"href":"https:\/\/manosinkietas.com\/en\/wp-json\/wp\/v2\/product_tag?post=7712"},{"taxonomy":"filtro_producto","embeddable":true,"href":"https:\/\/manosinkietas.com\/en\/wp-json\/wp\/v2\/filtro_producto?post=7712"}],"curies":[{"name":"wp","href":"https:\/\/api.w.org\/{rel}","templated":true}]}}