{"id":7462,"date":"2022-10-10T18:57:52","date_gmt":"2022-10-10T16:57:52","guid":{"rendered":"https:\/\/manosinkietas.com\/?post_type=product&#038;p=7462"},"modified":"2023-03-01T09:52:15","modified_gmt":"2023-03-01T08:52:15","slug":"blondas-de-madera","status":"publish","type":"product","link":"https:\/\/manosinkietas.com\/en\/product\/blondas-de-madera\/","title":{"rendered":"Blondas de Madera"},"content":{"rendered":"<p>Originales y hermosas blondas de madera y metacrilato para anunciar el nacimiento de un beb\u00e9 o para decorar alg\u00fan detalle para esa persona especial.<\/p>\n<p>Puedes incluir el nombre que quieras en la pieza de madera y tienes 3 modelos a elegir. Las blondas vienen con una bonita cinta de terciopelo.<\/p>\n<p>Ideal para regalar y decorar alg\u00fan regalo.<\/p>\n<p>Medidas:<\/p>\n<p>10,5cm de di\u00e1metro aproximadamente.<\/p>\n<p>&nbsp;<\/p>\n<p>*****************************************<\/p>\n<p>Por favor, preg\u00fantanos si tienes alguna duda acerca de nuestros productos. Estamos felices de atenderte.<\/p>\n<p>Recordatorio: esta es una peque\u00f1a tienda de emprendedores y el tiempo invertido en crear nuestras piezas \u00fanicas tambi\u00e9n tiene valor.<\/p>\n<p>\u00bfTe gustan nuestros productos? Echa un vistazo a la tienda:<\/p>","protected":false},"excerpt":{"rendered":"<p>Originales y hermosas blondas de madera y metacrilato para anunciar el nacimiento de un beb\u00e9 o para decorar alg\u00fan detalle para esa persona especial.<\/p>","protected":false},"featured_media":7468,"comment_status":"open","ping_status":"closed","template":"","meta":{"_acf_changed":false},"product_brand":[],"product_cat":[250],"product_tag":[49,198,69,516,196,314,252,312,510,299,821,822,823,311,769,253,270,490,771,824,239],"filtro_producto":[],"class_list":{"0":"post-7462","1":"product","2":"type-product","3":"status-publish","4":"has-post-thumbnail","6":"product_cat-bebes","7":"product_tag-corte-laser","8":"product_tag-decoracion","9":"product_tag-grabado-laser","10":"product_tag-habitacion-de-ninos","11":"product_tag-madera","12":"product_tag-mama-primeriza","13":"product_tag-nacimiento-de-bebe","14":"product_tag-nacimiento-del-bebe","15":"product_tag-ninos","16":"product_tag-nombre-de-bebe","17":"product_tag-nube","18":"product_tag-nube-de-madera","19":"product_tag-nube-personalizada","20":"product_tag-placa-para-bebe","21":"product_tag-placas-para-bebes","22":"product_tag-regalo-para-bebe","23":"product_tag-regalos","24":"product_tag-regalos-originales","25":"product_tag-regalos-para-bebes","26":"product_tag-regalos-para-peques","27":"product_tag-regalos-personalizados","29":"first","30":"instock","31":"featured","32":"taxable","33":"shipping-taxable","34":"purchasable","35":"product-type-variable"},"acf":[],"aioseo_notices":[],"_links":{"self":[{"href":"https:\/\/manosinkietas.com\/en\/wp-json\/wp\/v2\/product\/7462","targetHints":{"allow":["GET"]}}],"collection":[{"href":"https:\/\/manosinkietas.com\/en\/wp-json\/wp\/v2\/product"}],"about":[{"href":"https:\/\/manosinkietas.com\/en\/wp-json\/wp\/v2\/types\/product"}],"replies":[{"embeddable":true,"href":"https:\/\/manosinkietas.com\/en\/wp-json\/wp\/v2\/comments?post=7462"}],"version-history":[{"count":2,"href":"https:\/\/manosinkietas.com\/en\/wp-json\/wp\/v2\/product\/7462\/revisions"}],"predecessor-version":[{"id":7477,"href":"https:\/\/manosinkietas.com\/en\/wp-json\/wp\/v2\/product\/7462\/revisions\/7477"}],"wp:featuredmedia":[{"embeddable":true,"href":"https:\/\/manosinkietas.com\/en\/wp-json\/wp\/v2\/media\/7468"}],"wp:attachment":[{"href":"https:\/\/manosinkietas.com\/en\/wp-json\/wp\/v2\/media?parent=7462"}],"wp:term":[{"taxonomy":"product_brand","embeddable":true,"href":"https:\/\/manosinkietas.com\/en\/wp-json\/wp\/v2\/product_brand?post=7462"},{"taxonomy":"product_cat","embeddable":true,"href":"https:\/\/manosinkietas.com\/en\/wp-json\/wp\/v2\/product_cat?post=7462"},{"taxonomy":"product_tag","embeddable":true,"href":"https:\/\/manosinkietas.com\/en\/wp-json\/wp\/v2\/product_tag?post=7462"},{"taxonomy":"filtro_producto","embeddable":true,"href":"https:\/\/manosinkietas.com\/en\/wp-json\/wp\/v2\/filtro_producto?post=7462"}],"curies":[{"name":"wp","href":"https:\/\/api.w.org\/{rel}","templated":true}]}}