{"id":7231,"date":"2022-08-28T11:15:46","date_gmt":"2022-08-28T09:15:46","guid":{"rendered":"https:\/\/manosinkietas.com\/?post_type=product&#038;p=7231"},"modified":"2023-03-01T09:53:58","modified_gmt":"2023-03-01T08:53:58","slug":"placa-de-madera-nube-para-ninos","status":"publish","type":"product","link":"https:\/\/manosinkietas.com\/en\/product\/placa-de-madera-nube-para-ninos\/","title":{"rendered":"Placa de Madera Nube para Ni\u00f1os"},"content":{"rendered":"<p>Originales y hermosas placas de madera en forma de nube para los m\u00e1s peque\u00f1os<\/p>\n<p>Puedes incluir el nombre que quieras en la pieza de madera. La pieza puede ser exhibida en una repisa o colgada en la pared.<\/p>\n<p>Ideal para regalar a los m\u00e1s peque\u00f1os y decorar sus habitaciones.<\/p>\n<p>Medidas:<\/p>\n<p>Disponibles en 2 tama\u00f1os<\/p>\n<p>GRANDE: 29cm de ancho x 19,10cm de alto aproximadamente.<\/p>\n<p>PEQUE\u00d1O: 18cm de ancho x 9cm de alto aproximadamente.<\/p>\n<p>*****************************************<\/p>\n<p>Por favor, preg\u00fantanos si tienes alguna duda acerca de nuestros productos. Estamos felices de atenderte.<\/p>\n<p>Recordatorio: esta es una peque\u00f1a tienda de emprendedores y el tiempo invertido en crear nuestras piezas \u00fanicas tambi\u00e9n tiene valor.<\/p>\n<p>\u00bfTe gustan nuestros productos? Echa un vistazo a la tienda:<\/p>","protected":false},"excerpt":{"rendered":"<p>Originales y hermosas placas de madera en forma de nube para los m\u00e1s peque\u00f1os<\/p>\n<p>Puedes incluir el nombre que quieras en la pieza de madera. La pieza puede ser exhibida en una repisa o colgada en la pared.<\/p>","protected":false},"featured_media":7233,"comment_status":"open","ping_status":"closed","template":"","meta":{"_acf_changed":false},"product_brand":[],"product_cat":[250],"product_tag":[49,198,69,516,196,314,252,312,510,299,821,822,823,311,769,253,270,490,771,824,239],"filtro_producto":[],"class_list":{"0":"post-7231","1":"product","2":"type-product","3":"status-publish","4":"has-post-thumbnail","6":"product_cat-bebes","7":"product_tag-corte-laser","8":"product_tag-decoracion","9":"product_tag-grabado-laser","10":"product_tag-habitacion-de-ninos","11":"product_tag-madera","12":"product_tag-mama-primeriza","13":"product_tag-nacimiento-de-bebe","14":"product_tag-nacimiento-del-bebe","15":"product_tag-ninos","16":"product_tag-nombre-de-bebe","17":"product_tag-nube","18":"product_tag-nube-de-madera","19":"product_tag-nube-personalizada","20":"product_tag-placa-para-bebe","21":"product_tag-placas-para-bebes","22":"product_tag-regalo-para-bebe","23":"product_tag-regalos","24":"product_tag-regalos-originales","25":"product_tag-regalos-para-bebes","26":"product_tag-regalos-para-peques","27":"product_tag-regalos-personalizados","29":"first","30":"instock","31":"featured","32":"taxable","33":"shipping-taxable","34":"purchasable","35":"product-type-variable"},"acf":[],"aioseo_notices":[],"_links":{"self":[{"href":"https:\/\/manosinkietas.com\/en\/wp-json\/wp\/v2\/product\/7231","targetHints":{"allow":["GET"]}}],"collection":[{"href":"https:\/\/manosinkietas.com\/en\/wp-json\/wp\/v2\/product"}],"about":[{"href":"https:\/\/manosinkietas.com\/en\/wp-json\/wp\/v2\/types\/product"}],"replies":[{"embeddable":true,"href":"https:\/\/manosinkietas.com\/en\/wp-json\/wp\/v2\/comments?post=7231"}],"version-history":[{"count":1,"href":"https:\/\/manosinkietas.com\/en\/wp-json\/wp\/v2\/product\/7231\/revisions"}],"predecessor-version":[{"id":7236,"href":"https:\/\/manosinkietas.com\/en\/wp-json\/wp\/v2\/product\/7231\/revisions\/7236"}],"wp:featuredmedia":[{"embeddable":true,"href":"https:\/\/manosinkietas.com\/en\/wp-json\/wp\/v2\/media\/7233"}],"wp:attachment":[{"href":"https:\/\/manosinkietas.com\/en\/wp-json\/wp\/v2\/media?parent=7231"}],"wp:term":[{"taxonomy":"product_brand","embeddable":true,"href":"https:\/\/manosinkietas.com\/en\/wp-json\/wp\/v2\/product_brand?post=7231"},{"taxonomy":"product_cat","embeddable":true,"href":"https:\/\/manosinkietas.com\/en\/wp-json\/wp\/v2\/product_cat?post=7231"},{"taxonomy":"product_tag","embeddable":true,"href":"https:\/\/manosinkietas.com\/en\/wp-json\/wp\/v2\/product_tag?post=7231"},{"taxonomy":"filtro_producto","embeddable":true,"href":"https:\/\/manosinkietas.com\/en\/wp-json\/wp\/v2\/filtro_producto?post=7231"}],"curies":[{"name":"wp","href":"https:\/\/api.w.org\/{rel}","templated":true}]}}