{"id":7217,"date":"2022-08-28T11:04:06","date_gmt":"2022-08-28T09:04:06","guid":{"rendered":"https:\/\/manosinkietas.com\/?post_type=product&#038;p=7217"},"modified":"2024-06-24T17:33:02","modified_gmt":"2024-06-24T15:33:02","slug":"piezas-personalizadas-para-eventos","status":"publish","type":"product","link":"https:\/\/manosinkietas.com\/en\/product\/piezas-personalizadas-para-eventos\/","title":{"rendered":"Piezas Personalizadas para Eventos"},"content":{"rendered":"<p>Grabamos y personalizamos piezas ideales para la celebraci\u00f3n de tus eventos: abridores, llaveros, cajas de l\u00e1pices, abanicos, yoyos, huchas&#8230; \u00a1Lo que se te ocurra! Si quieres que personalicemos para ti una pieza \u00fanica y exclusiva, no dudes en contactarnos a trav\u00e9s de info@manosinkietas.com.<\/p>\n<p><strong>NOTA: Las im\u00e1genes de este art\u00edculo son ejemplos de pedidos personalizados y \u00fanicamente utilizadas como referencia.<\/strong><\/p>\n<p><strong>En ning\u00fan caso se enviar\u00e1 alguno de los productos que ves en las im\u00e1genes si incluyes este art\u00edculo en el carrito de compra.\u00a0\u00a0<\/strong><\/p>\n<p>*****************************************<\/p>\n<p>Por favor, preg\u00fantanos si tienes alguna duda acerca de nuestros productos. Estamos felices de atenderte.<\/p>\n<p>Recordatorio: esta es una peque\u00f1a tienda de emprendedores y el tiempo invertido en crear nuestras piezas \u00fanicas tambi\u00e9n tiene valor.<\/p>\n<p>\u00bfTe gustan nuestros productos? Echa un vistazo a la tienda:<\/p>","protected":false},"excerpt":{"rendered":"<p>Grabamos y personalizamos piezas ideales para la celebraci\u00f3n de tus eventos: posavasos, puzzles, ambientadores, abridores, llaveros, cajas de l\u00e1pices, abanicos&#8230; \u00a1Lo que se te ocurra!<\/p>","protected":false},"featured_media":10614,"comment_status":"open","ping_status":"closed","template":"","meta":{"_acf_changed":false},"product_brand":[],"product_cat":[665],"product_tag":[552,550,546,1006,819,49,1007,69,892,586,587,1005,196,662,814,416,539,286,72,817,816,818,815,239,820,549,1004],"filtro_producto":[149],"class_list":{"0":"post-7217","1":"product","2":"type-product","3":"status-publish","4":"has-post-thumbnail","6":"product_cat-personalizado","7":"product_tag-bautizos","8":"product_tag-bodas","9":"product_tag-boligrafos","10":"product_tag-colores","11":"product_tag-comunion","12":"product_tag-corte-laser","13":"product_tag-estuches","14":"product_tag-grabado-laser","15":"product_tag-huchas","16":"product_tag-lapices","17":"product_tag-lapices-personalizados","18":"product_tag-libretas","19":"product_tag-madera","20":"product_tag-pedido-personalizado","21":"product_tag-pedidos-personalizados","22":"product_tag-portalapices","23":"product_tag-primera-comunion","24":"product_tag-regalo-de-cumpleanos","25":"product_tag-regalo-personalizado","26":"product_tag-regalos-para-bautizos","27":"product_tag-regalos-para-bodas","28":"product_tag-regalos-para-comuniones","29":"product_tag-regalos-para-eventos","30":"product_tag-regalos-personalizados","31":"product_tag-souvenir","32":"product_tag-souvenirs","33":"product_tag-yoyo","34":"filtro_producto-mas-vendido","36":"first","37":"instock","38":"featured","39":"virtual","40":"taxable","41":"purchasable","42":"product-type-simple"},"acf":[],"aioseo_notices":[],"_links":{"self":[{"href":"https:\/\/manosinkietas.com\/en\/wp-json\/wp\/v2\/product\/7217","targetHints":{"allow":["GET"]}}],"collection":[{"href":"https:\/\/manosinkietas.com\/en\/wp-json\/wp\/v2\/product"}],"about":[{"href":"https:\/\/manosinkietas.com\/en\/wp-json\/wp\/v2\/types\/product"}],"replies":[{"embeddable":true,"href":"https:\/\/manosinkietas.com\/en\/wp-json\/wp\/v2\/comments?post=7217"}],"version-history":[{"count":2,"href":"https:\/\/manosinkietas.com\/en\/wp-json\/wp\/v2\/product\/7217\/revisions"}],"predecessor-version":[{"id":10630,"href":"https:\/\/manosinkietas.com\/en\/wp-json\/wp\/v2\/product\/7217\/revisions\/10630"}],"wp:featuredmedia":[{"embeddable":true,"href":"https:\/\/manosinkietas.com\/en\/wp-json\/wp\/v2\/media\/10614"}],"wp:attachment":[{"href":"https:\/\/manosinkietas.com\/en\/wp-json\/wp\/v2\/media?parent=7217"}],"wp:term":[{"taxonomy":"product_brand","embeddable":true,"href":"https:\/\/manosinkietas.com\/en\/wp-json\/wp\/v2\/product_brand?post=7217"},{"taxonomy":"product_cat","embeddable":true,"href":"https:\/\/manosinkietas.com\/en\/wp-json\/wp\/v2\/product_cat?post=7217"},{"taxonomy":"product_tag","embeddable":true,"href":"https:\/\/manosinkietas.com\/en\/wp-json\/wp\/v2\/product_tag?post=7217"},{"taxonomy":"filtro_producto","embeddable":true,"href":"https:\/\/manosinkietas.com\/en\/wp-json\/wp\/v2\/filtro_producto?post=7217"}],"curies":[{"name":"wp","href":"https:\/\/api.w.org\/{rel}","templated":true}]}}