{"id":5611,"date":"2022-05-24T21:26:04","date_gmt":"2022-05-24T19:26:04","guid":{"rendered":"https:\/\/manosinkietas.com\/?post_type=product&#038;p=5611"},"modified":"2026-03-31T19:03:35","modified_gmt":"2026-03-31T17:03:35","slug":"placa-personalizada-profesores-madera-metacrilato","status":"publish","type":"product","link":"https:\/\/manosinkietas.com\/en\/product\/placa-personalizada-profesores-madera-metacrilato\/","title":{"rendered":"Placa Personalizada para Profesores en Madera y Metacrilato"},"content":{"rendered":"<p>Hermosas y originales placas para profesores y profesoras. Puedes personalizar este regalo para regalar a profesores, profesoras, maestros, maestras.<\/p>\n<p>Esta placa personalizada es una excelente opci\u00f3n como regalo de fin de curso y es ideal para decorar un regalo o colgarla en la pared.<\/p>\n<p>Medidas:<\/p>\n<p>C\u00edrculo: 20 CM de di\u00e1metro<\/p>\n<p>*****************************************<\/p>\n<p>Por favor, preg\u00fantanos si tienes alguna duda acerca de nuestros productos. Estamos felices de atenderte.<\/p>\n<p>Recordatorio: esta es una peque\u00f1a tienda de emprendedores y el tiempo invertido en crear nuestras piezas \u00fanicas tambi\u00e9n tiene valor.<\/p>\n<p>\u00bfTe gustan nuestros productos? Echa un vistazo a la tienda:<\/p>","protected":false},"excerpt":{"rendered":"<p>Hermosas y originales placas para profesores y profesoras. Puedes personalizar este regalo para regalar a profesores, profesoras, maestros, maestras.<\/p>","protected":false},"featured_media":6702,"comment_status":"open","ping_status":"closed","template":"","meta":{"_acf_changed":false},"product_brand":[],"product_cat":[36,701],"product_tag":[49,668,812,813,754,661,69,196,48,90,91,670,659,809,810,660,270,811,658],"filtro_producto":[],"class_list":{"0":"post-5611","1":"product","2":"type-product","3":"status-publish","4":"has-post-thumbnail","6":"product_cat-celebracion","7":"product_cat-placas-personalizadas","8":"product_tag-corte-laser","9":"product_tag-detalles","10":"product_tag-detalles-para-profes","11":"product_tag-detalles-para-profesores","12":"product_tag-detalles-personalizados","13":"product_tag-fin-de-curso","14":"product_tag-grabado-laser","15":"product_tag-madera","16":"product_tag-metacrilato","17":"product_tag-placa-de-madera","18":"product_tag-placa-personalizada","19":"product_tag-profe","20":"product_tag-profes","21":"product_tag-profesora","22":"product_tag-profesoras","23":"product_tag-profesores","24":"product_tag-regalos","25":"product_tag-regalos-de-fin-de-curso","26":"product_tag-regalos-para-profes","27":"product_shipping_class-cc","29":"first","30":"instock","31":"featured","32":"taxable","33":"shipping-taxable","34":"purchasable","35":"product-type-variable"},"acf":[],"aioseo_notices":[],"_links":{"self":[{"href":"https:\/\/manosinkietas.com\/en\/wp-json\/wp\/v2\/product\/5611","targetHints":{"allow":["GET"]}}],"collection":[{"href":"https:\/\/manosinkietas.com\/en\/wp-json\/wp\/v2\/product"}],"about":[{"href":"https:\/\/manosinkietas.com\/en\/wp-json\/wp\/v2\/types\/product"}],"replies":[{"embeddable":true,"href":"https:\/\/manosinkietas.com\/en\/wp-json\/wp\/v2\/comments?post=5611"}],"version-history":[{"count":1,"href":"https:\/\/manosinkietas.com\/en\/wp-json\/wp\/v2\/product\/5611\/revisions"}],"predecessor-version":[{"id":6708,"href":"https:\/\/manosinkietas.com\/en\/wp-json\/wp\/v2\/product\/5611\/revisions\/6708"}],"wp:featuredmedia":[{"embeddable":true,"href":"https:\/\/manosinkietas.com\/en\/wp-json\/wp\/v2\/media\/6702"}],"wp:attachment":[{"href":"https:\/\/manosinkietas.com\/en\/wp-json\/wp\/v2\/media?parent=5611"}],"wp:term":[{"taxonomy":"product_brand","embeddable":true,"href":"https:\/\/manosinkietas.com\/en\/wp-json\/wp\/v2\/product_brand?post=5611"},{"taxonomy":"product_cat","embeddable":true,"href":"https:\/\/manosinkietas.com\/en\/wp-json\/wp\/v2\/product_cat?post=5611"},{"taxonomy":"product_tag","embeddable":true,"href":"https:\/\/manosinkietas.com\/en\/wp-json\/wp\/v2\/product_tag?post=5611"},{"taxonomy":"filtro_producto","embeddable":true,"href":"https:\/\/manosinkietas.com\/en\/wp-json\/wp\/v2\/filtro_producto?post=5611"}],"curies":[{"name":"wp","href":"https:\/\/api.w.org\/{rel}","templated":true}]}}