{"id":5497,"date":"2022-04-26T22:14:33","date_gmt":"2022-04-26T20:14:33","guid":{"rendered":"https:\/\/manosinkietas.com\/?post_type=product&#038;p=5497"},"modified":"2023-04-19T23:09:47","modified_gmt":"2023-04-19T21:09:47","slug":"postal-de-madera-dia-de-las-madres","status":"publish","type":"product","link":"https:\/\/manosinkietas.com\/en\/product\/postal-de-madera-dia-de-las-madres\/","title":{"rendered":"Postal de Madera D\u00eda de las Madres"},"content":{"rendered":"<p>Hermoso y original regalo para el D\u00eda de las Madres: nuestra postal de madera. Cada postal de madera trae un peque\u00f1o bouquet de flores preservadas reales.<\/p>\n<p>Utilizamos diferentes tipos de flores preservadas, as\u00ed que no hay dos iguales.<\/p>\n<p>Estas postales para mam\u00e1 tienen una frase muy bonita: &#8220;Me toc\u00f3 la mejor mam\u00e1 del mundo&#8221;<\/p>\n<p>Podemos grabar frases cortas en ingl\u00e9s o en espa\u00f1ol. Puedes tambi\u00e9n a\u00f1adir un par de nombres a tu postal.<\/p>\n<p>MEDIDAS: Alto 8cm \/ Ancho: 11,7cm<\/p>\n<p>*****************************************<\/p>\n<p>Por favor, preg\u00fantanos si tienes alguna duda acerca de nuestros productos. Estamos felices de atenderte.<\/p>\n<p>Recordatorio: esta es una peque\u00f1a tienda de emprendedores y el tiempo invertido en crear nuestras piezas \u00fanicas tambi\u00e9n tiene valor.<\/p>\n<p>\u00bfTe gustan nuestros productos? Echa un vistazo a la tienda:<\/p>","protected":false},"excerpt":{"rendered":"<p>Hermoso y original regalo para el D\u00eda de las Madres: nuestra postal de madera. Cada postal de madera trae un peque\u00f1o bouquet de flores preservadas reales.<\/p>","protected":false},"featured_media":5498,"comment_status":"open","ping_status":"closed","template":"","meta":{"_acf_changed":false},"product_brand":[],"product_cat":[36,702],"product_tag":[49,83,84,144,69,196,805,806,807,314,808,427,428,429,85,72,284,92],"filtro_producto":[],"class_list":{"0":"post-5497","1":"product","2":"type-product","3":"status-publish","4":"has-post-thumbnail","6":"product_cat-celebracion","7":"product_cat-tematico","8":"product_tag-corte-laser","9":"product_tag-dia-de-la-madre","10":"product_tag-dia-de-las-madres","11":"product_tag-flores-preservadas","12":"product_tag-grabado-laser","13":"product_tag-madera","14":"product_tag-madre","15":"product_tag-madres","16":"product_tag-mama","17":"product_tag-mama-primeriza","18":"product_tag-placa-para-mama","19":"product_tag-postal","20":"product_tag-postal-de-madera","21":"product_tag-postal-personalizada","22":"product_tag-regalo-para-mama","23":"product_tag-regalo-personalizado","24":"product_tag-regalos-para-mama","25":"product_tag-super-mama","26":"product_shipping_class-cc","28":"first","29":"instock","30":"taxable","31":"shipping-taxable","32":"purchasable","33":"product-type-simple"},"acf":[],"aioseo_notices":[],"_links":{"self":[{"href":"https:\/\/manosinkietas.com\/en\/wp-json\/wp\/v2\/product\/5497","targetHints":{"allow":["GET"]}}],"collection":[{"href":"https:\/\/manosinkietas.com\/en\/wp-json\/wp\/v2\/product"}],"about":[{"href":"https:\/\/manosinkietas.com\/en\/wp-json\/wp\/v2\/types\/product"}],"replies":[{"embeddable":true,"href":"https:\/\/manosinkietas.com\/en\/wp-json\/wp\/v2\/comments?post=5497"}],"version-history":[{"count":2,"href":"https:\/\/manosinkietas.com\/en\/wp-json\/wp\/v2\/product\/5497\/revisions"}],"predecessor-version":[{"id":5503,"href":"https:\/\/manosinkietas.com\/en\/wp-json\/wp\/v2\/product\/5497\/revisions\/5503"}],"wp:featuredmedia":[{"embeddable":true,"href":"https:\/\/manosinkietas.com\/en\/wp-json\/wp\/v2\/media\/5498"}],"wp:attachment":[{"href":"https:\/\/manosinkietas.com\/en\/wp-json\/wp\/v2\/media?parent=5497"}],"wp:term":[{"taxonomy":"product_brand","embeddable":true,"href":"https:\/\/manosinkietas.com\/en\/wp-json\/wp\/v2\/product_brand?post=5497"},{"taxonomy":"product_cat","embeddable":true,"href":"https:\/\/manosinkietas.com\/en\/wp-json\/wp\/v2\/product_cat?post=5497"},{"taxonomy":"product_tag","embeddable":true,"href":"https:\/\/manosinkietas.com\/en\/wp-json\/wp\/v2\/product_tag?post=5497"},{"taxonomy":"filtro_producto","embeddable":true,"href":"https:\/\/manosinkietas.com\/en\/wp-json\/wp\/v2\/filtro_producto?post=5497"}],"curies":[{"name":"wp","href":"https:\/\/api.w.org\/{rel}","templated":true}]}}