{"id":5284,"date":"2022-03-13T18:12:30","date_gmt":"2022-03-13T17:12:30","guid":{"rendered":"https:\/\/manosinkietas.com\/?post_type=product&#038;p=5284"},"modified":"2024-03-04T23:29:56","modified_gmt":"2024-03-04T22:29:56","slug":"matricula-placa-madera-para-papa","status":"publish","type":"product","link":"https:\/\/manosinkietas.com\/en\/product\/matricula-placa-madera-para-papa\/","title":{"rendered":"Matr\u00edcula o Placa de Madera para Pap\u00e1"},"content":{"rendered":"<p>Originales y divertidas matr\u00edculas de madera pintadas a mano para regalar a pap\u00e1.<\/p>\n<p>Puedes modificar el texto e incluir el nombre que quieras en la pieza de madera.<\/p>\n<p>Ideal para regalar en el D\u00eda del Padre tanto a pap\u00e1 como a cualquier miembro de la familia o para celebrar junto a pap\u00e1.<\/p>\n<p>Medidas:<\/p>\n<p>16 cm x 8,90 cm aproximadamente.<\/p>\n<p>*****************************************<\/p>\n<p>Por favor, preg\u00fantanos si tienes alguna duda acerca de nuestros productos. Estamos felices de atenderte.<\/p>\n<p>Recordatorio: esta es una peque\u00f1a tienda de emprendedores y el tiempo invertido en crear nuestras piezas \u00fanicas tambi\u00e9n tiene valor.<\/p>\n<p>\u00bfTe gustan nuestros productos? Echa un vistazo a la tienda:<\/p>","protected":false},"excerpt":{"rendered":"<p>Originales y divertidas matr\u00edculas de madera pintadas a mano para regalar a pap\u00e1.<\/p>","protected":false},"featured_media":5285,"comment_status":"open","ping_status":"closed","template":"","meta":{"_acf_changed":false},"product_brand":[],"product_cat":[36,703],"product_tag":[49,803,86,802,804,69,196,494,1035,1034,181,87,270,490,184,239,88],"filtro_producto":[],"class_list":{"0":"post-5284","1":"product","2":"type-product","3":"status-publish","4":"has-post-thumbnail","6":"product_cat-celebracion","7":"product_cat-menaje","8":"product_tag-corte-laser","9":"product_tag-dad","10":"product_tag-dia-del-padre","11":"product_tag-father","12":"product_tag-fathers-day","13":"product_tag-grabado-laser","14":"product_tag-madera","15":"product_tag-marco-de-fotos","16":"product_tag-matricula-de-coche-personalizada","17":"product_tag-matricula-dia-del-padre","18":"product_tag-regalo-del-dia-del-padre","19":"product_tag-regalo-para-papa","20":"product_tag-regalos","21":"product_tag-regalos-originales","22":"product_tag-regalos-para-papa","23":"product_tag-regalos-personalizados","24":"product_tag-super-papa","26":"first","27":"instock","28":"taxable","29":"shipping-taxable","30":"purchasable","31":"product-type-variable"},"acf":[],"aioseo_notices":[],"_links":{"self":[{"href":"https:\/\/manosinkietas.com\/en\/wp-json\/wp\/v2\/product\/5284","targetHints":{"allow":["GET"]}}],"collection":[{"href":"https:\/\/manosinkietas.com\/en\/wp-json\/wp\/v2\/product"}],"about":[{"href":"https:\/\/manosinkietas.com\/en\/wp-json\/wp\/v2\/types\/product"}],"replies":[{"embeddable":true,"href":"https:\/\/manosinkietas.com\/en\/wp-json\/wp\/v2\/comments?post=5284"}],"version-history":[{"count":2,"href":"https:\/\/manosinkietas.com\/en\/wp-json\/wp\/v2\/product\/5284\/revisions"}],"predecessor-version":[{"id":10664,"href":"https:\/\/manosinkietas.com\/en\/wp-json\/wp\/v2\/product\/5284\/revisions\/10664"}],"wp:featuredmedia":[{"embeddable":true,"href":"https:\/\/manosinkietas.com\/en\/wp-json\/wp\/v2\/media\/5285"}],"wp:attachment":[{"href":"https:\/\/manosinkietas.com\/en\/wp-json\/wp\/v2\/media?parent=5284"}],"wp:term":[{"taxonomy":"product_brand","embeddable":true,"href":"https:\/\/manosinkietas.com\/en\/wp-json\/wp\/v2\/product_brand?post=5284"},{"taxonomy":"product_cat","embeddable":true,"href":"https:\/\/manosinkietas.com\/en\/wp-json\/wp\/v2\/product_cat?post=5284"},{"taxonomy":"product_tag","embeddable":true,"href":"https:\/\/manosinkietas.com\/en\/wp-json\/wp\/v2\/product_tag?post=5284"},{"taxonomy":"filtro_producto","embeddable":true,"href":"https:\/\/manosinkietas.com\/en\/wp-json\/wp\/v2\/filtro_producto?post=5284"}],"curies":[{"name":"wp","href":"https:\/\/api.w.org\/{rel}","templated":true}]}}