{"id":5261,"date":"2022-03-10T22:56:13","date_gmt":"2022-03-10T21:56:13","guid":{"rendered":"https:\/\/manosinkietas.com\/?post_type=product&#038;p=5261"},"modified":"2026-03-06T19:17:46","modified_gmt":"2026-03-06T18:17:46","slug":"marco-fotos-te-queremos-papa-mama","status":"publish","type":"product","link":"https:\/\/manosinkietas.com\/en\/product\/marco-fotos-te-queremos-papa-mama\/","title":{"rendered":"Marco para fotos Te Queremos Pap\u00e1 y Mam\u00e1"},"content":{"rendered":"<p>Hermoso marco de fotos para colocar tus im\u00e1genes favoritas para regalar a pap\u00e1 o a mam\u00e1.<\/p>\n<p>Puedes modificar el texto e incluir nombres en la pieza de madera.<\/p>\n<p>Ideal para regalar en el D\u00eda del Padre \/ D\u00eda de la Madre para celebrar junto a pap\u00e1 o mam\u00e1.<\/p>\n<p>Medidas:<\/p>\n<p>20 cm x 15 cm aproximadamente.<\/p>\n<p>*****************************************<\/p>\n<p>Por favor, preg\u00fantanos si tienes alguna duda acerca de nuestros productos. Estamos felices de atenderte.<\/p>\n<p>Recordatorio: esta es una peque\u00f1a tienda de emprendedores y el tiempo invertido en crear nuestras piezas \u00fanicas tambi\u00e9n tiene valor.<\/p>\n<p>\u00bfTe gustan nuestros productos? Echa un vistazo a la tienda:<\/p>","protected":false},"excerpt":{"rendered":"<p>Hermoso marco de fotos para colocar tus im\u00e1genes favoritas para regalar a pap\u00e1 o a mam\u00e1.<\/p>","protected":false},"featured_media":5280,"comment_status":"open","ping_status":"closed","template":"","meta":{"_acf_changed":false},"product_brand":[],"product_cat":[36,703],"product_tag":[49,803,84,86,802,804,69,196,805,806,807,314,494,866,181,85,87,270,490,284,184,239,92,88],"filtro_producto":[],"class_list":{"0":"post-5261","1":"product","2":"type-product","3":"status-publish","4":"has-post-thumbnail","6":"product_cat-celebracion","7":"product_cat-menaje","8":"product_tag-corte-laser","9":"product_tag-dad","10":"product_tag-dia-de-las-madres","11":"product_tag-dia-del-padre","12":"product_tag-father","13":"product_tag-fathers-day","14":"product_tag-grabado-laser","15":"product_tag-madera","16":"product_tag-madre","17":"product_tag-madres","18":"product_tag-mama","19":"product_tag-mama-primeriza","20":"product_tag-marco-de-fotos","21":"product_tag-regalo-del-dia-de-la-madre","22":"product_tag-regalo-del-dia-del-padre","23":"product_tag-regalo-para-mama","24":"product_tag-regalo-para-papa","25":"product_tag-regalos","26":"product_tag-regalos-originales","27":"product_tag-regalos-para-mama","28":"product_tag-regalos-para-papa","29":"product_tag-regalos-personalizados","30":"product_tag-super-mama","31":"product_tag-super-papa","33":"first","34":"instock","35":"taxable","36":"shipping-taxable","37":"purchasable","38":"product-type-variable"},"acf":[],"aioseo_notices":[],"_links":{"self":[{"href":"https:\/\/manosinkietas.com\/en\/wp-json\/wp\/v2\/product\/5261","targetHints":{"allow":["GET"]}}],"collection":[{"href":"https:\/\/manosinkietas.com\/en\/wp-json\/wp\/v2\/product"}],"about":[{"href":"https:\/\/manosinkietas.com\/en\/wp-json\/wp\/v2\/types\/product"}],"replies":[{"embeddable":true,"href":"https:\/\/manosinkietas.com\/en\/wp-json\/wp\/v2\/comments?post=5261"}],"version-history":[{"count":3,"href":"https:\/\/manosinkietas.com\/en\/wp-json\/wp\/v2\/product\/5261\/revisions"}],"predecessor-version":[{"id":8609,"href":"https:\/\/manosinkietas.com\/en\/wp-json\/wp\/v2\/product\/5261\/revisions\/8609"}],"wp:featuredmedia":[{"embeddable":true,"href":"https:\/\/manosinkietas.com\/en\/wp-json\/wp\/v2\/media\/5280"}],"wp:attachment":[{"href":"https:\/\/manosinkietas.com\/en\/wp-json\/wp\/v2\/media?parent=5261"}],"wp:term":[{"taxonomy":"product_brand","embeddable":true,"href":"https:\/\/manosinkietas.com\/en\/wp-json\/wp\/v2\/product_brand?post=5261"},{"taxonomy":"product_cat","embeddable":true,"href":"https:\/\/manosinkietas.com\/en\/wp-json\/wp\/v2\/product_cat?post=5261"},{"taxonomy":"product_tag","embeddable":true,"href":"https:\/\/manosinkietas.com\/en\/wp-json\/wp\/v2\/product_tag?post=5261"},{"taxonomy":"filtro_producto","embeddable":true,"href":"https:\/\/manosinkietas.com\/en\/wp-json\/wp\/v2\/filtro_producto?post=5261"}],"curies":[{"name":"wp","href":"https:\/\/api.w.org\/{rel}","templated":true}]}}