{"id":4601,"date":"2021-11-21T13:42:01","date_gmt":"2021-11-21T12:42:01","guid":{"rendered":"https:\/\/manosinkietas.com\/?post_type=product&#038;p=4601"},"modified":"2026-03-31T19:49:23","modified_gmt":"2026-03-31T17:49:23","slug":"nacimiento-de-madera-corte-laser-pintados-a-mano","status":"publish","type":"product","link":"https:\/\/manosinkietas.com\/en\/product\/nacimiento-de-madera-corte-laser-pintados-a-mano\/","title":{"rendered":"Nacimiento de Madera Corte L\u00e1ser Pintados a Mano"},"content":{"rendered":"<p>Hermosos nacimientos de madera a corte l\u00e1ser y pintados a mano.<\/p>\n<p>Cada bel\u00e9n ha sido armado y pintado a mano con tinta para madera color roble y pintura acr\u00edlica en hermosos tonos color pastel.<\/p>\n<p>Estos belenes son ideales como decoraci\u00f3n navide\u00f1a para tu casa u oficina. Tambi\u00e9n son el regalo ideal para coleccionistas.<\/p>\n<p>Medidas aproximadas:<\/p>\n<p>Bel\u00e9n 1 (redondo)<\/p>\n<p>Ancho: 6,1cm<\/p>\n<p>Alto: 6,4cm<\/p>\n<p>Bel\u00e9n 2 (choza)<\/p>\n<p>Ancho: 7,4cm<\/p>\n<p>Alto: 6,4cm<\/p>\n<p>Belen 3 (cesta)<\/p>\n<p>Ancho: 5,5cm<\/p>\n<p>Alto: 5,4cm<\/p>\n<p>*****************************************<\/p>\n<p>Por favor, preg\u00fantanos si tienes alguna duda acerca de nuestros productos. Estamos felices de atenderte.<\/p>\n<p>Recordatorio: esta es una peque\u00f1a tienda de emprendedores y el tiempo invertido en crear nuestras piezas \u00fanicas tambi\u00e9n tiene valor.<\/p>\n<p>\u00bfTe gustan nuestros productos? Echa un vistazo a la tienda:<\/p>","protected":false},"excerpt":{"rendered":"<p>Hermosos nacimientos de madera a corte l\u00e1ser y pintados a mano.<\/p>","protected":false},"featured_media":4630,"comment_status":"open","ping_status":"closed","template":"","meta":{"_acf_changed":false},"product_brand":[],"product_cat":[705,56],"product_tag":[166,161,165,783,49,163,162,160,164,155,270,772,773],"filtro_producto":[],"class_list":{"0":"post-4601","1":"product","2":"type-product","3":"status-publish","4":"has-post-thumbnail","6":"product_cat-nacimientos-y-belenes","7":"product_cat-navidad-y-ano-nuevo","8":"product_tag-adorno-de-navidad","9":"product_tag-belen","10":"product_tag-belen-de-madera","11":"product_tag-color-pastel","12":"product_tag-corte-laser","13":"product_tag-misterio","14":"product_tag-misterio-de-navidad","15":"product_tag-nacimiento","16":"product_tag-nacimiento-de-madera","17":"product_tag-navidad","18":"product_tag-regalos","19":"product_tag-regalos-de-navidad","20":"product_tag-regalos-de-reyes","21":"product_shipping_class-cc","23":"first","24":"instock","25":"taxable","26":"shipping-taxable","27":"purchasable","28":"product-type-variable"},"acf":[],"aioseo_notices":[],"_links":{"self":[{"href":"https:\/\/manosinkietas.com\/en\/wp-json\/wp\/v2\/product\/4601","targetHints":{"allow":["GET"]}}],"collection":[{"href":"https:\/\/manosinkietas.com\/en\/wp-json\/wp\/v2\/product"}],"about":[{"href":"https:\/\/manosinkietas.com\/en\/wp-json\/wp\/v2\/types\/product"}],"replies":[{"embeddable":true,"href":"https:\/\/manosinkietas.com\/en\/wp-json\/wp\/v2\/comments?post=4601"}],"version-history":[{"count":2,"href":"https:\/\/manosinkietas.com\/en\/wp-json\/wp\/v2\/product\/4601\/revisions"}],"predecessor-version":[{"id":4643,"href":"https:\/\/manosinkietas.com\/en\/wp-json\/wp\/v2\/product\/4601\/revisions\/4643"}],"wp:featuredmedia":[{"embeddable":true,"href":"https:\/\/manosinkietas.com\/en\/wp-json\/wp\/v2\/media\/4630"}],"wp:attachment":[{"href":"https:\/\/manosinkietas.com\/en\/wp-json\/wp\/v2\/media?parent=4601"}],"wp:term":[{"taxonomy":"product_brand","embeddable":true,"href":"https:\/\/manosinkietas.com\/en\/wp-json\/wp\/v2\/product_brand?post=4601"},{"taxonomy":"product_cat","embeddable":true,"href":"https:\/\/manosinkietas.com\/en\/wp-json\/wp\/v2\/product_cat?post=4601"},{"taxonomy":"product_tag","embeddable":true,"href":"https:\/\/manosinkietas.com\/en\/wp-json\/wp\/v2\/product_tag?post=4601"},{"taxonomy":"filtro_producto","embeddable":true,"href":"https:\/\/manosinkietas.com\/en\/wp-json\/wp\/v2\/filtro_producto?post=4601"}],"curies":[{"name":"wp","href":"https:\/\/api.w.org\/{rel}","templated":true}]}}