{"id":4472,"date":"2021-11-08T12:43:12","date_gmt":"2021-11-08T11:43:12","guid":{"rendered":"https:\/\/manosinkietas.com\/?post_type=product&#038;p=4472"},"modified":"2024-11-26T19:14:20","modified_gmt":"2024-11-26T18:14:20","slug":"adornos-de-navidad-con-bombones","status":"publish","type":"product","link":"https:\/\/manosinkietas.com\/en\/product\/adornos-de-navidad-con-bombones\/","title":{"rendered":"Adornos de Navidad Con Bombones"},"content":{"rendered":"<p>Preciosos y originales adornos de Navidad en madera al corte l\u00e1ser. Los adornos de navidad incluyen un agujero para colocar bombones. Perfectos para decorar tu \u00e1rbol de navidad. Puedes personalizar los adornos con el nombre de alg\u00fan familiar o ser querido o con la frase que desees, nosotros nos encargamos de grabarlo.<\/p>\n<p>Medidas aproximadas:<\/p>\n<p>Rudolph, el reno<\/p>\n<p>Alto: 13 cm<br \/>\nAncho: 11 cm<\/p>\n<p>Oso polar<\/p>\n<p>Alto: 9 cm<br \/>\nAncho: 9 cm (parte\u00a0 superior, orejas)<\/p>\n<p>Copo de nieve<\/p>\n<p>Alto: 11 cm<br \/>\nAncho: 11,2 cm<\/p>\n<p>&nbsp;<\/p>\n<p>NOTA: Bombones no incluidos.<\/p>\n<p>*****************************************<\/p>\n<p>Por favor, preg\u00fantanos si tienes alguna duda acerca de nuestros productos. Estamos felices de atenderte.<\/p>\n<p>Recordatorio: esta es una peque\u00f1a tienda de emprendedores y el tiempo invertido en crear nuestras piezas \u00fanicas tambi\u00e9n tiene valor.<\/p>\n<p>\u00bfTe gustan nuestros productos? Echa un vistazo a la tienda:<\/p>","protected":false},"excerpt":{"rendered":"<p>Preciosos y originales adornos de Navidad en madera al corte l\u00e1ser. Los adornos de navidad incluyen un agujero para colocar bombones.<\/p>","protected":false},"featured_media":4490,"comment_status":"open","ping_status":"closed","template":"","meta":{"_acf_changed":false},"product_brand":[],"product_cat":[704,56],"product_tag":[643,166,450,158,645,157,161,648,777,49,652,650,69,196,163,649,160,155,776,156,270,772,773,778,779,647,651],"filtro_producto":[],"class_list":{"0":"post-4472","1":"product","2":"type-product","3":"status-publish","4":"has-post-thumbnail","6":"product_cat-adornos-de-navidad","7":"product_cat-navidad-y-ano-nuevo","8":"product_tag-adorno","9":"product_tag-adorno-de-navidad","10":"product_tag-ano-nuevo","11":"product_tag-arbol-de-navidad","12":"product_tag-arbolito","13":"product_tag-arbolito-de-navidad","14":"product_tag-belen","15":"product_tag-calcetin-de-navidad","16":"product_tag-copo-de-nieve","17":"product_tag-corte-laser","18":"product_tag-galleta-de-jengibre","19":"product_tag-globo-de-nieve","20":"product_tag-grabado-laser","21":"product_tag-madera","22":"product_tag-misterio","23":"product_tag-muneco-de-nieve","24":"product_tag-nacimiento","25":"product_tag-navidad","26":"product_tag-oso-polar","27":"product_tag-regalo-de-navidad","28":"product_tag-regalos","29":"product_tag-regalos-de-navidad","30":"product_tag-regalos-de-reyes","31":"product_tag-rodolfo-el-reno","32":"product_tag-rudolph-el-reno","33":"product_tag-shaker","34":"product_tag-tarro-de-dulces","35":"product_shipping_class-cc","37":"first","38":"instock","39":"taxable","40":"shipping-taxable","41":"purchasable","42":"product-type-variable"},"acf":[],"aioseo_notices":[],"_links":{"self":[{"href":"https:\/\/manosinkietas.com\/en\/wp-json\/wp\/v2\/product\/4472","targetHints":{"allow":["GET"]}}],"collection":[{"href":"https:\/\/manosinkietas.com\/en\/wp-json\/wp\/v2\/product"}],"about":[{"href":"https:\/\/manosinkietas.com\/en\/wp-json\/wp\/v2\/types\/product"}],"replies":[{"embeddable":true,"href":"https:\/\/manosinkietas.com\/en\/wp-json\/wp\/v2\/comments?post=4472"}],"version-history":[{"count":5,"href":"https:\/\/manosinkietas.com\/en\/wp-json\/wp\/v2\/product\/4472\/revisions"}],"predecessor-version":[{"id":5154,"href":"https:\/\/manosinkietas.com\/en\/wp-json\/wp\/v2\/product\/4472\/revisions\/5154"}],"wp:featuredmedia":[{"embeddable":true,"href":"https:\/\/manosinkietas.com\/en\/wp-json\/wp\/v2\/media\/4490"}],"wp:attachment":[{"href":"https:\/\/manosinkietas.com\/en\/wp-json\/wp\/v2\/media?parent=4472"}],"wp:term":[{"taxonomy":"product_brand","embeddable":true,"href":"https:\/\/manosinkietas.com\/en\/wp-json\/wp\/v2\/product_brand?post=4472"},{"taxonomy":"product_cat","embeddable":true,"href":"https:\/\/manosinkietas.com\/en\/wp-json\/wp\/v2\/product_cat?post=4472"},{"taxonomy":"product_tag","embeddable":true,"href":"https:\/\/manosinkietas.com\/en\/wp-json\/wp\/v2\/product_tag?post=4472"},{"taxonomy":"filtro_producto","embeddable":true,"href":"https:\/\/manosinkietas.com\/en\/wp-json\/wp\/v2\/filtro_producto?post=4472"}],"curies":[{"name":"wp","href":"https:\/\/api.w.org\/{rel}","templated":true}]}}