{"id":4454,"date":"2021-11-07T17:55:37","date_gmt":"2021-11-07T16:55:37","guid":{"rendered":"https:\/\/manosinkietas.com\/?post_type=product&#038;p=4454"},"modified":"2025-11-23T11:50:51","modified_gmt":"2025-11-23T10:50:51","slug":"placa-de-madera-mi-primera-navidad","status":"publish","type":"product","link":"https:\/\/manosinkietas.com\/en\/product\/placa-de-madera-mi-primera-navidad\/","title":{"rendered":"Placa de Madera Mi Primera Navidad"},"content":{"rendered":"<p>Hermosas y originales placas para personalizar, perfectas para recordar la primera Navidad de tu beb\u00e9. Es el complemento ideal para un detalle especial.<\/p>\n<p>Esta placa personalizada es una excelente opci\u00f3n como regalo para padres recientes durante las fiestas navide\u00f1as. Puedes incluir texto o dibujos en tu placa y el nombre del beb\u00e9 grabado en la pieza.<\/p>\n<p>Esta pieza es de madera cortada y grabada a l\u00e1ser.<\/p>\n<p>Medidas:<\/p>\n<p>Ancho: 13 CM aproximadamente.<\/p>\n<p>Alto: 10,5 CM aproximadamente.<\/p>\n<p>Medidas estrella:<\/p>\n<p>11cm aproximadamente<\/p>\n<p>Medidas base de madera:<\/p>\n<p>10cm x 3cm<\/p>\n<p>Estrellita: 4,5cm x 4,5cm<\/p>\n<p>*****************************************<\/p>\n<p>Por favor, preg\u00fantanos si tienes alguna duda acerca de nuestros productos. Estamos felices de atenderte.<\/p>\n<p>Recordatorio: esta es una peque\u00f1a tienda de emprendedores y el tiempo invertido en crear nuestras piezas \u00fanicas tambi\u00e9n tiene valor.<\/p>\n<p>\u00bfTe gustan nuestros productos? Echa un vistazo a la tienda:<\/p>","protected":false},"excerpt":{"rendered":"<p>Hermosas y originales placas de Mi Primera Navidad para personalizar. Es el complemento ideal para un detalle especial en Navidad.<\/p>","protected":false},"featured_media":12199,"comment_status":"open","ping_status":"closed","template":"","meta":{"_acf_changed":false},"product_brand":[],"product_cat":[56,707],"product_tag":[770,49,69,767,768,90,1473,91,769,775,774,772,773,490,771,239],"filtro_producto":[],"class_list":{"0":"post-4454","1":"product","2":"type-product","3":"status-publish","4":"has-post-thumbnail","6":"product_cat-navidad-y-ano-nuevo","7":"product_cat-placas-personalizadas-de-navidad","8":"product_tag-bebes","9":"product_tag-corte-laser","10":"product_tag-grabado-laser","11":"product_tag-mi-primera-navidad","12":"product_tag-my-first-christmas","13":"product_tag-placa-de-madera","14":"product_tag-placa-mi-primera-navidad","15":"product_tag-placa-personalizada","16":"product_tag-placas-para-bebes","17":"product_tag-regalos-de-ahijadas","18":"product_tag-regalos-de-ahijados","19":"product_tag-regalos-de-navidad","20":"product_tag-regalos-de-reyes","21":"product_tag-regalos-originales","22":"product_tag-regalos-para-bebes","23":"product_tag-regalos-personalizados","24":"product_shipping_class-cc","26":"first","27":"instock","28":"taxable","29":"shipping-taxable","30":"purchasable","31":"product-type-variable"},"acf":[],"aioseo_notices":[],"_links":{"self":[{"href":"https:\/\/manosinkietas.com\/en\/wp-json\/wp\/v2\/product\/4454","targetHints":{"allow":["GET"]}}],"collection":[{"href":"https:\/\/manosinkietas.com\/en\/wp-json\/wp\/v2\/product"}],"about":[{"href":"https:\/\/manosinkietas.com\/en\/wp-json\/wp\/v2\/types\/product"}],"replies":[{"embeddable":true,"href":"https:\/\/manosinkietas.com\/en\/wp-json\/wp\/v2\/comments?post=4454"}],"version-history":[{"count":8,"href":"https:\/\/manosinkietas.com\/en\/wp-json\/wp\/v2\/product\/4454\/revisions"}],"predecessor-version":[{"id":12204,"href":"https:\/\/manosinkietas.com\/en\/wp-json\/wp\/v2\/product\/4454\/revisions\/12204"}],"wp:featuredmedia":[{"embeddable":true,"href":"https:\/\/manosinkietas.com\/en\/wp-json\/wp\/v2\/media\/12199"}],"wp:attachment":[{"href":"https:\/\/manosinkietas.com\/en\/wp-json\/wp\/v2\/media?parent=4454"}],"wp:term":[{"taxonomy":"product_brand","embeddable":true,"href":"https:\/\/manosinkietas.com\/en\/wp-json\/wp\/v2\/product_brand?post=4454"},{"taxonomy":"product_cat","embeddable":true,"href":"https:\/\/manosinkietas.com\/en\/wp-json\/wp\/v2\/product_cat?post=4454"},{"taxonomy":"product_tag","embeddable":true,"href":"https:\/\/manosinkietas.com\/en\/wp-json\/wp\/v2\/product_tag?post=4454"},{"taxonomy":"filtro_producto","embeddable":true,"href":"https:\/\/manosinkietas.com\/en\/wp-json\/wp\/v2\/filtro_producto?post=4454"}],"curies":[{"name":"wp","href":"https:\/\/api.w.org\/{rel}","templated":true}]}}