{"id":3592,"date":"2021-06-11T11:00:38","date_gmt":"2021-06-11T09:00:38","guid":{"rendered":"https:\/\/manosinkietas.com\/?post_type=product&#038;p=3592"},"modified":"2024-10-03T23:40:41","modified_gmt":"2024-10-03T21:40:41","slug":"pizarra-madera-personalizada","status":"publish","type":"product","link":"https:\/\/manosinkietas.com\/en\/product\/pizarra-madera-personalizada\/","title":{"rendered":"Pizarra de Madera para Personalizar"},"content":{"rendered":"<p>Preciosa pizarra de madera a corte y grabado l\u00e1ser que puedes personalizar como regalo para tus profes.<\/p>\n<p>Puedes modificar el texto de la pizarra y el nombre del profesor en la taza.<\/p>\n<p>Ideal para regalar a tus profesores favoritos o como obsequio de fin de curso \/ nivel.<\/p>\n<p>Medidas:<\/p>\n<p>&nbsp;<\/p>\n<p>23cm x 14,5cm aproximadamente.<\/p>\n<p>*****************************************<\/p>\n<p>Por favor, preg\u00fantanos si tienes alguna duda acerca de nuestros productos. Estamos felices de atenderte.<\/p>\n<p>Recordatorio: esta es una peque\u00f1a tienda de emprendedores y el tiempo invertido en crear nuestras piezas \u00fanicas tambi\u00e9n tiene valor.<\/p>\n<p>\u00bfTe gustan nuestros productos? Echa un vistazo a la tienda:<\/p>","protected":false},"excerpt":{"rendered":"<p>Preciosa pizarra de madera a corte y grabado l\u00e1ser que puedes personalizar como regalo para tus profes.<\/p>","protected":false},"featured_media":3605,"comment_status":"open","ping_status":"closed","template":"","meta":{"_acf_changed":false},"product_brand":[],"product_cat":[36,701],"product_tag":[49,657,661,69,196,656,655,659,660,270,490,658,239],"filtro_producto":[],"class_list":{"0":"post-3592","1":"product","2":"type-product","3":"status-publish","4":"has-post-thumbnail","6":"product_cat-celebracion","7":"product_cat-placas-personalizadas","8":"product_tag-corte-laser","9":"product_tag-encerado","10":"product_tag-fin-de-curso","11":"product_tag-grabado-laser","12":"product_tag-madera","13":"product_tag-pizarra","14":"product_tag-pizarrita","15":"product_tag-profes","16":"product_tag-profesores","17":"product_tag-regalos","18":"product_tag-regalos-originales","19":"product_tag-regalos-para-profes","20":"product_tag-regalos-personalizados","22":"first","23":"instock","24":"taxable","25":"shipping-taxable","26":"purchasable","27":"product-type-simple"},"acf":[],"aioseo_notices":[],"_links":{"self":[{"href":"https:\/\/manosinkietas.com\/en\/wp-json\/wp\/v2\/product\/3592","targetHints":{"allow":["GET"]}}],"collection":[{"href":"https:\/\/manosinkietas.com\/en\/wp-json\/wp\/v2\/product"}],"about":[{"href":"https:\/\/manosinkietas.com\/en\/wp-json\/wp\/v2\/types\/product"}],"replies":[{"embeddable":true,"href":"https:\/\/manosinkietas.com\/en\/wp-json\/wp\/v2\/comments?post=3592"}],"version-history":[{"count":2,"href":"https:\/\/manosinkietas.com\/en\/wp-json\/wp\/v2\/product\/3592\/revisions"}],"predecessor-version":[{"id":5268,"href":"https:\/\/manosinkietas.com\/en\/wp-json\/wp\/v2\/product\/3592\/revisions\/5268"}],"wp:featuredmedia":[{"embeddable":true,"href":"https:\/\/manosinkietas.com\/en\/wp-json\/wp\/v2\/media\/3605"}],"wp:attachment":[{"href":"https:\/\/manosinkietas.com\/en\/wp-json\/wp\/v2\/media?parent=3592"}],"wp:term":[{"taxonomy":"product_brand","embeddable":true,"href":"https:\/\/manosinkietas.com\/en\/wp-json\/wp\/v2\/product_brand?post=3592"},{"taxonomy":"product_cat","embeddable":true,"href":"https:\/\/manosinkietas.com\/en\/wp-json\/wp\/v2\/product_cat?post=3592"},{"taxonomy":"product_tag","embeddable":true,"href":"https:\/\/manosinkietas.com\/en\/wp-json\/wp\/v2\/product_tag?post=3592"},{"taxonomy":"filtro_producto","embeddable":true,"href":"https:\/\/manosinkietas.com\/en\/wp-json\/wp\/v2\/filtro_producto?post=3592"}],"curies":[{"name":"wp","href":"https:\/\/api.w.org\/{rel}","templated":true}]}}