{"id":2933,"date":"2021-05-11T00:46:44","date_gmt":"2021-05-10T22:46:44","guid":{"rendered":"https:\/\/manosinkietas.com\/producto\/puertas-raton-perez\/"},"modified":"2024-08-12T05:13:00","modified_gmt":"2024-08-12T03:13:00","slug":"puertas-raton-perez","status":"publish","type":"product","link":"https:\/\/manosinkietas.com\/en\/product\/puertas-raton-perez\/","title":{"rendered":"Puertas del Rat\u00f3n P\u00e9rez"},"content":{"rendered":"<p>Originales puertas del Rat\u00f3n P\u00e9rez \/ Hada de los dientes para conservar los dientes de tus peques.<\/p>\n<p>Incluyen un peque\u00f1o buz\u00f3n para poner el diente y unas escaleritas.<\/p>\n<p>Todos los accesorios han sido decorados a mano y se pueden personalizar a tu gusto.<\/p>\n<p>Medidas:<\/p>\n<p>PUERTA ~ Alto: 12cm \/ Ancho: 10cm<\/p>\n<p>BUZ\u00d3N ~ Alto: 5cm \/ Ancho: 3,6cm<\/p>\n<p>ESCALERA ~ Alto: 10,5cm \/ Ancho: 4cm<\/p>\n<p>*****************************************<\/p>\n<p>Por favor, preg\u00fantanos si tienes alguna duda acerca de nuestros productos. Estamos felices de atenderte.<\/p>\n<p>Recordatorio: esta es una peque\u00f1a tienda de emprendedores y el tiempo invertido en crear nuestras piezas \u00fanicas tambi\u00e9n tiene valor.<\/p>\n<p>\u00bfTe gustan nuestros productos? Echa un vistazo a la tienda:<\/p>","protected":false},"excerpt":{"rendered":"<p>Originales puertas del Rat\u00f3n P\u00e9rez \/ Hada de los dientes para conservar los dientes de tus peques.<\/p>","protected":false},"featured_media":2934,"comment_status":"open","ping_status":"closed","template":"","meta":{"_acf_changed":false},"product_brand":[],"product_cat":[133],"product_tag":[49,198,517,69,516,514,196,510,513,515],"filtro_producto":[],"class_list":{"0":"post-2933","1":"product","2":"type-product","3":"status-publish","4":"has-post-thumbnail","6":"product_cat-decoracion","7":"product_tag-corte-laser","8":"product_tag-decoracion","9":"product_tag-dientes","10":"product_tag-grabado-laser","11":"product_tag-habitacion-de-ninos","12":"product_tag-hada-de-los-dientes","13":"product_tag-madera","14":"product_tag-ninos","15":"product_tag-puerta-del-raton-perez","16":"product_tag-raton-perez","17":"product_shipping_class-cc","19":"first","20":"instock","21":"featured","22":"taxable","23":"shipping-taxable","24":"purchasable","25":"product-type-variable"},"acf":[],"aioseo_notices":[],"_links":{"self":[{"href":"https:\/\/manosinkietas.com\/en\/wp-json\/wp\/v2\/product\/2933","targetHints":{"allow":["GET"]}}],"collection":[{"href":"https:\/\/manosinkietas.com\/en\/wp-json\/wp\/v2\/product"}],"about":[{"href":"https:\/\/manosinkietas.com\/en\/wp-json\/wp\/v2\/types\/product"}],"replies":[{"embeddable":true,"href":"https:\/\/manosinkietas.com\/en\/wp-json\/wp\/v2\/comments?post=2933"}],"version-history":[{"count":1,"href":"https:\/\/manosinkietas.com\/en\/wp-json\/wp\/v2\/product\/2933\/revisions"}],"predecessor-version":[{"id":5176,"href":"https:\/\/manosinkietas.com\/en\/wp-json\/wp\/v2\/product\/2933\/revisions\/5176"}],"wp:featuredmedia":[{"embeddable":true,"href":"https:\/\/manosinkietas.com\/en\/wp-json\/wp\/v2\/media\/2934"}],"wp:attachment":[{"href":"https:\/\/manosinkietas.com\/en\/wp-json\/wp\/v2\/media?parent=2933"}],"wp:term":[{"taxonomy":"product_brand","embeddable":true,"href":"https:\/\/manosinkietas.com\/en\/wp-json\/wp\/v2\/product_brand?post=2933"},{"taxonomy":"product_cat","embeddable":true,"href":"https:\/\/manosinkietas.com\/en\/wp-json\/wp\/v2\/product_cat?post=2933"},{"taxonomy":"product_tag","embeddable":true,"href":"https:\/\/manosinkietas.com\/en\/wp-json\/wp\/v2\/product_tag?post=2933"},{"taxonomy":"filtro_producto","embeddable":true,"href":"https:\/\/manosinkietas.com\/en\/wp-json\/wp\/v2\/filtro_producto?post=2933"}],"curies":[{"name":"wp","href":"https:\/\/api.w.org\/{rel}","templated":true}]}}