{"id":2746,"date":"2021-04-30T15:17:23","date_gmt":"2021-04-30T13:17:23","guid":{"rendered":"https:\/\/manosinkietas.com\/producto\/portalapices-madera-catrina\/"},"modified":"2024-08-10T01:36:22","modified_gmt":"2024-08-09T23:36:22","slug":"portalapices-madera-catrina","status":"publish","type":"product","link":"https:\/\/manosinkietas.com\/en\/product\/portalapices-madera-catrina\/","title":{"rendered":"Portal\u00e1pices de Madera Catrina"},"content":{"rendered":"<p>Original portal\u00e1pices de madera contrachapado inspirado en las calaveras mexicanas que honran a la Santa Muerte.<\/p>\n<p>Barnizada a mano en color nogal, es el complemento ideal para tu escritorio si te gusta la est\u00e9tica mexicana.<\/p>\n<p>Pon un poco de orden en tu oficina con este \u00fanico portal\u00e1pices que contiene 8 compartimientos para organizar tus accesorios de oficina.<\/p>\n<p>MEDIDAS =&gt;<\/p>\n<p>Ancho = 10 cm<\/p>\n<p>Alto = 15 cm<\/p>\n<p>*****************************************<\/p>\n<p>Por favor, preg\u00fantanos si tienes alguna duda acerca de nuestros productos. Estamos felices de atenderte.<\/p>\n<p>Recordatorio: esta es una peque\u00f1a tienda de emprendedores y el tiempo invertido en crear nuestras piezas \u00fanicas tambi\u00e9n tiene valor.<\/p>\n<p>\u00bfTe gustan nuestros productos? Echa un vistazo a la tienda:<\/p>","protected":false},"excerpt":{"rendered":"<p>Original portal\u00e1pices de madera contrachapado inspirado en las calaveras mexicanas que honran a la Santa Muerte.<\/p>","protected":false},"featured_media":2747,"comment_status":"open","ping_status":"closed","template":"","meta":{"_acf_changed":false},"product_brand":[],"product_cat":[415],"product_tag":[460,49,463,69,417,196,461,462,141,416,464],"filtro_producto":[],"class_list":{"0":"post-2746","1":"product","2":"type-product","3":"status-publish","4":"has-post-thumbnail","6":"product_cat-papeleria","7":"product_tag-catrina","8":"product_tag-corte-laser","9":"product_tag-dia-de-los-muertos","10":"product_tag-grabado-laser","11":"product_tag-lapicero","12":"product_tag-madera","13":"product_tag-mexico","14":"product_tag-muerte","15":"product_tag-organizador-de-escritorio","16":"product_tag-portalapices","17":"product_tag-santa-muerte","18":"product_shipping_class-cc","20":"first","21":"instock","22":"taxable","23":"shipping-taxable","24":"purchasable","25":"product-type-simple"},"acf":[],"aioseo_notices":[],"_links":{"self":[{"href":"https:\/\/manosinkietas.com\/en\/wp-json\/wp\/v2\/product\/2746","targetHints":{"allow":["GET"]}}],"collection":[{"href":"https:\/\/manosinkietas.com\/en\/wp-json\/wp\/v2\/product"}],"about":[{"href":"https:\/\/manosinkietas.com\/en\/wp-json\/wp\/v2\/types\/product"}],"replies":[{"embeddable":true,"href":"https:\/\/manosinkietas.com\/en\/wp-json\/wp\/v2\/comments?post=2746"}],"version-history":[{"count":2,"href":"https:\/\/manosinkietas.com\/en\/wp-json\/wp\/v2\/product\/2746\/revisions"}],"predecessor-version":[{"id":6612,"href":"https:\/\/manosinkietas.com\/en\/wp-json\/wp\/v2\/product\/2746\/revisions\/6612"}],"wp:featuredmedia":[{"embeddable":true,"href":"https:\/\/manosinkietas.com\/en\/wp-json\/wp\/v2\/media\/2747"}],"wp:attachment":[{"href":"https:\/\/manosinkietas.com\/en\/wp-json\/wp\/v2\/media?parent=2746"}],"wp:term":[{"taxonomy":"product_brand","embeddable":true,"href":"https:\/\/manosinkietas.com\/en\/wp-json\/wp\/v2\/product_brand?post=2746"},{"taxonomy":"product_cat","embeddable":true,"href":"https:\/\/manosinkietas.com\/en\/wp-json\/wp\/v2\/product_cat?post=2746"},{"taxonomy":"product_tag","embeddable":true,"href":"https:\/\/manosinkietas.com\/en\/wp-json\/wp\/v2\/product_tag?post=2746"},{"taxonomy":"filtro_producto","embeddable":true,"href":"https:\/\/manosinkietas.com\/en\/wp-json\/wp\/v2\/filtro_producto?post=2746"}],"curies":[{"name":"wp","href":"https:\/\/api.w.org\/{rel}","templated":true}]}}