{"id":2643,"date":"2021-04-30T15:17:14","date_gmt":"2021-04-30T13:17:14","guid":{"rendered":"https:\/\/manosinkietas.com\/producto\/corazones-madera-diez-razones-por-las-que-te-amo\/"},"modified":"2026-02-03T10:29:51","modified_gmt":"2026-02-03T09:29:51","slug":"corazones-madera-diez-razones-por-las-que-te-amo","status":"publish","type":"product","link":"https:\/\/manosinkietas.com\/en\/product\/corazones-madera-diez-razones-por-las-que-te-amo\/","title":{"rendered":"Corazones de Madera 10 Razones por las que Te amo"},"content":{"rendered":"<p>Hermoso y original regalo de San Valent\u00edn: corazones de madera con frases grabadas con las 10 razones por las cuales amas a tu pareja. Cada coraz\u00f3n tiene 10 frases cortas grabadas relacionadas con 10 razones por los cuales amas a tu pareja. Los corazones de madera vienen dentro de un saco de algod\u00f3n. Es una idea estupenda como regalo de San Valent\u00edn. Entre las im\u00e1genes tienes las frases de cada coraz\u00f3n.<\/p>\n<p>Tambi\u00e9n puedes personalizar las frases y la forma de las piezas para regalar a tus seres queridos (por favor, ind\u00edcanos en el cuadro de texto).<\/p>\n<p><strong>Medidas de las piezas<\/strong><\/p>\n<p>MEDIDAS: CORAZONES PEQUE\u00d1OS: 5 x 5 cm<\/p>\n<p>CORAZONES GRANDES: 6,5 cm x 6,5 cm<\/p>\n<p>SACOS DE ALGOD\u00d3N: 10 x 12 cm<\/p>\n<p>*****************************************<\/p>\n<p>Por favor, preg\u00fantanos si tienes alguna duda acerca de nuestros productos. Estamos felices de atenderte.<\/p>\n<p>Recordatorio: esta es una peque\u00f1a tienda de emprendedores y el tiempo invertido en crear nuestras piezas \u00fanicas tambi\u00e9n tiene valor.<\/p>\n<p>\u00bfTe gustan nuestros productos? Echa un vistazo a la tienda:<\/p>","protected":false},"excerpt":{"rendered":"<p>Hermoso y original regalo de San Valent\u00edn: corazones de madera con frases grabadas con las 10 razones por las cuales amas a tu pareja.<\/p>","protected":false},"featured_media":12464,"comment_status":"open","ping_status":"closed","template":"","meta":{"_acf_changed":false},"product_brand":[],"product_cat":[36,702],"product_tag":[1576,432,431,223,478,1577,49,1244,1571,1230,69,196,221,222,220,219,72,1570,1229,185,224,218],"filtro_producto":[],"class_list":{"0":"post-2643","1":"product","2":"type-product","3":"status-publish","4":"has-post-thumbnail","6":"product_cat-celebracion","7":"product_cat-tematico","8":"product_tag-10-razones","9":"product_tag-10-razones-por-las-que-te-amo","10":"product_tag-10-razones-por-las-que-te-quiero","11":"product_tag-amigos","12":"product_tag-corazones","13":"product_tag-corazones-con-10-razones-por-las-que-te-amo","14":"product_tag-corte-laser","15":"product_tag-detalle-de-san-valentin","16":"product_tag-detalle-san-valentin","17":"product_tag-detalles-de-san-valentin","18":"product_tag-grabado-laser","19":"product_tag-madera","20":"product_tag-matrimonio","21":"product_tag-novios","22":"product_tag-parejas","23":"product_tag-regalo-de-san-valentin","24":"product_tag-regalo-personalizado","25":"product_tag-regalo-san-valentin","26":"product_tag-regalos-de-san-valentin","27":"product_tag-regalos-para-el","28":"product_tag-regalos-para-ella","29":"product_tag-san-valentin","30":"product_shipping_class-cc","32":"first","33":"instock","34":"taxable","35":"shipping-taxable","36":"purchasable","37":"product-type-simple"},"acf":[],"aioseo_notices":[],"_links":{"self":[{"href":"https:\/\/manosinkietas.com\/en\/wp-json\/wp\/v2\/product\/2643","targetHints":{"allow":["GET"]}}],"collection":[{"href":"https:\/\/manosinkietas.com\/en\/wp-json\/wp\/v2\/product"}],"about":[{"href":"https:\/\/manosinkietas.com\/en\/wp-json\/wp\/v2\/types\/product"}],"replies":[{"embeddable":true,"href":"https:\/\/manosinkietas.com\/en\/wp-json\/wp\/v2\/comments?post=2643"}],"version-history":[{"count":4,"href":"https:\/\/manosinkietas.com\/en\/wp-json\/wp\/v2\/product\/2643\/revisions"}],"predecessor-version":[{"id":12471,"href":"https:\/\/manosinkietas.com\/en\/wp-json\/wp\/v2\/product\/2643\/revisions\/12471"}],"wp:featuredmedia":[{"embeddable":true,"href":"https:\/\/manosinkietas.com\/en\/wp-json\/wp\/v2\/media\/12464"}],"wp:attachment":[{"href":"https:\/\/manosinkietas.com\/en\/wp-json\/wp\/v2\/media?parent=2643"}],"wp:term":[{"taxonomy":"product_brand","embeddable":true,"href":"https:\/\/manosinkietas.com\/en\/wp-json\/wp\/v2\/product_brand?post=2643"},{"taxonomy":"product_cat","embeddable":true,"href":"https:\/\/manosinkietas.com\/en\/wp-json\/wp\/v2\/product_cat?post=2643"},{"taxonomy":"product_tag","embeddable":true,"href":"https:\/\/manosinkietas.com\/en\/wp-json\/wp\/v2\/product_tag?post=2643"},{"taxonomy":"filtro_producto","embeddable":true,"href":"https:\/\/manosinkietas.com\/en\/wp-json\/wp\/v2\/filtro_producto?post=2643"}],"curies":[{"name":"wp","href":"https:\/\/api.w.org\/{rel}","templated":true}]}}