{"id":2619,"date":"2021-04-30T15:17:11","date_gmt":"2021-04-30T13:17:11","guid":{"rendered":"https:\/\/manosinkietas.com\/producto\/nacimiento-madera-vitral\/"},"modified":"2025-09-05T10:59:05","modified_gmt":"2025-09-05T08:59:05","slug":"nacimiento-madera-vitral","status":"publish","type":"product","link":"https:\/\/manosinkietas.com\/en\/product\/nacimiento-madera-vitral\/","title":{"rendered":"Nacimientos de Madera Estilo Vitral"},"content":{"rendered":"<p>Precioso nacimiento de madera que parece un vitral, repleto de colores!<\/p>\n<p>Este nacimiento es de madera a corte l\u00e1ser y las piezas de colores son de papel de pared reciclado.<\/p>\n<p>MEDIDAS:<\/p>\n<p>Nacimiento 1: ALTO: 14,8 cm \/ ANCHO: 6,2 cm.<\/p>\n<p>Nacimiento 2: ALTO: 16,3 cm \/ ANCHO: 3,1 cm.<\/p>\n<p>Cada bel\u00e9n viene en una cajita de cartulina kraft y virutas de madera, tal como en las im\u00e1genes.<\/p>\n<p>NOTA: El papel de pared que se ha utilizado en esta pieza \u00fanica es RECICLADO.<\/p>\n<p>*****************************************<\/p>\n<p>Por favor, preg\u00fantanos si tienes alguna duda acerca de nuestros productos. Estamos felices de atenderte.<\/p>\n<p>Recordatorio: esta es una peque\u00f1a tienda de emprendedores y el tiempo invertido en crear nuestras piezas \u00fanicas tambi\u00e9n tiene valor.<\/p>\n<p>\u00bfTe gustan nuestros productos? Echa un vistazo a la tienda:<\/p>","protected":false},"excerpt":{"rendered":"<p>Precioso nacimiento de madera que parece un vitral, repleto de colores! Este nacimiento es de madera a corte l\u00e1ser y las piezas de colores son de papel de pared reciclado.<\/p>","protected":false},"featured_media":2620,"comment_status":"open","ping_status":"closed","template":"","meta":{"_acf_changed":false},"product_brand":[],"product_cat":[705,56],"product_tag":[166,161,424,49,163,162,160,423,155,425,176,426],"filtro_producto":[],"class_list":{"0":"post-2619","1":"product","2":"type-product","3":"status-publish","4":"has-post-thumbnail","6":"product_cat-nacimientos-y-belenes","7":"product_cat-navidad-y-ano-nuevo","8":"product_tag-adorno-de-navidad","9":"product_tag-belen","10":"product_tag-belen-de-madera-y-papel-de-pared","11":"product_tag-corte-laser","12":"product_tag-misterio","13":"product_tag-misterio-de-navidad","14":"product_tag-nacimiento","15":"product_tag-nacimiento-de-madera-y-papel-de-pared","16":"product_tag-navidad","17":"product_tag-papel-de-pared","18":"product_tag-reciclaje","19":"product_tag-vitral","20":"product_shipping_class-cc","22":"first","23":"instock","24":"featured","25":"taxable","26":"shipping-taxable","27":"purchasable","28":"product-type-variable"},"acf":[],"aioseo_notices":[],"_links":{"self":[{"href":"https:\/\/manosinkietas.com\/en\/wp-json\/wp\/v2\/product\/2619","targetHints":{"allow":["GET"]}}],"collection":[{"href":"https:\/\/manosinkietas.com\/en\/wp-json\/wp\/v2\/product"}],"about":[{"href":"https:\/\/manosinkietas.com\/en\/wp-json\/wp\/v2\/types\/product"}],"replies":[{"embeddable":true,"href":"https:\/\/manosinkietas.com\/en\/wp-json\/wp\/v2\/comments?post=2619"}],"version-history":[{"count":1,"href":"https:\/\/manosinkietas.com\/en\/wp-json\/wp\/v2\/product\/2619\/revisions"}],"predecessor-version":[{"id":4758,"href":"https:\/\/manosinkietas.com\/en\/wp-json\/wp\/v2\/product\/2619\/revisions\/4758"}],"wp:featuredmedia":[{"embeddable":true,"href":"https:\/\/manosinkietas.com\/en\/wp-json\/wp\/v2\/media\/2620"}],"wp:attachment":[{"href":"https:\/\/manosinkietas.com\/en\/wp-json\/wp\/v2\/media?parent=2619"}],"wp:term":[{"taxonomy":"product_brand","embeddable":true,"href":"https:\/\/manosinkietas.com\/en\/wp-json\/wp\/v2\/product_brand?post=2619"},{"taxonomy":"product_cat","embeddable":true,"href":"https:\/\/manosinkietas.com\/en\/wp-json\/wp\/v2\/product_cat?post=2619"},{"taxonomy":"product_tag","embeddable":true,"href":"https:\/\/manosinkietas.com\/en\/wp-json\/wp\/v2\/product_tag?post=2619"},{"taxonomy":"filtro_producto","embeddable":true,"href":"https:\/\/manosinkietas.com\/en\/wp-json\/wp\/v2\/filtro_producto?post=2619"}],"curies":[{"name":"wp","href":"https:\/\/api.w.org\/{rel}","templated":true}]}}