{"id":2468,"date":"2021-04-30T15:17:01","date_gmt":"2021-04-30T13:17:01","guid":{"rendered":"https:\/\/manosinkietas.com\/producto\/placa-anuncio-nacimiento-bebes\/"},"modified":"2026-02-07T12:06:31","modified_gmt":"2026-02-07T11:06:31","slug":"placa-de-anuncio-de-nacimiento-meses-bebes","status":"publish","type":"product","link":"https:\/\/manosinkietas.com\/en\/product\/placa-de-anuncio-de-nacimiento-meses-bebes\/","title":{"rendered":"Placas de Anuncio de Nacimiento y Meses para Beb\u00e9s"},"content":{"rendered":"<p>Hermosas y originales placas con el anuncio del nacimiento de tu beb\u00e9 para preservar los m\u00e1s bonitos recuerdos del beb\u00e9 mientras va creciendo mes a mes.<\/p>\n<p>Esta placa de meses del beb\u00e9 tiene 4 \u00f3 5 piezas de madera grabada, dependiendo de tu elecci\u00f3n.<\/p>\n<ul>\n<li>PLACAS DE 4 PIEZAS: contiene 4 placas de madera con un dise\u00f1o hermoso grabado en ellas y las siguientes palabras: D\u00cdAS, MES, MESES, A\u00d1O. Tambi\u00e9n contiene n\u00fameros del 0 al 9 en metacrilato de preciosos colores pastel.<\/li>\n<li>PLACAS DE 5 PIEZAS: contiene 5 placas de madera con un dise\u00f1o hermoso grabado en ellas y las siguientes palabras: D\u00cdAS, MES, MESES, A\u00d1O y una placa extra que incluye el nombre de tu beb\u00e9 en metacrilato junto a los n\u00fameros del 0 al 9 en metacrilato de preciosos colores pastel.<\/li>\n<\/ul>\n<p>Podemos grabar las placas en INGL\u00c9S o ESPA\u00d1OL (si quieres otro idioma, por favor, cont\u00e1ctanos).<\/p>\n<p>Puedes elegir el color del metacrilato para el beb\u00e9 y los n\u00fameros entre las siguientes opciones: rosa pastel, azul pastel, verde menta, lila, amarillo pastel, naranja pastel, vainilla, rosa salm\u00f3n; todos de un mismo color o en colores mixtos.<\/p>\n<p>\u00bfNecesitas un regalo para beb\u00e9? Estas placas para beb\u00e9s son perfectas para las madres primerizas o como obsequio de baby shower.<\/p>\n<p>\u00a1El mejor regalo personalizado!<\/p>\n<p>Las plaquitas y los n\u00fameros vienen dentro de dos saquitos de algod\u00f3n.<\/p>\n<p>Medidas: 13 cm de di\u00e1metro<\/p>\n<p>*****************************************<\/p>\n<p>Por favor, preg\u00fantanos si tienes alguna duda acerca de nuestros productos. Estamos felices de atenderte.<\/p>\n<p>Recordatorio: esta es una peque\u00f1a tienda de emprendedores y el tiempo invertido en crear nuestras piezas \u00fanicas tambi\u00e9n tiene valor.<\/p>\n<p>\u00bfTe gustan nuestros productos? Echa un vistazo a la tienda:<\/p>","protected":false},"excerpt":{"rendered":"<p>Hermosas y originales placas con el anuncio del nacimiento de tu beb\u00e9 para preservar los m\u00e1s bonitos recuerdos del beb\u00e9 mientras va creciendo mes a mes.<\/p>","protected":false},"featured_media":2996,"comment_status":"open","ping_status":"closed","template":"","meta":{"_acf_changed":false},"product_brand":[],"product_cat":[250],"product_tag":[258,49,84,69,196,314,313,48,312,90,311,253,85],"filtro_producto":[],"class_list":{"0":"post-2468","1":"product","2":"type-product","3":"status-publish","4":"has-post-thumbnail","6":"product_cat-bebes","7":"product_tag-baby-shower","8":"product_tag-corte-laser","9":"product_tag-dia-de-las-madres","10":"product_tag-grabado-laser","11":"product_tag-madera","12":"product_tag-mama-primeriza","13":"product_tag-mes-a-mes","14":"product_tag-metacrilato","15":"product_tag-nacimiento-del-bebe","16":"product_tag-placa-de-madera","17":"product_tag-placa-para-bebe","18":"product_tag-regalo-para-bebe","19":"product_tag-regalo-para-mama","21":"first","22":"instock","23":"taxable","24":"shipping-taxable","25":"purchasable","26":"product-type-variable","27":"has-default-attributes"},"acf":[],"aioseo_notices":[],"_links":{"self":[{"href":"https:\/\/manosinkietas.com\/en\/wp-json\/wp\/v2\/product\/2468","targetHints":{"allow":["GET"]}}],"collection":[{"href":"https:\/\/manosinkietas.com\/en\/wp-json\/wp\/v2\/product"}],"about":[{"href":"https:\/\/manosinkietas.com\/en\/wp-json\/wp\/v2\/types\/product"}],"replies":[{"embeddable":true,"href":"https:\/\/manosinkietas.com\/en\/wp-json\/wp\/v2\/comments?post=2468"}],"version-history":[{"count":1,"href":"https:\/\/manosinkietas.com\/en\/wp-json\/wp\/v2\/product\/2468\/revisions"}],"predecessor-version":[{"id":5199,"href":"https:\/\/manosinkietas.com\/en\/wp-json\/wp\/v2\/product\/2468\/revisions\/5199"}],"wp:featuredmedia":[{"embeddable":true,"href":"https:\/\/manosinkietas.com\/en\/wp-json\/wp\/v2\/media\/2996"}],"wp:attachment":[{"href":"https:\/\/manosinkietas.com\/en\/wp-json\/wp\/v2\/media?parent=2468"}],"wp:term":[{"taxonomy":"product_brand","embeddable":true,"href":"https:\/\/manosinkietas.com\/en\/wp-json\/wp\/v2\/product_brand?post=2468"},{"taxonomy":"product_cat","embeddable":true,"href":"https:\/\/manosinkietas.com\/en\/wp-json\/wp\/v2\/product_cat?post=2468"},{"taxonomy":"product_tag","embeddable":true,"href":"https:\/\/manosinkietas.com\/en\/wp-json\/wp\/v2\/product_tag?post=2468"},{"taxonomy":"filtro_producto","embeddable":true,"href":"https:\/\/manosinkietas.com\/en\/wp-json\/wp\/v2\/filtro_producto?post=2468"}],"curies":[{"name":"wp","href":"https:\/\/api.w.org\/{rel}","templated":true}]}}