{"id":2426,"date":"2021-04-30T15:16:53","date_gmt":"2021-04-30T13:16:53","guid":{"rendered":"https:\/\/manosinkietas.com\/producto\/banderines-madera\/"},"modified":"2023-03-03T22:05:37","modified_gmt":"2023-03-03T21:05:37","slug":"banderines-de-madera","status":"publish","type":"product","link":"https:\/\/manosinkietas.com\/en\/product\/banderines-de-madera\/","title":{"rendered":"Banderines de Madera (PRECIO POR LETRA Y\/O S\u00cdMBOLO)"},"content":{"rendered":"<p>NOTA: PRECIO POR LETRA O S\u00cdMBOLO<\/p>\n<p>Bonitos y originales banderines con letras para formar nombres o palabras y as\u00ed preservar alg\u00fan recuerdo especial: una boda, un cumplea\u00f1os, un baby shower, el nacimiento de un beb\u00e9 o para decorar la habitaci\u00f3n de tu peque\u00f1o de una forma original. Estos banderines son de madera y puedes personalizar el grabado con globos, estrellas o corazones junto al nombre o frase. <strong>Cada pieza se vende por separado (precio por letra o s\u00edmbolo).<\/strong>\u00a0\u00bfNecesitas una decoraci\u00f3n especial? Esta guirnalda de madera es perfecta para decorar tu hogar o habitaci\u00f3n, o como un regalo para una celebraci\u00f3n especial. \u00a1Un buen regalo personalizado! Cada letra va unida a una cuerda de yute.<\/p>\n<p>Medidas: Alto 16,2cm \/ Ancho: 12 cm.<\/p>\n<p>*****************************************<\/p>\n<p>Por favor, preg\u00fantanos si tienes alguna duda acerca de nuestros productos. Estamos felices de atenderte.<\/p>\n<p>Recordatorio: esta es una peque\u00f1a tienda de emprendedores y el tiempo invertido en crear nuestras piezas \u00fanicas tambi\u00e9n tiene valor.<\/p>\n<p>\u00bfTe gustan nuestros productos? Echa un vistazo a la tienda:<\/p>","protected":false},"excerpt":{"rendered":"<p>Bonitos y originales banderines con letras para formar nombres o palabras y as\u00ed preservar alg\u00fan recuerdo especial: una boda, un cumplea\u00f1os, un baby shower, el nacimiento de un beb\u00e9 o para decorar la habitaci\u00f3n de tu peque\u00f1o de una forma original.<\/p>","protected":false},"featured_media":2428,"comment_status":"open","ping_status":"closed","template":"","meta":{"_acf_changed":false},"product_brand":[],"product_cat":[250],"product_tag":[291,293,292,49,45,198,297,296,69,294,298,295,196,299,270,239],"filtro_producto":[],"class_list":{"0":"post-2426","1":"product","2":"type-product","3":"status-publish","4":"has-post-thumbnail","6":"product_cat-bebes","7":"product_tag-banderin","8":"product_tag-banderin-de-madera","9":"product_tag-banderines","10":"product_tag-corte-laser","11":"product_tag-cumpleanos","12":"product_tag-decoracion","13":"product_tag-decoracion-para-fiestas","14":"product_tag-fiesta","15":"product_tag-grabado-laser","16":"product_tag-guirnalda-de-madera","17":"product_tag-habitacion-del-bebe","18":"product_tag-letras-de-madera","19":"product_tag-madera","20":"product_tag-nombre-de-bebe","21":"product_tag-regalos","22":"product_tag-regalos-personalizados","23":"product_shipping_class-cc","25":"first","26":"instock","27":"featured","28":"taxable","29":"shipping-taxable","30":"purchasable","31":"product-type-variable"},"acf":[],"aioseo_notices":[],"_links":{"self":[{"href":"https:\/\/manosinkietas.com\/en\/wp-json\/wp\/v2\/product\/2426","targetHints":{"allow":["GET"]}}],"collection":[{"href":"https:\/\/manosinkietas.com\/en\/wp-json\/wp\/v2\/product"}],"about":[{"href":"https:\/\/manosinkietas.com\/en\/wp-json\/wp\/v2\/types\/product"}],"replies":[{"embeddable":true,"href":"https:\/\/manosinkietas.com\/en\/wp-json\/wp\/v2\/comments?post=2426"}],"version-history":[{"count":4,"href":"https:\/\/manosinkietas.com\/en\/wp-json\/wp\/v2\/product\/2426\/revisions"}],"predecessor-version":[{"id":8057,"href":"https:\/\/manosinkietas.com\/en\/wp-json\/wp\/v2\/product\/2426\/revisions\/8057"}],"wp:featuredmedia":[{"embeddable":true,"href":"https:\/\/manosinkietas.com\/en\/wp-json\/wp\/v2\/media\/2428"}],"wp:attachment":[{"href":"https:\/\/manosinkietas.com\/en\/wp-json\/wp\/v2\/media?parent=2426"}],"wp:term":[{"taxonomy":"product_brand","embeddable":true,"href":"https:\/\/manosinkietas.com\/en\/wp-json\/wp\/v2\/product_brand?post=2426"},{"taxonomy":"product_cat","embeddable":true,"href":"https:\/\/manosinkietas.com\/en\/wp-json\/wp\/v2\/product_cat?post=2426"},{"taxonomy":"product_tag","embeddable":true,"href":"https:\/\/manosinkietas.com\/en\/wp-json\/wp\/v2\/product_tag?post=2426"},{"taxonomy":"filtro_producto","embeddable":true,"href":"https:\/\/manosinkietas.com\/en\/wp-json\/wp\/v2\/filtro_producto?post=2426"}],"curies":[{"name":"wp","href":"https:\/\/api.w.org\/{rel}","templated":true}]}}