{"id":2401,"date":"2021-04-30T15:16:51","date_gmt":"2021-04-30T13:16:51","guid":{"rendered":"https:\/\/manosinkietas.com\/producto\/topper-madera-mdf-tarta\/"},"modified":"2025-10-05T17:28:42","modified_gmt":"2025-10-05T15:28:42","slug":"topper-de-madera-mdf-para-tarta","status":"publish","type":"product","link":"https:\/\/manosinkietas.com\/en\/product\/topper-de-madera-mdf-para-tarta\/","title":{"rendered":"Topper de Madera o MDF para Tarta"},"content":{"rendered":"<p>Hermosos y originales toppers de madera o MDF para tartas. Algunos de nuestros toppers tienen piezas en metacrilato.<\/p>\n<p>Son el accesorio ideal para tu celebraci\u00f3n: boda, cumplea\u00f1os, baby shower, nacimiento de beb\u00e9, revelaci\u00f3n de sexo, etc.<\/p>\n<p>Estos cake toppers los creamos en madera o en MDF, podemos incluir piezas en metacrilato de distintos colores. \u00bfNecesitas un detalle especial para tu fiesta? Los toppers de madera \/ MDF para tartas son el accesorio perfecto para decorar tu tarta. Cortado y grabado con l\u00e1ser.<\/p>\n<p>NOTA: Los modelos EST\u00c1NDAR no se pueden personalizar.<\/p>\n<p>Medidas aproximadas: 10,5cm largo (base del topper).<\/p>\n<p>*****************************************<\/p>\n<p>Por favor, preg\u00fantanos si tienes alguna duda acerca de nuestros productos. Estamos felices de atenderte.<\/p>\n<p>Recordatorio: esta es una peque\u00f1a tienda de emprendedores y el tiempo invertido en crear nuestras piezas \u00fanicas tambi\u00e9n tiene valor.<\/p>\n<p>\u00bfTe gustan nuestros productos? Echa un vistazo a la tienda:<\/p>","protected":false},"excerpt":{"rendered":"<p>Hermosos y originales toppers de madera o MDF para tartas. Algunos de nuestros toppers tienen piezas en metacrilato<\/p>","protected":false},"featured_media":2402,"comment_status":"open","ping_status":"closed","template":"","meta":{"_acf_changed":false},"product_brand":[],"product_cat":[696,36],"product_tag":[38,49,45,69,196,290,47,289,46,39,42,288,40,41,37],"filtro_producto":[],"class_list":{"0":"post-2401","1":"product","2":"type-product","3":"status-publish","4":"has-post-thumbnail","6":"product_cat-cake-toppers","7":"product_cat-celebracion","8":"product_tag-cake-topper","9":"product_tag-corte-laser","10":"product_tag-cumpleanos","11":"product_tag-grabado-laser","12":"product_tag-madera","13":"product_tag-mdf","14":"product_tag-pastel","15":"product_tag-ropper-de-mdf-decoracion-de-cumpleanos","16":"product_tag-tarta","17":"product_tag-topper","18":"product_tag-topper-de-cumpleanos","19":"product_tag-topper-de-madera","20":"product_tag-topper-de-pastel","21":"product_tag-topper-de-tarta","22":"product_tag-topper-para-tarta","23":"product_shipping_class-cc","25":"first","26":"instock","27":"taxable","28":"shipping-taxable","29":"purchasable","30":"product-type-variable"},"acf":[],"aioseo_notices":[],"_links":{"self":[{"href":"https:\/\/manosinkietas.com\/en\/wp-json\/wp\/v2\/product\/2401","targetHints":{"allow":["GET"]}}],"collection":[{"href":"https:\/\/manosinkietas.com\/en\/wp-json\/wp\/v2\/product"}],"about":[{"href":"https:\/\/manosinkietas.com\/en\/wp-json\/wp\/v2\/types\/product"}],"replies":[{"embeddable":true,"href":"https:\/\/manosinkietas.com\/en\/wp-json\/wp\/v2\/comments?post=2401"}],"version-history":[{"count":3,"href":"https:\/\/manosinkietas.com\/en\/wp-json\/wp\/v2\/product\/2401\/revisions"}],"predecessor-version":[{"id":10942,"href":"https:\/\/manosinkietas.com\/en\/wp-json\/wp\/v2\/product\/2401\/revisions\/10942"}],"wp:featuredmedia":[{"embeddable":true,"href":"https:\/\/manosinkietas.com\/en\/wp-json\/wp\/v2\/media\/2402"}],"wp:attachment":[{"href":"https:\/\/manosinkietas.com\/en\/wp-json\/wp\/v2\/media?parent=2401"}],"wp:term":[{"taxonomy":"product_brand","embeddable":true,"href":"https:\/\/manosinkietas.com\/en\/wp-json\/wp\/v2\/product_brand?post=2401"},{"taxonomy":"product_cat","embeddable":true,"href":"https:\/\/manosinkietas.com\/en\/wp-json\/wp\/v2\/product_cat?post=2401"},{"taxonomy":"product_tag","embeddable":true,"href":"https:\/\/manosinkietas.com\/en\/wp-json\/wp\/v2\/product_tag?post=2401"},{"taxonomy":"filtro_producto","embeddable":true,"href":"https:\/\/manosinkietas.com\/en\/wp-json\/wp\/v2\/filtro_producto?post=2401"}],"curies":[{"name":"wp","href":"https:\/\/api.w.org\/{rel}","templated":true}]}}