{"id":2379,"date":"2021-04-30T15:16:49","date_gmt":"2021-04-30T13:16:49","guid":{"rendered":"https:\/\/manosinkietas.com\/producto\/perchero-personalizado-mascotas\/"},"modified":"2025-12-05T14:27:24","modified_gmt":"2025-12-05T13:27:24","slug":"perchero-personalizado-para-mascotas","status":"publish","type":"product","link":"https:\/\/manosinkietas.com\/en\/product\/perchero-personalizado-para-mascotas\/","title":{"rendered":"Perchero Personalizado para Mascotas"},"content":{"rendered":"<p>Precioso y original perchero personalizado para tu perro o mascota. Este precioso perchero para las correas de tu mascota es de madera, ha sido cortado con l\u00e1ser y pintado a mano. Igualmente, todas las piezas que lo conforman son ensambladas a mano. Con la imagen de tu mascota, nos encargamos de hacer este bonito y original perchero. Escr\u00edbenos por email y preparamos tu perchero. Es ideal para colgar los arneses, collares y accesorios de tu mascota. Medidas aproximadas del perchero de la imagen (podr\u00edan variar seg\u00fan la raza de la mascota): Alto: 19,2cm Ancho: 26,6cm.<\/p>\n<p>TIEMPO DE PREPARACI\u00d3N: 8 A 10 D\u00cdAS LABORABLES, dependiendo de la \u00e9poca del a\u00f1o (si es temporada de eventos ABRIL-SEPTIEMBRE, tardaremos entre 15 y 20 D\u00cdAS LABORABLES. Estas son piezas que dise\u00f1amos de forma personalizada, cortamos a l\u00e1ser y pegamos y pintamos a mano. Gracias por tu comprensi\u00f3n)<\/p>\n<p>*****************************************<\/p>\n<p>Por favor, preg\u00fantanos si tienes alguna duda acerca de nuestros productos. Estamos felices de atenderte.<\/p>\n<p>Recordatorio: esta es una peque\u00f1a tienda de emprendedores y el tiempo invertido en crear nuestras piezas \u00fanicas tambi\u00e9n tiene valor.<\/p>\n<p>\u00bfTe gustan nuestros productos? Echa un vistazo a la tienda:<\/p>","protected":false},"excerpt":{"rendered":"<p>Precioso y original perchero personalizado para tu perro o mascota.<\/p>","protected":false},"featured_media":2380,"comment_status":"open","ping_status":"closed","template":"","meta":{"_acf_changed":false},"product_brand":[],"product_cat":[272],"product_tag":[280,49,279,69,196,277,273,275,276,274,278,281],"filtro_producto":[],"class_list":{"0":"post-2379","1":"product","2":"type-product","3":"status-publish","4":"has-post-thumbnail","6":"product_cat-mascotas","7":"product_tag-accesorios-para-mascotas","8":"product_tag-corte-laser","9":"product_tag-gato","10":"product_tag-grabado-laser","11":"product_tag-madera","12":"product_tag-mascota","13":"product_tag-perchero","14":"product_tag-perchero-para-arnes","15":"product_tag-perchero-para-correa","16":"product_tag-perchero-para-mascotas","17":"product_tag-perro","18":"product_tag-regalos-para-mascotas","19":"product_shipping_class-cc","21":"first","22":"instock","23":"featured","24":"taxable","25":"shipping-taxable","26":"purchasable","27":"product-type-simple"},"acf":[],"aioseo_notices":[],"_links":{"self":[{"href":"https:\/\/manosinkietas.com\/en\/wp-json\/wp\/v2\/product\/2379","targetHints":{"allow":["GET"]}}],"collection":[{"href":"https:\/\/manosinkietas.com\/en\/wp-json\/wp\/v2\/product"}],"about":[{"href":"https:\/\/manosinkietas.com\/en\/wp-json\/wp\/v2\/types\/product"}],"replies":[{"embeddable":true,"href":"https:\/\/manosinkietas.com\/en\/wp-json\/wp\/v2\/comments?post=2379"}],"version-history":[{"count":6,"href":"https:\/\/manosinkietas.com\/en\/wp-json\/wp\/v2\/product\/2379\/revisions"}],"predecessor-version":[{"id":12332,"href":"https:\/\/manosinkietas.com\/en\/wp-json\/wp\/v2\/product\/2379\/revisions\/12332"}],"wp:featuredmedia":[{"embeddable":true,"href":"https:\/\/manosinkietas.com\/en\/wp-json\/wp\/v2\/media\/2380"}],"wp:attachment":[{"href":"https:\/\/manosinkietas.com\/en\/wp-json\/wp\/v2\/media?parent=2379"}],"wp:term":[{"taxonomy":"product_brand","embeddable":true,"href":"https:\/\/manosinkietas.com\/en\/wp-json\/wp\/v2\/product_brand?post=2379"},{"taxonomy":"product_cat","embeddable":true,"href":"https:\/\/manosinkietas.com\/en\/wp-json\/wp\/v2\/product_cat?post=2379"},{"taxonomy":"product_tag","embeddable":true,"href":"https:\/\/manosinkietas.com\/en\/wp-json\/wp\/v2\/product_tag?post=2379"},{"taxonomy":"filtro_producto","embeddable":true,"href":"https:\/\/manosinkietas.com\/en\/wp-json\/wp\/v2\/filtro_producto?post=2379"}],"curies":[{"name":"wp","href":"https:\/\/api.w.org\/{rel}","templated":true}]}}