{"id":2317,"date":"2021-04-30T15:16:44","date_gmt":"2021-04-30T13:16:44","guid":{"rendered":"https:\/\/manosinkietas.com\/producto\/nacimiento-de-madera-cubos-minecraft\/"},"modified":"2023-01-03T10:46:30","modified_gmt":"2023-01-03T09:46:30","slug":"nacimiento-de-madera-cubos-minecraft","status":"publish","type":"product","link":"https:\/\/manosinkietas.com\/en\/product\/nacimiento-de-madera-cubos-minecraft\/","title":{"rendered":"Nacimiento de Madera Cubos Minecraft"},"content":{"rendered":"<p>Hermoso y original nacimiento de madera en forma de cubitos, inspirado en la est\u00e9tica del videojuego Minecraft.<\/p>\n<p>Este nacimiento de madera contiene 8 piezas peque\u00f1as que han sido armadas y pintadas a mano (Jes\u00fas, Mar\u00eda, Jos\u00e9, Ni\u00f1o Jes\u00fas, Mula, Buey y 3 Reyes Magos).<\/p>\n<p>El bel\u00e9n de madera viene dentro de una caja de cartulina kraft con virutas de madera.<\/p>\n<p>Medidas aproximadas:<\/p>\n<p>Alto: 4,8cm<br \/>\nAncho (cabeza de cubo): 2cm<\/p>\n<p>*****************************************<\/p>\n<p>Por favor, preg\u00fantanos si tienes alguna duda acerca de nuestros productos. Estamos felices de atenderte.<\/p>\n<p>Recordatorio: esta es una peque\u00f1a tienda de emprendedores y el tiempo invertido en crear nuestras piezas \u00fanicas tambi\u00e9n tiene valor.<\/p>\n<p>\u00bfTe gustan nuestros productos? Echa un vistazo a la tienda:<\/p>","protected":false},"excerpt":{"rendered":"<p>Hermoso y original nacimiento de madera en forma de cubitos, inspirado en la est\u00e9tica del videojuego Minecraft.<\/p>","protected":false},"featured_media":2318,"comment_status":"open","ping_status":"closed","template":"","meta":{"_acf_changed":false},"product_brand":[],"product_cat":[705,56],"product_tag":[166,161,165,49,247,248,249,163,162,160,164,155],"filtro_producto":[],"class_list":{"0":"post-2317","1":"product","2":"type-product","3":"status-publish","4":"has-post-thumbnail","6":"product_cat-nacimientos-y-belenes","7":"product_cat-navidad-y-ano-nuevo","8":"product_tag-adorno-de-navidad","9":"product_tag-belen","10":"product_tag-belen-de-madera","11":"product_tag-corte-laser","12":"product_tag-cubitos","13":"product_tag-cubos","14":"product_tag-minecraft","15":"product_tag-misterio","16":"product_tag-misterio-de-navidad","17":"product_tag-nacimiento","18":"product_tag-nacimiento-de-madera","19":"product_tag-navidad","20":"product_shipping_class-cc","22":"first","23":"outofstock","24":"taxable","25":"shipping-taxable","26":"purchasable","27":"product-type-simple"},"acf":[],"aioseo_notices":[],"_links":{"self":[{"href":"https:\/\/manosinkietas.com\/en\/wp-json\/wp\/v2\/product\/2317","targetHints":{"allow":["GET"]}}],"collection":[{"href":"https:\/\/manosinkietas.com\/en\/wp-json\/wp\/v2\/product"}],"about":[{"href":"https:\/\/manosinkietas.com\/en\/wp-json\/wp\/v2\/types\/product"}],"replies":[{"embeddable":true,"href":"https:\/\/manosinkietas.com\/en\/wp-json\/wp\/v2\/comments?post=2317"}],"version-history":[{"count":1,"href":"https:\/\/manosinkietas.com\/en\/wp-json\/wp\/v2\/product\/2317\/revisions"}],"predecessor-version":[{"id":5206,"href":"https:\/\/manosinkietas.com\/en\/wp-json\/wp\/v2\/product\/2317\/revisions\/5206"}],"wp:featuredmedia":[{"embeddable":true,"href":"https:\/\/manosinkietas.com\/en\/wp-json\/wp\/v2\/media\/2318"}],"wp:attachment":[{"href":"https:\/\/manosinkietas.com\/en\/wp-json\/wp\/v2\/media?parent=2317"}],"wp:term":[{"taxonomy":"product_brand","embeddable":true,"href":"https:\/\/manosinkietas.com\/en\/wp-json\/wp\/v2\/product_brand?post=2317"},{"taxonomy":"product_cat","embeddable":true,"href":"https:\/\/manosinkietas.com\/en\/wp-json\/wp\/v2\/product_cat?post=2317"},{"taxonomy":"product_tag","embeddable":true,"href":"https:\/\/manosinkietas.com\/en\/wp-json\/wp\/v2\/product_tag?post=2317"},{"taxonomy":"filtro_producto","embeddable":true,"href":"https:\/\/manosinkietas.com\/en\/wp-json\/wp\/v2\/filtro_producto?post=2317"}],"curies":[{"name":"wp","href":"https:\/\/api.w.org\/{rel}","templated":true}]}}