{"id":2260,"date":"2021-04-30T15:16:36","date_gmt":"2021-04-30T13:16:36","guid":{"rendered":"https:\/\/manosinkietas.com\/producto\/llavero-casette-spotify\/"},"modified":"2025-08-16T13:37:10","modified_gmt":"2025-08-16T11:37:10","slug":"llavero-casette-spotify","status":"publish","type":"product","link":"https:\/\/manosinkietas.com\/en\/product\/llavero-casette-spotify\/","title":{"rendered":"Llaveros, Cassettes y Reproductor con C\u00f3digo Spotify"},"content":{"rendered":"<p>Bonitos y originales regalos de San Valent\u00edn: un cassette Spotify que puedes utilizar de llavero, un reproductor Spotify de madera con el c\u00f3digo de tu canci\u00f3n o playlist favorita y un cassette cuya cinta puedes personalizar!<\/p>\n<p>Puedes personalizar cualquiera de las tres piezas con c\u00f3digos de Spotify que quieras- Nota: es necesario que la canci\u00f3n est\u00e9 disponible en la plataforma de Spotify.<\/p>\n<p>Los llaveros Spotify, los reproductores Spotify y los cassettes son una excelente opci\u00f3n como regalo de San Valent\u00edn, parejas, novios o amigos.<\/p>\n<p>Podemos grabar las siguientes frases en la etiqueta de tu cassette o en la carcasa de tu reproductor en ingl\u00e9s o espa\u00f1ol: OUR SONG o NUESTRA CANCI\u00d3N | OUR PLAYLIST o NUESTRA PLAYLIST. Adicionalmente, puedes elegir el color de tu cassette y el texto de la cinta del cassette grande (no m\u00e1s de 5 letras).<\/p>\n<p>Medidas \u2013 Spotify Cassette<\/p>\n<p>ALTO: 3,7 cm<br \/>\nLARGO: 6 cm<\/p>\n<p>Medidas \u2013 Spotify Reproductor<br \/>\nALTO: 11,3 cm<br \/>\nLARGO: 5,8 cm<\/p>\n<p>Medidas \u2013 Cassette grande<br \/>\nALTO: 19,86 cm<br \/>\nLARGO: 11,36 cm<\/p>\n<p>Medidas &#8211; Puzzle 2 piezas en 1<\/p>\n<p>ALTO: 2 cm<br \/>\nLARGO: 6 cm<\/p>\n<p>*****************************************<\/p>\n<p>Por favor, preg\u00fantanos si tienes alguna duda acerca de nuestros productos. Estamos felices de atenderte.<\/p>\n<p>Recordatorio: esta es una peque\u00f1a tienda de emprendedores y el tiempo invertido en crear nuestras piezas \u00fanicas tambi\u00e9n tiene valor.<\/p>\n<p>\u00bfTe gustan nuestros productos? Echa un vistazo a la tienda:<\/p>","protected":false},"excerpt":{"rendered":"<p>Bonitos y originales regalos de San Valent\u00edn: un cassette Spotify que puedes utilizar de llavero y un reproductor Spotify de madera con el c\u00f3digo de tu canci\u00f3n o playlist favorita!<\/p>","protected":false},"featured_media":11513,"comment_status":"open","ping_status":"closed","template":"","meta":{"_acf_changed":false},"product_brand":[],"product_cat":[36,700],"product_tag":[223,227,229,225,49,69,232,228,233,196,221,48,222,231,220,219,72,185,224,230,218,226],"filtro_producto":[149],"class_list":{"0":"post-2260","1":"product","2":"type-product","3":"status-publish","4":"has-post-thumbnail","6":"product_cat-celebracion","7":"product_cat-llaveros","8":"product_tag-amigos","9":"product_tag-cassette","10":"product_tag-cassette-spotify","11":"product_tag-codigo-de-spotify","12":"product_tag-corte-laser","13":"product_tag-grabado-laser","14":"product_tag-llavero","15":"product_tag-llavero-cassette","16":"product_tag-llavero-personalizado","17":"product_tag-madera","18":"product_tag-matrimonio","19":"product_tag-metacrilato","20":"product_tag-novios","21":"product_tag-nuestra-cancion","22":"product_tag-parejas","23":"product_tag-regalo-de-san-valentin","24":"product_tag-regalo-personalizado","25":"product_tag-regalos-para-el","26":"product_tag-regalos-para-ella","27":"product_tag-reproductor-spotify","28":"product_tag-san-valentin","29":"product_tag-spotify","30":"product_shipping_class-cc","31":"filtro_producto-mas-vendido","33":"first","34":"instock","35":"taxable","36":"shipping-taxable","37":"purchasable","38":"product-type-variable","39":"has-default-attributes"},"acf":[],"aioseo_notices":[],"_links":{"self":[{"href":"https:\/\/manosinkietas.com\/en\/wp-json\/wp\/v2\/product\/2260","targetHints":{"allow":["GET"]}}],"collection":[{"href":"https:\/\/manosinkietas.com\/en\/wp-json\/wp\/v2\/product"}],"about":[{"href":"https:\/\/manosinkietas.com\/en\/wp-json\/wp\/v2\/types\/product"}],"replies":[{"embeddable":true,"href":"https:\/\/manosinkietas.com\/en\/wp-json\/wp\/v2\/comments?post=2260"}],"version-history":[{"count":3,"href":"https:\/\/manosinkietas.com\/en\/wp-json\/wp\/v2\/product\/2260\/revisions"}],"predecessor-version":[{"id":11514,"href":"https:\/\/manosinkietas.com\/en\/wp-json\/wp\/v2\/product\/2260\/revisions\/11514"}],"wp:featuredmedia":[{"embeddable":true,"href":"https:\/\/manosinkietas.com\/en\/wp-json\/wp\/v2\/media\/11513"}],"wp:attachment":[{"href":"https:\/\/manosinkietas.com\/en\/wp-json\/wp\/v2\/media?parent=2260"}],"wp:term":[{"taxonomy":"product_brand","embeddable":true,"href":"https:\/\/manosinkietas.com\/en\/wp-json\/wp\/v2\/product_brand?post=2260"},{"taxonomy":"product_cat","embeddable":true,"href":"https:\/\/manosinkietas.com\/en\/wp-json\/wp\/v2\/product_cat?post=2260"},{"taxonomy":"product_tag","embeddable":true,"href":"https:\/\/manosinkietas.com\/en\/wp-json\/wp\/v2\/product_tag?post=2260"},{"taxonomy":"filtro_producto","embeddable":true,"href":"https:\/\/manosinkietas.com\/en\/wp-json\/wp\/v2\/filtro_producto?post=2260"}],"curies":[{"name":"wp","href":"https:\/\/api.w.org\/{rel}","templated":true}]}}