{"id":2143,"date":"2021-04-30T15:16:24","date_gmt":"2021-04-30T13:16:24","guid":{"rendered":"https:\/\/manosinkietas.com\/producto\/nacimientos-de-madera-corte-laser\/"},"modified":"2023-03-03T22:18:43","modified_gmt":"2023-03-03T21:18:43","slug":"nacimiento-de-madera-corte-laser","status":"publish","type":"product","link":"https:\/\/manosinkietas.com\/en\/product\/nacimiento-de-madera-corte-laser\/","title":{"rendered":"Nacimiento de Madera Corte L\u00e1ser"},"content":{"rendered":"<p>Hermoso nacimiento de madera a corte l\u00e1ser y tintado a mano.<\/p>\n<p>El nacimiento ha sido armado y pintado a mano con tinta para madera color roble. El exterior de cada nacimiento tiene la forma de un adorno de navidad.<\/p>\n<p>Este bel\u00e9n es ideal como decoraci\u00f3n navide\u00f1a para tu casa u oficina. Tambi\u00e9n es un regalo ideal para coleccionistas.<\/p>\n<p>Medidas:<\/p>\n<p>Alto: 8 cm<br \/>\nAncho: 7 cm<\/p>\n<p>*****************************************<\/p>\n<p>Por favor, preg\u00fantanos si tienes alguna duda acerca de nuestros productos. Estamos felices de atenderte.<\/p>\n<p>Recordatorio: esta es una peque\u00f1a tienda de emprendedores y el tiempo invertido en crear nuestras piezas \u00fanicas tambi\u00e9n tiene valor.<\/p>\n<p>\u00bfTe gustan nuestros productos? Echa un vistazo a la tienda:<\/p>","protected":false},"excerpt":{"rendered":"<p>Hermoso nacimiento de madera a corte l\u00e1ser y tintado a mano.<\/p>","protected":false},"featured_media":2144,"comment_status":"open","ping_status":"closed","template":"","meta":{"_acf_changed":false},"product_brand":[],"product_cat":[56],"product_tag":[166,161,165,49,163,162,160,164,155],"filtro_producto":[],"class_list":{"0":"post-2143","1":"product","2":"type-product","3":"status-publish","4":"has-post-thumbnail","6":"product_cat-navidad-y-ano-nuevo","7":"product_tag-adorno-de-navidad","8":"product_tag-belen","9":"product_tag-belen-de-madera","10":"product_tag-corte-laser","11":"product_tag-misterio","12":"product_tag-misterio-de-navidad","13":"product_tag-nacimiento","14":"product_tag-nacimiento-de-madera","15":"product_tag-navidad","16":"product_shipping_class-cc","18":"first","19":"instock","20":"taxable","21":"shipping-taxable","22":"purchasable","23":"product-type-simple"},"acf":[],"aioseo_notices":[],"_links":{"self":[{"href":"https:\/\/manosinkietas.com\/en\/wp-json\/wp\/v2\/product\/2143","targetHints":{"allow":["GET"]}}],"collection":[{"href":"https:\/\/manosinkietas.com\/en\/wp-json\/wp\/v2\/product"}],"about":[{"href":"https:\/\/manosinkietas.com\/en\/wp-json\/wp\/v2\/types\/product"}],"replies":[{"embeddable":true,"href":"https:\/\/manosinkietas.com\/en\/wp-json\/wp\/v2\/comments?post=2143"}],"version-history":[{"count":2,"href":"https:\/\/manosinkietas.com\/en\/wp-json\/wp\/v2\/product\/2143\/revisions"}],"predecessor-version":[{"id":4654,"href":"https:\/\/manosinkietas.com\/en\/wp-json\/wp\/v2\/product\/2143\/revisions\/4654"}],"wp:featuredmedia":[{"embeddable":true,"href":"https:\/\/manosinkietas.com\/en\/wp-json\/wp\/v2\/media\/2144"}],"wp:attachment":[{"href":"https:\/\/manosinkietas.com\/en\/wp-json\/wp\/v2\/media?parent=2143"}],"wp:term":[{"taxonomy":"product_brand","embeddable":true,"href":"https:\/\/manosinkietas.com\/en\/wp-json\/wp\/v2\/product_brand?post=2143"},{"taxonomy":"product_cat","embeddable":true,"href":"https:\/\/manosinkietas.com\/en\/wp-json\/wp\/v2\/product_cat?post=2143"},{"taxonomy":"product_tag","embeddable":true,"href":"https:\/\/manosinkietas.com\/en\/wp-json\/wp\/v2\/product_tag?post=2143"},{"taxonomy":"filtro_producto","embeddable":true,"href":"https:\/\/manosinkietas.com\/en\/wp-json\/wp\/v2\/filtro_producto?post=2143"}],"curies":[{"name":"wp","href":"https:\/\/api.w.org\/{rel}","templated":true}]}}