{"id":1962,"date":"2021-04-30T15:16:10","date_gmt":"2021-04-30T13:16:10","guid":{"rendered":"https:\/\/manosinkietas.com\/producto\/placa-transparente\/"},"modified":"2023-03-03T23:05:19","modified_gmt":"2023-03-03T22:05:19","slug":"placa-transparente","status":"publish","type":"product","link":"https:\/\/manosinkietas.com\/en\/product\/placa-transparente\/","title":{"rendered":"Placa Transparente para Personalizar"},"content":{"rendered":"<p>Hermosa placa transparente decorada con vinilo adhesivo relacionado con el D\u00eda de las Madres o con cualquier ocasi\u00f3n especial. Esta placa de metacrilato transparente puede ser utilizada como adorno para decorar tu hogar. Tambi\u00e9n puedes incorporarlo a un regalo para el D\u00eda de las Madres y si escoges el modelo navide\u00f1o, puedes utilizarla como adorno para el \u00e1rbol de navidad o para un regalo.<\/p>\n<p>Esta placa personalizada ha sido creada con metacrilato transparente con hermosas cintas de terciopelo en diferentes colores pasteles. Cada placa transparente ha sido pintada con pintura acr\u00edlica en colores pasteles.<\/p>\n<p>Las placas personalizadas han sido decoradas con vinilo adhesivo en color dorado glitter y blanco.<\/p>\n<p>\u00a1No hay dos iguales! Una hermosa y original placa para regalar.<\/p>\n<p>Medidas:<\/p>\n<p>Di\u00e1metro: 9cm<\/p>\n<p>*****************************************<\/p>\n<p>Por favor, preg\u00fantanos si tienes alguna duda acerca de nuestros productos. Estamos felices de atenderte.<\/p>\n<p>Recordatorio: esta es una peque\u00f1a tienda de emprendedores y el tiempo invertido en crear nuestras piezas \u00fanicas tambi\u00e9n tiene valor.<\/p>\n<p>\u00bfTe gustan nuestros productos? Echa un vistazo a la tienda:<\/p>","protected":false},"excerpt":{"rendered":"<p>Hermosa placa transparente decorada con vinilo adhesivo relacionado con el D\u00eda de las Madres<\/p>","protected":false},"featured_media":6812,"comment_status":"open","ping_status":"closed","template":"","meta":{"_acf_changed":false},"product_brand":[],"product_cat":[36,701],"product_tag":[643,166,641,637,638,49,83,84,69,48,155,146,91,145,85],"filtro_producto":[149],"class_list":{"0":"post-1962","1":"product","2":"type-product","3":"status-publish","4":"has-post-thumbnail","6":"product_cat-celebracion","7":"product_cat-placas-personalizadas","8":"product_tag-adorno","9":"product_tag-adorno-de-navidad","10":"product_tag-adorno-navideno","11":"product_tag-bola-de-navidad","12":"product_tag-bola-de-navidad-personalizada","13":"product_tag-corte-laser","14":"product_tag-dia-de-la-madre","15":"product_tag-dia-de-las-madres","16":"product_tag-grabado-laser","17":"product_tag-metacrilato","18":"product_tag-navidad","19":"product_tag-placa-de-metacrilato","20":"product_tag-placa-personalizada","21":"product_tag-placa-transparente","22":"product_tag-regalo-para-mama","23":"product_shipping_class-cc","24":"filtro_producto-mas-vendido","26":"first","27":"instock","28":"taxable","29":"shipping-taxable","30":"purchasable","31":"product-type-variable"},"acf":[],"aioseo_notices":[],"_links":{"self":[{"href":"https:\/\/manosinkietas.com\/en\/wp-json\/wp\/v2\/product\/1962","targetHints":{"allow":["GET"]}}],"collection":[{"href":"https:\/\/manosinkietas.com\/en\/wp-json\/wp\/v2\/product"}],"about":[{"href":"https:\/\/manosinkietas.com\/en\/wp-json\/wp\/v2\/types\/product"}],"replies":[{"embeddable":true,"href":"https:\/\/manosinkietas.com\/en\/wp-json\/wp\/v2\/comments?post=1962"}],"version-history":[{"count":2,"href":"https:\/\/manosinkietas.com\/en\/wp-json\/wp\/v2\/product\/1962\/revisions"}],"predecessor-version":[{"id":4514,"href":"https:\/\/manosinkietas.com\/en\/wp-json\/wp\/v2\/product\/1962\/revisions\/4514"}],"wp:featuredmedia":[{"embeddable":true,"href":"https:\/\/manosinkietas.com\/en\/wp-json\/wp\/v2\/media\/6812"}],"wp:attachment":[{"href":"https:\/\/manosinkietas.com\/en\/wp-json\/wp\/v2\/media?parent=1962"}],"wp:term":[{"taxonomy":"product_brand","embeddable":true,"href":"https:\/\/manosinkietas.com\/en\/wp-json\/wp\/v2\/product_brand?post=1962"},{"taxonomy":"product_cat","embeddable":true,"href":"https:\/\/manosinkietas.com\/en\/wp-json\/wp\/v2\/product_cat?post=1962"},{"taxonomy":"product_tag","embeddable":true,"href":"https:\/\/manosinkietas.com\/en\/wp-json\/wp\/v2\/product_tag?post=1962"},{"taxonomy":"filtro_producto","embeddable":true,"href":"https:\/\/manosinkietas.com\/en\/wp-json\/wp\/v2\/filtro_producto?post=1962"}],"curies":[{"name":"wp","href":"https:\/\/api.w.org\/{rel}","templated":true}]}}