{"id":1942,"date":"2021-04-30T15:16:06","date_gmt":"2021-04-30T13:16:06","guid":{"rendered":"https:\/\/manosinkietas.com\/producto\/placa-de-madera-con-flores\/"},"modified":"2023-04-19T23:19:17","modified_gmt":"2023-04-19T21:19:17","slug":"placa-de-madera-con-flores-preservadas","status":"publish","type":"product","link":"https:\/\/manosinkietas.com\/en\/product\/placa-de-madera-con-flores-preservadas\/","title":{"rendered":"Placa de Madera con Flores Preservadas D\u00eda de las Madres"},"content":{"rendered":"<p>Preciosa placa con flores preservadas con decoraci\u00f3n relacionada con el D\u00eda de las Madres. Esta placa con flores preservadas puede ser utilizada como adorno para decorar tu hogar. Tambi\u00e9n puede complementar tu regalo para el D\u00eda de las Madres.<\/p>\n<p>Este arreglo de flores preservadas tiene una placa de madera y un mini bouquet hecho de lavanda y bromos de color verde. La placa con flores preservadas tiene una frase grabada en l\u00e1ser y una pieza en metacrilato blanco cortado a l\u00e1ser.<\/p>\n<p>La placa de madera es un hept\u00e1gono para colgar con una cuerda de yute natural.<\/p>\n<p>\u00a1No hay dos iguales! Una hermosa y original placa para mam\u00e1.<\/p>\n<p>MEDIDAS:<\/p>\n<p>Di\u00e1metro: 13cm<\/p>\n<p>*****************************************<br \/>\nPor favor, preg\u00fantanos si tienes alguna duda acerca de nuestros productos. Estamos felices de atenderte.<\/p>\n<p>Recordatorio: esta es una peque\u00f1a tienda de emprendedores y el tiempo invertido en crear nuestras piezas \u00fanicas tambi\u00e9n tiene valor.<\/p>\n<p>\u00bfTe gustan nuestros productos? Echa un vistazo a la tienda:<\/p>","protected":false},"excerpt":{"rendered":"<p>Preciosa placa con flores preservadas con decoraci\u00f3n relacionada con el D\u00eda de las Madres.<\/p>","protected":false},"featured_media":1943,"comment_status":"open","ping_status":"closed","template":"","meta":{"_acf_changed":false},"product_brand":[],"product_cat":[36,701],"product_tag":[49,83,84,144,69,48,90,91,85],"filtro_producto":[],"class_list":{"0":"post-1942","1":"product","2":"type-product","3":"status-publish","4":"has-post-thumbnail","6":"product_cat-celebracion","7":"product_cat-placas-personalizadas","8":"product_tag-corte-laser","9":"product_tag-dia-de-la-madre","10":"product_tag-dia-de-las-madres","11":"product_tag-flores-preservadas","12":"product_tag-grabado-laser","13":"product_tag-metacrilato","14":"product_tag-placa-de-madera","15":"product_tag-placa-personalizada","16":"product_tag-regalo-para-mama","17":"product_shipping_class-cc","19":"first","20":"instock","21":"taxable","22":"shipping-taxable","23":"purchasable","24":"product-type-variable"},"acf":[],"aioseo_notices":[],"_links":{"self":[{"href":"https:\/\/manosinkietas.com\/en\/wp-json\/wp\/v2\/product\/1942","targetHints":{"allow":["GET"]}}],"collection":[{"href":"https:\/\/manosinkietas.com\/en\/wp-json\/wp\/v2\/product"}],"about":[{"href":"https:\/\/manosinkietas.com\/en\/wp-json\/wp\/v2\/types\/product"}],"replies":[{"embeddable":true,"href":"https:\/\/manosinkietas.com\/en\/wp-json\/wp\/v2\/comments?post=1942"}],"version-history":[{"count":1,"href":"https:\/\/manosinkietas.com\/en\/wp-json\/wp\/v2\/product\/1942\/revisions"}],"predecessor-version":[{"id":5215,"href":"https:\/\/manosinkietas.com\/en\/wp-json\/wp\/v2\/product\/1942\/revisions\/5215"}],"wp:featuredmedia":[{"embeddable":true,"href":"https:\/\/manosinkietas.com\/en\/wp-json\/wp\/v2\/media\/1943"}],"wp:attachment":[{"href":"https:\/\/manosinkietas.com\/en\/wp-json\/wp\/v2\/media?parent=1942"}],"wp:term":[{"taxonomy":"product_brand","embeddable":true,"href":"https:\/\/manosinkietas.com\/en\/wp-json\/wp\/v2\/product_brand?post=1942"},{"taxonomy":"product_cat","embeddable":true,"href":"https:\/\/manosinkietas.com\/en\/wp-json\/wp\/v2\/product_cat?post=1942"},{"taxonomy":"product_tag","embeddable":true,"href":"https:\/\/manosinkietas.com\/en\/wp-json\/wp\/v2\/product_tag?post=1942"},{"taxonomy":"filtro_producto","embeddable":true,"href":"https:\/\/manosinkietas.com\/en\/wp-json\/wp\/v2\/filtro_producto?post=1942"}],"curies":[{"name":"wp","href":"https:\/\/api.w.org\/{rel}","templated":true}]}}