{"id":1661,"date":"2021-04-30T15:15:11","date_gmt":"2021-04-30T13:15:11","guid":{"rendered":"https:\/\/manosinkietas.com\/producto\/plato-de-madera-con-grabado-laser\/"},"modified":"2024-06-08T19:01:30","modified_gmt":"2024-06-08T17:01:30","slug":"plato-de-madera-con-grabado-laser","status":"publish","type":"product","link":"https:\/\/manosinkietas.com\/en\/product\/plato-de-madera-con-grabado-laser\/","title":{"rendered":"Plato de Madera con Grabado L\u00e1ser"},"content":{"rendered":"<p>Originales platos de madera grabados para tus celebraciones.<\/p>\n<p>Por cada plato de madera, puedes elegir la ilustraci\u00f3n que quieras para grabar en el plato y personalizar la pieza para guardar recuerdos de eventos especiales tales como aniversario de bodas, regalo de bodas, recuerdo de cumplea\u00f1os, etc.<\/p>\n<p>Los platos de madera incluyen una base para exhibirlos.<\/p>\n<p>Es ideal como regalo personalizado.<\/p>\n<p>Disponible en diferentes tallas:<\/p>\n<p>22cm<br \/>\n17,5cm<br \/>\n15,5cm<br \/>\n12,5cm<\/p>\n<p>Por favor, elige las ilustraciones que ofrecemos en las im\u00e1genes. Si deseas otra ilustraci\u00f3n para grabar, cont\u00e1ctanos.<\/p>\n<p>Puedes pedir diferentes cantidades u tama\u00f1os, p\u00eddenos presupuesto sin compromiso.<\/p>\n<p>*****************************************<\/p>\n<p>Por favor, preg\u00fantanos si tienes alguna duda acerca de nuestros productos. Estamos felices de atenderte.<\/p>\n<p>Recordatorio: esta es una peque\u00f1a tienda de emprendedores y el tiempo invertido en crear nuestras piezas \u00fanicas tambi\u00e9n tiene valor.<\/p>\n<p>\u00bfTe gustan nuestros productos? Echa un vistazo a la tienda:<\/p>","protected":false},"excerpt":{"rendered":"<p>Originales platos de madera grabados para tus celebraciones.<\/p>","protected":false},"featured_media":1662,"comment_status":"open","ping_status":"closed","template":"","meta":{"_acf_changed":false},"product_brand":[],"product_cat":[36,703],"product_tag":[68,69,66,1092,1094,1093,67,70,71,72],"filtro_producto":[149],"class_list":{"0":"post-1661","1":"product","2":"type-product","3":"status-publish","4":"has-post-thumbnail","6":"product_cat-celebracion","7":"product_cat-menaje","8":"product_tag-grabado","9":"product_tag-grabado-laser","10":"product_tag-plato-de-madera","11":"product_tag-plato-de-pulpo","12":"product_tag-plato-de-pulpo-personalizado","13":"product_tag-plato-grabado","14":"product_tag-plato-para-pulpo","15":"product_tag-plato-personalizado","16":"product_tag-pulpo-a-la-gallega","17":"product_tag-regalo-personalizado","18":"product_shipping_class-cc","19":"filtro_producto-mas-vendido","21":"first","22":"instock","23":"taxable","24":"shipping-taxable","25":"purchasable","26":"product-type-variable"},"acf":[],"aioseo_notices":[],"_links":{"self":[{"href":"https:\/\/manosinkietas.com\/en\/wp-json\/wp\/v2\/product\/1661","targetHints":{"allow":["GET"]}}],"collection":[{"href":"https:\/\/manosinkietas.com\/en\/wp-json\/wp\/v2\/product"}],"about":[{"href":"https:\/\/manosinkietas.com\/en\/wp-json\/wp\/v2\/types\/product"}],"replies":[{"embeddable":true,"href":"https:\/\/manosinkietas.com\/en\/wp-json\/wp\/v2\/comments?post=1661"}],"version-history":[{"count":3,"href":"https:\/\/manosinkietas.com\/en\/wp-json\/wp\/v2\/product\/1661\/revisions"}],"predecessor-version":[{"id":10874,"href":"https:\/\/manosinkietas.com\/en\/wp-json\/wp\/v2\/product\/1661\/revisions\/10874"}],"wp:featuredmedia":[{"embeddable":true,"href":"https:\/\/manosinkietas.com\/en\/wp-json\/wp\/v2\/media\/1662"}],"wp:attachment":[{"href":"https:\/\/manosinkietas.com\/en\/wp-json\/wp\/v2\/media?parent=1661"}],"wp:term":[{"taxonomy":"product_brand","embeddable":true,"href":"https:\/\/manosinkietas.com\/en\/wp-json\/wp\/v2\/product_brand?post=1661"},{"taxonomy":"product_cat","embeddable":true,"href":"https:\/\/manosinkietas.com\/en\/wp-json\/wp\/v2\/product_cat?post=1661"},{"taxonomy":"product_tag","embeddable":true,"href":"https:\/\/manosinkietas.com\/en\/wp-json\/wp\/v2\/product_tag?post=1661"},{"taxonomy":"filtro_producto","embeddable":true,"href":"https:\/\/manosinkietas.com\/en\/wp-json\/wp\/v2\/filtro_producto?post=1661"}],"curies":[{"name":"wp","href":"https:\/\/api.w.org\/{rel}","templated":true}]}}