{"id":1630,"date":"2021-04-30T15:15:10","date_gmt":"2021-04-30T13:15:10","guid":{"rendered":"https:\/\/manosinkietas.com\/producto\/toper-para-tarta\/"},"modified":"2024-05-20T08:43:16","modified_gmt":"2024-05-20T06:43:16","slug":"topper-metacrilato-tarta","status":"publish","type":"product","link":"https:\/\/manosinkietas.com\/en\/product\/topper-metacrilato-tarta\/","title":{"rendered":"Topper de Metacrilato para Tarta"},"content":{"rendered":"<p>Hermosos y originales toppers para tartas hechos en metacrilato, creados especialmente para conservar los recuerdos m\u00e1s hermosos de tus celebraciones: bodas, cumplea\u00f1os, baby showers, nacimiento de beb\u00e9s, anuncio del sexo del beb\u00e9.<\/p>\n<p>Cada cake topper est\u00e1 elaborado en metacrilato con los colores pasteles m\u00e1s bonitos (seg\u00fan tu gusto) o con base transparente y vinilo de diferentes colores.<\/p>\n<p>\u00bfNecesitas una decoraci\u00f3n especial para tu fiesta? Los cake toppers personalizados son la mejor manera de decorar tu tarta. Cortado con l\u00e1ser y hecho con amor.<\/p>\n<p>Las medidas pueden variar, dependiendo del modelo.<\/p>\n<p>10,5 cm de alto (palo base del topper) aproximadamente.<br \/>\n*****************************************<\/p>\n<p>Por favor, preg\u00fantanos si tienes alguna duda acerca de nuestros productos. Estamos felices de atenderte.<\/p>\n<p>Recordatorio: esta es una peque\u00f1a tienda de emprendedores y el tiempo invertido en crear nuestras piezas \u00fanicas tambi\u00e9n tiene valor.<\/p>\n<p>\u00bfTe gustan nuestros productos? Echa un vistazo a la tienda:<\/p>","protected":false},"excerpt":{"rendered":"<p>Hermosos y originales toppers para tartas hechos en metacrilato, creados especialmente para conservar los recuerdos m\u00e1s hermosos de tus celebraciones.<\/p>","protected":false},"featured_media":1631,"comment_status":"open","ping_status":"closed","template":"","meta":{"_acf_changed":false},"product_brand":[],"product_cat":[696,36],"product_tag":[38,49,45,44,48,47,46,39,43,42,40,41,37],"filtro_producto":[149],"class_list":{"0":"post-1630","1":"product","2":"type-product","3":"status-publish","4":"has-post-thumbnail","6":"product_cat-cake-toppers","7":"product_cat-celebracion","8":"product_tag-cake-topper","9":"product_tag-corte-laser","10":"product_tag-cumpleanos","11":"product_tag-decoracion-de-cumpleanos","12":"product_tag-metacrilato","13":"product_tag-pastel","14":"product_tag-tarta","15":"product_tag-topper","16":"product_tag-topper-acrilico","17":"product_tag-topper-de-cumpleanos","18":"product_tag-topper-de-pastel","19":"product_tag-topper-de-tarta","20":"product_tag-topper-para-tarta","21":"product_shipping_class-cc","22":"filtro_producto-mas-vendido","24":"first","25":"instock","26":"taxable","27":"shipping-taxable","28":"purchasable","29":"product-type-variable"},"acf":[],"aioseo_notices":[],"_links":{"self":[{"href":"https:\/\/manosinkietas.com\/en\/wp-json\/wp\/v2\/product\/1630","targetHints":{"allow":["GET"]}}],"collection":[{"href":"https:\/\/manosinkietas.com\/en\/wp-json\/wp\/v2\/product"}],"about":[{"href":"https:\/\/manosinkietas.com\/en\/wp-json\/wp\/v2\/types\/product"}],"replies":[{"embeddable":true,"href":"https:\/\/manosinkietas.com\/en\/wp-json\/wp\/v2\/comments?post=1630"}],"version-history":[{"count":2,"href":"https:\/\/manosinkietas.com\/en\/wp-json\/wp\/v2\/product\/1630\/revisions"}],"predecessor-version":[{"id":10775,"href":"https:\/\/manosinkietas.com\/en\/wp-json\/wp\/v2\/product\/1630\/revisions\/10775"}],"wp:featuredmedia":[{"embeddable":true,"href":"https:\/\/manosinkietas.com\/en\/wp-json\/wp\/v2\/media\/1631"}],"wp:attachment":[{"href":"https:\/\/manosinkietas.com\/en\/wp-json\/wp\/v2\/media?parent=1630"}],"wp:term":[{"taxonomy":"product_brand","embeddable":true,"href":"https:\/\/manosinkietas.com\/en\/wp-json\/wp\/v2\/product_brand?post=1630"},{"taxonomy":"product_cat","embeddable":true,"href":"https:\/\/manosinkietas.com\/en\/wp-json\/wp\/v2\/product_cat?post=1630"},{"taxonomy":"product_tag","embeddable":true,"href":"https:\/\/manosinkietas.com\/en\/wp-json\/wp\/v2\/product_tag?post=1630"},{"taxonomy":"filtro_producto","embeddable":true,"href":"https:\/\/manosinkietas.com\/en\/wp-json\/wp\/v2\/filtro_producto?post=1630"}],"curies":[{"name":"wp","href":"https:\/\/api.w.org\/{rel}","templated":true}]}}