{"id":12766,"date":"2026-05-14T18:56:25","date_gmt":"2026-05-14T16:56:25","guid":{"rendered":"https:\/\/manosinkietas.com\/?post_type=product&#038;p=12766"},"modified":"2026-05-14T18:56:25","modified_gmt":"2026-05-14T16:56:25","slug":"placa-con-base-de-madera-matricula-de-honor","status":"publish","type":"product","link":"https:\/\/manosinkietas.com\/en\/product\/placa-con-base-de-madera-matricula-de-honor\/","title":{"rendered":"Placa con base de madera Matr\u00edcula de Honor"},"content":{"rendered":"<p>Hermosa placa con base de madera Matr\u00edcula de Honor, especial para profes. Esta hermosa placa se puede personalizar grabando el nombre de tu profe en la base.<\/p>\n<p>Medidas:<\/p>\n<p>10cm de ancho x 14,9cm de alto<br \/>\n(medida con base incluida)<\/p>\n<p>Un detalle perfecto para profes y fin de curso.<\/p>\n<p>Puedes personalizar la chapa con el mensaje &#8220;Matr\u00edcula de honor a la \/ al mejor profe del mundo&#8221; con el nombre del profesor o profesora en el color de metacrilato que quieras (de los disponibles): amarillo pastel, azul pastel, rosa pastel, naranja pastel, verde menta, lila, malva, salm\u00f3n, vainilla, blanco.<\/p>\n<p>*****************************************<\/p>\n<p>Por favor, preg\u00fantanos si tienes alguna duda acerca de nuestros productos. Estamos felices de atenderte.<\/p>\n<p>Recordatorio: esta es una peque\u00f1a tienda de emprendedores y el tiempo invertido en crear nuestras piezas \u00fanicas tambi\u00e9n tiene valor.<\/p>\n<p>\u00bfTe gustan nuestros productos? Echa un vistazo a la tienda:<\/p>","protected":false},"excerpt":{"rendered":"<p>Hermosa placa con base de madera Matr\u00edcula de Honor, especial para profes. Esta hermosa placa se puede personalizar grabando el nombre de tu profe en la base.<\/p>","protected":false},"featured_media":12768,"comment_status":"open","ping_status":"closed","template":"","meta":{"_acf_changed":false},"product_brand":[],"product_cat":[15,36,701],"product_tag":[1691,1689,1705,1690,812,813,1712,661,1693,1709,1710,1711,910,670,1082,1080,1081,659,1078,809,810,660,1688,1704,658,1347],"filtro_producto":[],"class_list":{"0":"post-12766","1":"product","2":"type-product","3":"status-publish","4":"has-post-thumbnail","6":"product_cat-uncategorized","7":"product_cat-celebracion","8":"product_cat-placas-personalizadas","9":"product_tag-detalle-de-fin-de-curso","10":"product_tag-detalle-para-profe","11":"product_tag-detalle-para-profes","12":"product_tag-detalles-de-fin-de-curso","13":"product_tag-detalles-para-profes","14":"product_tag-detalles-para-profesores","15":"product_tag-eliminar-el-termino-regalos-para-profesoras-regalos-para-profesores","16":"product_tag-fin-de-curso","17":"product_tag-gracias-profe","18":"product_tag-matricula-de-honor","19":"product_tag-mejor-profe-del-mundo","20":"product_tag-placa-con-base-de-madera-matricula-de-honor","21":"product_tag-placas-de-regalo","22":"product_tag-profe","23":"product_tag-profe-bachillerato","24":"product_tag-profe-primaria","25":"product_tag-profe-secundaria","26":"product_tag-profes","27":"product_tag-profesor","28":"product_tag-profesora","29":"product_tag-profesoras","30":"product_tag-profesores","31":"product_tag-regalo-para-profe","32":"product_tag-regalo-para-profes","33":"product_tag-regalos-para-profes","34":"product_tag-regalos-para-profesoras","35":"product_shipping_class-cc","37":"first","38":"instock","39":"taxable","40":"shipping-taxable","41":"purchasable","42":"product-type-simple"},"acf":[],"aioseo_notices":[],"_links":{"self":[{"href":"https:\/\/manosinkietas.com\/en\/wp-json\/wp\/v2\/product\/12766","targetHints":{"allow":["GET"]}}],"collection":[{"href":"https:\/\/manosinkietas.com\/en\/wp-json\/wp\/v2\/product"}],"about":[{"href":"https:\/\/manosinkietas.com\/en\/wp-json\/wp\/v2\/types\/product"}],"replies":[{"embeddable":true,"href":"https:\/\/manosinkietas.com\/en\/wp-json\/wp\/v2\/comments?post=12766"}],"version-history":[{"count":1,"href":"https:\/\/manosinkietas.com\/en\/wp-json\/wp\/v2\/product\/12766\/revisions"}],"predecessor-version":[{"id":12767,"href":"https:\/\/manosinkietas.com\/en\/wp-json\/wp\/v2\/product\/12766\/revisions\/12767"}],"wp:featuredmedia":[{"embeddable":true,"href":"https:\/\/manosinkietas.com\/en\/wp-json\/wp\/v2\/media\/12768"}],"wp:attachment":[{"href":"https:\/\/manosinkietas.com\/en\/wp-json\/wp\/v2\/media?parent=12766"}],"wp:term":[{"taxonomy":"product_brand","embeddable":true,"href":"https:\/\/manosinkietas.com\/en\/wp-json\/wp\/v2\/product_brand?post=12766"},{"taxonomy":"product_cat","embeddable":true,"href":"https:\/\/manosinkietas.com\/en\/wp-json\/wp\/v2\/product_cat?post=12766"},{"taxonomy":"product_tag","embeddable":true,"href":"https:\/\/manosinkietas.com\/en\/wp-json\/wp\/v2\/product_tag?post=12766"},{"taxonomy":"filtro_producto","embeddable":true,"href":"https:\/\/manosinkietas.com\/en\/wp-json\/wp\/v2\/filtro_producto?post=12766"}],"curies":[{"name":"wp","href":"https:\/\/api.w.org\/{rel}","templated":true}]}}