{"id":12761,"date":"2026-05-13T18:34:29","date_gmt":"2026-05-13T16:34:29","guid":{"rendered":"https:\/\/manosinkietas.com\/?post_type=product&#038;p=12761"},"modified":"2026-05-13T18:34:29","modified_gmt":"2026-05-13T16:34:29","slug":"placa-en-forma-de-libro-para-profes","status":"publish","type":"product","link":"https:\/\/manosinkietas.com\/en\/product\/placa-en-forma-de-libro-para-profes\/","title":{"rendered":"Placa en Forma de Libro para Profes"},"content":{"rendered":"<p>Hermosa placa en forma de libro para profes. Esta original placa est\u00e1 grabada a l\u00e1ser y tiene la palabra Profe en metacrilato de diferentes colores pasteles. Es perfecta como detalle de fin de curso.<\/p>\n<p>Asimismo, la placa trae la frase Gracias por este viaje lleno de aprendizajes junto a un avi\u00f3n de metacrilato blanco que simula un avi\u00f3n de papel.<\/p>\n<p>Medidas:<\/p>\n<p>15cm de ancho x 9,6cm de alto<\/p>\n<p>Incluye patillas para exhibir<\/p>\n<p>Un detalle perfecto para profes y fin de curso.<\/p>\n<p>Puedes personalizar la placa con el nombre del profesor o profesora en el color de metacrilato que quieras (de los disponibles): amarillo pastel, azul pastel, rosa pastel, naranja pastel, verde menta, lila, malva, salm\u00f3n, vainilla, blanco.<\/p>\n<p>*****************************************<\/p>\n<p>Por favor, preg\u00fantanos si tienes alguna duda acerca de nuestros productos. Estamos felices de atenderte.<\/p>\n<p>Recordatorio: esta es una peque\u00f1a tienda de emprendedores y el tiempo invertido en crear nuestras piezas \u00fanicas tambi\u00e9n tiene valor.<\/p>\n<p>\u00bfTe gustan nuestros productos? Echa un vistazo a la tienda:<\/p>","protected":false},"excerpt":{"rendered":"<p>Hermosa placa en forma de libro para profes. Esta original placa est\u00e1 grabada a l\u00e1ser y tiene la palabra Profe en metacrilato de diferentes colores pasteles. Es perfecta como detalle de fin de curso.<\/p>","protected":false},"featured_media":12762,"comment_status":"open","ping_status":"closed","template":"","meta":{"_acf_changed":false},"product_brand":[],"product_cat":[701],"product_tag":[1691,1689,1705,1690,812,813,661,1708,1707,90,1706,1424,670,1082,1080,1081,659,1078,809,810,660,1688,1704,811,1079,658],"filtro_producto":[149],"class_list":{"0":"post-12761","1":"product","2":"type-product","3":"status-publish","4":"has-post-thumbnail","6":"product_cat-placas-personalizadas","7":"product_tag-detalle-de-fin-de-curso","8":"product_tag-detalle-para-profe","9":"product_tag-detalle-para-profes","10":"product_tag-detalles-de-fin-de-curso","11":"product_tag-detalles-para-profes","12":"product_tag-detalles-para-profesores","13":"product_tag-fin-de-curso","14":"product_tag-gracias-por-este-viaje-lleno-de-aprendizajes","15":"product_tag-placa","16":"product_tag-placa-de-madera","17":"product_tag-placa-en-forma-de-libro","18":"product_tag-placa-fin-de-curso","19":"product_tag-profe","20":"product_tag-profe-bachillerato","21":"product_tag-profe-primaria","22":"product_tag-profe-secundaria","23":"product_tag-profes","24":"product_tag-profesor","25":"product_tag-profesora","26":"product_tag-profesoras","27":"product_tag-profesores","28":"product_tag-regalo-para-profe","29":"product_tag-regalo-para-profes","30":"product_tag-regalos-de-fin-de-curso","31":"product_tag-regalos-para-fin-de-curso","32":"product_tag-regalos-para-profes","33":"product_shipping_class-cc","34":"filtro_producto-mas-vendido","36":"first","37":"instock","38":"taxable","39":"shipping-taxable","40":"purchasable","41":"product-type-simple"},"acf":[],"aioseo_notices":[],"_links":{"self":[{"href":"https:\/\/manosinkietas.com\/en\/wp-json\/wp\/v2\/product\/12761","targetHints":{"allow":["GET"]}}],"collection":[{"href":"https:\/\/manosinkietas.com\/en\/wp-json\/wp\/v2\/product"}],"about":[{"href":"https:\/\/manosinkietas.com\/en\/wp-json\/wp\/v2\/types\/product"}],"replies":[{"embeddable":true,"href":"https:\/\/manosinkietas.com\/en\/wp-json\/wp\/v2\/comments?post=12761"}],"version-history":[{"count":1,"href":"https:\/\/manosinkietas.com\/en\/wp-json\/wp\/v2\/product\/12761\/revisions"}],"predecessor-version":[{"id":12764,"href":"https:\/\/manosinkietas.com\/en\/wp-json\/wp\/v2\/product\/12761\/revisions\/12764"}],"wp:featuredmedia":[{"embeddable":true,"href":"https:\/\/manosinkietas.com\/en\/wp-json\/wp\/v2\/media\/12762"}],"wp:attachment":[{"href":"https:\/\/manosinkietas.com\/en\/wp-json\/wp\/v2\/media?parent=12761"}],"wp:term":[{"taxonomy":"product_brand","embeddable":true,"href":"https:\/\/manosinkietas.com\/en\/wp-json\/wp\/v2\/product_brand?post=12761"},{"taxonomy":"product_cat","embeddable":true,"href":"https:\/\/manosinkietas.com\/en\/wp-json\/wp\/v2\/product_cat?post=12761"},{"taxonomy":"product_tag","embeddable":true,"href":"https:\/\/manosinkietas.com\/en\/wp-json\/wp\/v2\/product_tag?post=12761"},{"taxonomy":"filtro_producto","embeddable":true,"href":"https:\/\/manosinkietas.com\/en\/wp-json\/wp\/v2\/filtro_producto?post=12761"}],"curies":[{"name":"wp","href":"https:\/\/api.w.org\/{rel}","templated":true}]}}