{"id":12746,"date":"2026-05-13T18:06:02","date_gmt":"2026-05-13T16:06:02","guid":{"rendered":"https:\/\/manosinkietas.com\/?post_type=product&#038;p=12746"},"modified":"2026-05-13T18:20:10","modified_gmt":"2026-05-13T16:20:10","slug":"llavero-para-profes-fin-de-curso","status":"publish","type":"product","link":"https:\/\/manosinkietas.com\/en\/product\/llavero-para-profes-fin-de-curso\/","title":{"rendered":"Llavero para Profes Fin de Curso"},"content":{"rendered":"<p>Hermoso llavero para profes especial para fin de curso. Este hermoso llavero para profes consta de varias piezas:<\/p>\n<p>-Estrella verde<\/p>\n<p>-Profe en metacrilato blanco y letras de colores<\/p>\n<p>-Regla en metacrilato glitter<\/p>\n<p>-Post it naranja con frase de agradecimiento<\/p>\n<p>-Libro<\/p>\n<p>-Crayola con frase Eres la mejor (en lila) o Eres el mejor (en azul pastel)<\/p>\n<p>Podemos personalizar el llavero con el nombre del profesor o profesora grabado en una de sus piezas.<\/p>\n<p>Un detalle perfecto para los profes y fin de curso.<\/p>\n<p>*****************************************<\/p>\n<p>Por favor, preg\u00fantanos si tienes alguna duda acerca de nuestros productos. Estamos felices de atenderte.<\/p>\n<p>Recordatorio: esta es una peque\u00f1a tienda de emprendedores y el tiempo invertido en crear nuestras piezas \u00fanicas tambi\u00e9n tiene valor.<\/p>\n<p>\u00bfTe gustan nuestros productos? Echa un vistazo a la tienda:<\/p>","protected":false},"excerpt":{"rendered":"<p>Hermoso llavero para profes especial para fin de curso. Este hermoso llavero para profes consta de varias piezas<\/p>","protected":false},"featured_media":12747,"comment_status":"open","ping_status":"closed","template":"","meta":{"_acf_changed":false},"product_brand":[],"product_cat":[700],"product_tag":[1691,1689,1690,1700,812,1697,661,1693,1699,245,232,1696,1695,1694,670,1082,1080,1081,659,1078,809,1692,1688,811,1701,658,1347,1348,1698],"filtro_producto":[149],"class_list":{"0":"post-12746","1":"product","2":"type-product","3":"status-publish","4":"has-post-thumbnail","6":"product_cat-llaveros","7":"product_tag-detalle-de-fin-de-curso","8":"product_tag-detalle-para-profe","9":"product_tag-detalles-de-fin-de-curso","10":"product_tag-detalles-de-graduacion","11":"product_tag-detalles-para-profes","12":"product_tag-fin-de-clases","13":"product_tag-fin-de-curso","14":"product_tag-gracias-profe","15":"product_tag-graduacion","16":"product_tag-graduaciones","17":"product_tag-llavero","18":"product_tag-llavero-fin-de-curso","19":"product_tag-llavero-para-profes","20":"product_tag-llavero-para-profes-fin-de-curso","21":"product_tag-profe","22":"product_tag-profe-bachillerato","23":"product_tag-profe-primaria","24":"product_tag-profe-secundaria","25":"product_tag-profes","26":"product_tag-profesor","27":"product_tag-profesora","28":"product_tag-regalo-de-fin-de-curso","29":"product_tag-regalo-para-profe","30":"product_tag-regalos-de-fin-de-curso","31":"product_tag-regalos-de-graduacion","32":"product_tag-regalos-para-profes","33":"product_tag-regalos-para-profesoras","34":"product_tag-regalos-para-profesores","35":"product_tag-vacaciones-escolares","36":"product_shipping_class-cc","37":"filtro_producto-mas-vendido","39":"first","40":"instock","41":"taxable","42":"shipping-taxable","43":"purchasable","44":"product-type-simple"},"acf":[],"aioseo_notices":[],"_links":{"self":[{"href":"https:\/\/manosinkietas.com\/en\/wp-json\/wp\/v2\/product\/12746","targetHints":{"allow":["GET"]}}],"collection":[{"href":"https:\/\/manosinkietas.com\/en\/wp-json\/wp\/v2\/product"}],"about":[{"href":"https:\/\/manosinkietas.com\/en\/wp-json\/wp\/v2\/types\/product"}],"replies":[{"embeddable":true,"href":"https:\/\/manosinkietas.com\/en\/wp-json\/wp\/v2\/comments?post=12746"}],"version-history":[{"count":3,"href":"https:\/\/manosinkietas.com\/en\/wp-json\/wp\/v2\/product\/12746\/revisions"}],"predecessor-version":[{"id":12755,"href":"https:\/\/manosinkietas.com\/en\/wp-json\/wp\/v2\/product\/12746\/revisions\/12755"}],"wp:featuredmedia":[{"embeddable":true,"href":"https:\/\/manosinkietas.com\/en\/wp-json\/wp\/v2\/media\/12747"}],"wp:attachment":[{"href":"https:\/\/manosinkietas.com\/en\/wp-json\/wp\/v2\/media?parent=12746"}],"wp:term":[{"taxonomy":"product_brand","embeddable":true,"href":"https:\/\/manosinkietas.com\/en\/wp-json\/wp\/v2\/product_brand?post=12746"},{"taxonomy":"product_cat","embeddable":true,"href":"https:\/\/manosinkietas.com\/en\/wp-json\/wp\/v2\/product_cat?post=12746"},{"taxonomy":"product_tag","embeddable":true,"href":"https:\/\/manosinkietas.com\/en\/wp-json\/wp\/v2\/product_tag?post=12746"},{"taxonomy":"filtro_producto","embeddable":true,"href":"https:\/\/manosinkietas.com\/en\/wp-json\/wp\/v2\/filtro_producto?post=12746"}],"curies":[{"name":"wp","href":"https:\/\/api.w.org\/{rel}","templated":true}]}}