{"id":12722,"date":"2026-05-02T22:25:39","date_gmt":"2026-05-02T20:25:39","guid":{"rendered":"https:\/\/manosinkietas.com\/?post_type=product&#038;p=12722"},"modified":"2026-05-02T22:27:56","modified_gmt":"2026-05-02T20:27:56","slug":"placas-de-madera-para-madrinas-y-padrinos","status":"publish","type":"product","link":"https:\/\/manosinkietas.com\/en\/product\/placas-de-madera-para-madrinas-y-padrinos\/","title":{"rendered":"Placas de Madera Para Madrinas y Padrinos"},"content":{"rendered":"<p>Preciosas placas de madera y metacrilato oro espejo, perfectas para regalar a las Madrinas y los Padrinos, tanto de Bautizo como de Boda.<\/p>\n<p>Estas hermosas placas de madera traer un ramillete con los tonos de colores que desees. Asimismo, puedes poner el nombre de la Madrina y el Padrino en la pieza y la puedes colgar con una cinta de terciopelo a juego con el ramillete.<\/p>\n<p>Dimensiones:<\/p>\n<p>20 cm de di\u00e1metro.<\/p>\n<p>El detalle perfecto para los padrinos de tu evento.<\/p>\n<p>*****************************************<\/p>\n<p>Por favor, preg\u00fantanos si tienes alguna duda acerca de nuestros productos. Estamos felices de atenderte.<\/p>\n<p>Recordatorio: esta es una peque\u00f1a tienda de emprendedores y el tiempo invertido en crear nuestras piezas \u00fanicas tambi\u00e9n tiene valor.<\/p>\n<p>\u00bfTe gustan nuestros productos? Echa un vistazo a la tienda:<\/p>\n<p>&nbsp;<\/p>","protected":false},"excerpt":{"rendered":"<p>Preciosas placas de madera y metacrilato oro espejo, perfectas para regalar a las Madrinas y los Padrinos, tanto de Bautizo como de Boda.<\/p>","protected":false},"featured_media":12725,"comment_status":"open","ping_status":"closed","template":"","meta":{"_acf_changed":false},"product_brand":[],"product_cat":[701],"product_tag":[927,874,1684,1683,1682,1215,1681,1216,90,1207,1685,1686,1675,1676,1677,1678,1680,1679],"filtro_producto":[1687,149],"class_list":{"0":"post-12722","1":"product","2":"type-product","3":"status-publish","4":"has-post-thumbnail","6":"product_cat-placas-personalizadas","7":"product_tag-bautizo","8":"product_tag-boda","9":"product_tag-detalle-para-madrina","10":"product_tag-detalle-para-padrino","11":"product_tag-madrina-de-bautizo","12":"product_tag-madrina-de-boda","13":"product_tag-padrino-de-bautizo","14":"product_tag-padrino-de-boda","15":"product_tag-placa-de-madera","16":"product_tag-placa-de-madera-con-flores-preservadas","17":"product_tag-placa-de-madera-para-madrina","18":"product_tag-placa-de-madera-para-padrino","19":"product_tag-placa-para-madrina","20":"product_tag-placa-para-madrinas","21":"product_tag-placa-para-padrino","22":"product_tag-placa-para-padrinos","23":"product_tag-regalo-para-madrina","24":"product_tag-regalo-para-padrino","25":"product_shipping_class-cc","26":"filtro_producto-lo-m","27":"filtro_producto-mas-vendido","29":"first","30":"instock","31":"featured","32":"taxable","33":"shipping-taxable","34":"purchasable","35":"product-type-simple"},"acf":[],"aioseo_notices":[],"_links":{"self":[{"href":"https:\/\/manosinkietas.com\/en\/wp-json\/wp\/v2\/product\/12722","targetHints":{"allow":["GET"]}}],"collection":[{"href":"https:\/\/manosinkietas.com\/en\/wp-json\/wp\/v2\/product"}],"about":[{"href":"https:\/\/manosinkietas.com\/en\/wp-json\/wp\/v2\/types\/product"}],"replies":[{"embeddable":true,"href":"https:\/\/manosinkietas.com\/en\/wp-json\/wp\/v2\/comments?post=12722"}],"version-history":[{"count":1,"href":"https:\/\/manosinkietas.com\/en\/wp-json\/wp\/v2\/product\/12722\/revisions"}],"predecessor-version":[{"id":12733,"href":"https:\/\/manosinkietas.com\/en\/wp-json\/wp\/v2\/product\/12722\/revisions\/12733"}],"wp:featuredmedia":[{"embeddable":true,"href":"https:\/\/manosinkietas.com\/en\/wp-json\/wp\/v2\/media\/12725"}],"wp:attachment":[{"href":"https:\/\/manosinkietas.com\/en\/wp-json\/wp\/v2\/media?parent=12722"}],"wp:term":[{"taxonomy":"product_brand","embeddable":true,"href":"https:\/\/manosinkietas.com\/en\/wp-json\/wp\/v2\/product_brand?post=12722"},{"taxonomy":"product_cat","embeddable":true,"href":"https:\/\/manosinkietas.com\/en\/wp-json\/wp\/v2\/product_cat?post=12722"},{"taxonomy":"product_tag","embeddable":true,"href":"https:\/\/manosinkietas.com\/en\/wp-json\/wp\/v2\/product_tag?post=12722"},{"taxonomy":"filtro_producto","embeddable":true,"href":"https:\/\/manosinkietas.com\/en\/wp-json\/wp\/v2\/filtro_producto?post=12722"}],"curies":[{"name":"wp","href":"https:\/\/api.w.org\/{rel}","templated":true}]}}