{"id":12712,"date":"2026-05-01T11:34:02","date_gmt":"2026-05-01T09:34:02","guid":{"rendered":"https:\/\/manosinkietas.com\/?post_type=product&#038;p=12712"},"modified":"2026-05-01T11:34:02","modified_gmt":"2026-05-01T09:34:02","slug":"florero-magnetico-de-madera-y-cristal-para-mama","status":"publish","type":"product","link":"https:\/\/manosinkietas.com\/en\/product\/florero-magnetico-de-madera-y-cristal-para-mama\/","title":{"rendered":"Florero Magn\u00e9tico de Madera y Cristal"},"content":{"rendered":"<p>Bonito y original florero magn\u00e9tico de madera y cristal especial para el D\u00eda de las Madres. Cada florero magn\u00e9tico tiene un peque\u00f1o recipiente de cristal para colocar flores en \u00e9l.<\/p>\n<p>Cada florero trae un cuadrado de madera y un peque\u00f1o jarr\u00f3n de cristal parecido a un tubo de ensayo. Es un bonito jarr\u00f3n flotante. Est\u00e1n decorados para poner las flores que recojas para mam\u00e1 y traen unas flores de metacrilato rosa \/ malva \/ lila con la frase: Mam\u00e1, eres la flor m\u00e1s bonita.<\/p>\n<p>Dimensiones:<\/p>\n<p>10cm de alto x 3,5cm de ancho<\/p>\n<p>Dimensiones de la flor de metacrilato:<\/p>\n<p>3,65cm x 3,75cm<\/p>\n<p>Un detalle perfecto para mam\u00e1<\/p>\n<p>*****************************************<\/p>\n<p>Por favor, preg\u00fantanos si tienes alguna duda acerca de nuestros productos. Estamos felices de atenderte.<\/p>\n<p>Recordatorio: esta es una peque\u00f1a tienda de emprendedores y el tiempo invertido en crear nuestras piezas \u00fanicas tambi\u00e9n tiene valor.<\/p>\n<p>\u00bfTe gustan nuestros productos? Echa un vistazo a la tienda:<\/p>","protected":false},"excerpt":{"rendered":"<p>Bonito y original florero magn\u00e9tico de madera y cristal especial para el D\u00eda de las Madres. Cada florero magn\u00e9tico tiene un peque\u00f1o recipiente de cristal para colocar flores en \u00e9l.<\/p>","protected":false},"featured_media":12715,"comment_status":"open","ping_status":"closed","template":"","meta":{"_acf_changed":false},"product_brand":[],"product_cat":[703],"product_tag":[1666,1049,1674,868,83,84,1655,870,1671,1672,805,806,807,1298,1664,85,1673,284],"filtro_producto":[],"class_list":{"0":"post-12712","1":"product","2":"type-product","3":"status-publish","4":"has-post-thumbnail","6":"product_cat-menaje","7":"product_tag-detalle-para-el-dia-de-las-madres","8":"product_tag-detalle-para-mama","9":"product_tag-detalles-para-el-dia-de-las-madres","10":"product_tag-detalles-para-mama","11":"product_tag-dia-de-la-madre","12":"product_tag-dia-de-las-madres","13":"product_tag-eres-la-flor-mas-bonita","14":"product_tag-florero","15":"product_tag-florero-magnetico","16":"product_tag-jarron-florante","17":"product_tag-madre","18":"product_tag-madres","19":"product_tag-mama","20":"product_tag-mamas","21":"product_tag-regalo-para-el-dia-de-las-madres","22":"product_tag-regalo-para-mama","23":"product_tag-regalos-para-el-dia-de-las-madres","24":"product_tag-regalos-para-mama","26":"first","27":"instock","28":"taxable","29":"shipping-taxable","30":"purchasable","31":"product-type-simple"},"acf":[],"aioseo_notices":[],"_links":{"self":[{"href":"https:\/\/manosinkietas.com\/en\/wp-json\/wp\/v2\/product\/12712","targetHints":{"allow":["GET"]}}],"collection":[{"href":"https:\/\/manosinkietas.com\/en\/wp-json\/wp\/v2\/product"}],"about":[{"href":"https:\/\/manosinkietas.com\/en\/wp-json\/wp\/v2\/types\/product"}],"replies":[{"embeddable":true,"href":"https:\/\/manosinkietas.com\/en\/wp-json\/wp\/v2\/comments?post=12712"}],"version-history":[{"count":1,"href":"https:\/\/manosinkietas.com\/en\/wp-json\/wp\/v2\/product\/12712\/revisions"}],"predecessor-version":[{"id":12719,"href":"https:\/\/manosinkietas.com\/en\/wp-json\/wp\/v2\/product\/12712\/revisions\/12719"}],"wp:featuredmedia":[{"embeddable":true,"href":"https:\/\/manosinkietas.com\/en\/wp-json\/wp\/v2\/media\/12715"}],"wp:attachment":[{"href":"https:\/\/manosinkietas.com\/en\/wp-json\/wp\/v2\/media?parent=12712"}],"wp:term":[{"taxonomy":"product_brand","embeddable":true,"href":"https:\/\/manosinkietas.com\/en\/wp-json\/wp\/v2\/product_brand?post=12712"},{"taxonomy":"product_cat","embeddable":true,"href":"https:\/\/manosinkietas.com\/en\/wp-json\/wp\/v2\/product_cat?post=12712"},{"taxonomy":"product_tag","embeddable":true,"href":"https:\/\/manosinkietas.com\/en\/wp-json\/wp\/v2\/product_tag?post=12712"},{"taxonomy":"filtro_producto","embeddable":true,"href":"https:\/\/manosinkietas.com\/en\/wp-json\/wp\/v2\/filtro_producto?post=12712"}],"curies":[{"name":"wp","href":"https:\/\/api.w.org\/{rel}","templated":true}]}}